{"id":775384,"date":"2025-09-09T18:41:33","date_gmt":"2025-09-09T15:41:33","guid":{"rendered":"https:\/\/roveyayinevi.com.tr\/index.php\/urun\/kuzunun-tarikati\/"},"modified":"2026-04-15T03:42:27","modified_gmt":"2026-04-15T00:42:27","slug":"kuzunun-tarikati","status":"publish","type":"product","link":"https:\/\/roveyayinevi.com.tr\/index.php\/urun\/kuzunun-tarikati\/","title":{"rendered":"Kuzunun Tarikat\u0131"},"content":{"rendered":"<p>KUZU SE\u00c7\u0130LD\u0130\u2026 KURBAN OLMAK \u0130\u00c7\u0130N. Karanl\u0131k ve zalimlikle yo\u011frulmu\u015f bir diyarda, en masum olan gen\u00e7 Kuzu, Eski Tanr\u0131lar\u2019\u0131 sonsuza dek m\u00fch\u00fcrleyecek kutsal ayin i\u00e7in feda edilmek \u00fczere se\u00e7ildi. Ama \u00f6l\u00fcm, onun sonu olmad\u0131. Ebediyetin kav\u015fa\u011f\u0131nda zincire vurulmu\u015f bir tanr\u0131, Kuzu\u2019ya ger\u00e7ekleri g\u00f6sterdi. Ona iki se\u00e7enek sundu: Hi\u00e7li\u011fe kar\u0131\u015fmak\u2026 ya da d\u00fcnyaya geri d\u00f6n\u00fcp lanetli g\u00fc\u00e7lerle yeni bir tarikat kurmak. \u015eimdi Kuzu\u2019nun \u00f6n\u00fcnde tek bir g\u00f6rev var: Eski \u0130nan\u00e7\u2019\u0131n d\u00f6rt piskoposunu devirmek, k\u00e2firleri yok etmek ve t\u00fcm yarat\u0131l\u0131\u015f \u00fczerinde yeni bir efendinin h\u00fckm\u00fcn\u00fc kurmak.   YA\u015eASIN KUZU TAR\u0130KATI!<\/p>\n","protected":false},"excerpt":{"rendered":"<p>KUZU SE\u00c7\u0130LD\u0130\u2026 KURBAN OLMAK \u0130\u00c7\u0130N. Karanl\u0131k ve zalimlikle yo\u011frulmu\u015f bir diyarda, en masum olan gen\u00e7 Kuzu, Eski Tanr\u0131lar\u2019\u0131 sonsuza dek m\u00fch\u00fcrleyecek kutsal ayin i\u00e7in feda edilmek<span class=\"excerpt-hellip\"> [\u2026]<\/span><\/p>\n","protected":false},"featured_media":0,"template":"","meta":{"_monsterinsights_skip_tracking":false,"_monsterinsights_sitenote_active":false,"_monsterinsights_sitenote_note":"","_monsterinsights_sitenote_category":0},"product_brand":[],"product_cat":[12416,12291],"product_tag":[],"class_list":{"0":"post-775384","1":"product","2":"type-product","3":"status-publish","5":"product_cat-cizgi-roman","6":"product_cat-edebiyat","7":"pa_cilt-ciltsiz","8":"pa_tur-kitap","9":"pa_yayinevi-artemis-yayinlari","10":"pa_yazar-alex-paknadel-troy-little","12":"first","13":"instock","14":"sale","15":"shipping-taxable","16":"purchasable","17":"product-type-simple"},"_links":{"self":[{"href":"https:\/\/roveyayinevi.com.tr\/index.php\/wp-json\/wp\/v2\/product\/775384","targetHints":{"allow":["GET"]}}],"collection":[{"href":"https:\/\/roveyayinevi.com.tr\/index.php\/wp-json\/wp\/v2\/product"}],"about":[{"href":"https:\/\/roveyayinevi.com.tr\/index.php\/wp-json\/wp\/v2\/types\/product"}],"wp:attachment":[{"href":"https:\/\/roveyayinevi.com.tr\/index.php\/wp-json\/wp\/v2\/media?parent=775384"}],"wp:term":[{"taxonomy":"product_brand","embeddable":true,"href":"https:\/\/roveyayinevi.com.tr\/index.php\/wp-json\/wp\/v2\/product_brand?post=775384"},{"taxonomy":"product_cat","embeddable":true,"href":"https:\/\/roveyayinevi.com.tr\/index.php\/wp-json\/wp\/v2\/product_cat?post=775384"},{"taxonomy":"product_tag","embeddable":true,"href":"https:\/\/roveyayinevi.com.tr\/index.php\/wp-json\/wp\/v2\/product_tag?post=775384"}],"curies":[{"name":"wp","href":"https:\/\/api.w.org\/{rel}","templated":true}]}}