{"id":775382,"date":"2025-09-09T18:41:29","date_gmt":"2025-09-09T15:41:29","guid":{"rendered":"https:\/\/roveyayinevi.com.tr\/index.php\/urun\/kuresel-isinma-2\/"},"modified":"2026-04-15T03:42:27","modified_gmt":"2026-04-15T00:42:27","slug":"kuresel-isinma-2","status":"publish","type":"product","link":"https:\/\/roveyayinevi.com.tr\/index.php\/urun\/kuresel-isinma-2\/","title":{"rendered":"K\u00fcresel Is\u0131nma"},"content":{"rendered":"<p>D\u00fcnya tarihinde en az be\u015f b\u00fcy\u00fck yok olu\u015f ya\u015fand\u0131. Bu kez ise, alt\u0131nc\u0131 yok olu\u015fun nedeni ne g\u00f6ky\u00fcz\u00fc ne de yerin alt\u0131ndan geliyor. Bu defa yok olu\u015fun sorumlusu bizzat insan\u2026 Nedeni ise \u00e7evre kirlili\u011fi ve \u00f6zellikle k\u00fcresel \u0131s\u0131nma. 1950\u2019li y\u0131llarda denize d\u00f6k\u00fclen, deniz canl\u0131lar\u0131n\u0131n tan\u0131mad\u0131\u011f\u0131 zehirli kimyasal maddelerin miktar\u0131 1 milyon tondu. 2025 y\u0131l\u0131na gelindi\u011finde bu miktar 650 milyon tona ula\u015ft\u0131. D\u00fcnyan\u0131n \u0131s\u0131 d\u00fczenlemesini, tuttu\u011fu karbondioksitle sa\u011flayan resiflerin %30\u2019u bu kimyasallar nedeniyle yok oldu. D\u00fcnyadaki s\u0131cakl\u0131\u011f\u0131n g\u00fcvenli s\u0131n\u0131rlar i\u00e7inde tutulabilece\u011fi en y\u00fcksek karbondioksit miktar\u0131 380 partik\u00fcld\u00fcr. Ancak g\u00fcn\u00fcm\u00fczde bu oran 410 ile 453 ppm aras\u0131nda seyrediyor. Atmosfer h\u0131zla \u0131s\u0131n\u0131yor; kutuplardaki ve da\u011flardaki buzlar eriyor. Bu durum, 4 milyar insan\u0131 ya\u015fad\u0131\u011f\u0131 k\u0131y\u0131 b\u00f6lgeleri tehdit ediyor. Atmosfer olaylar\u0131 felaketin kap\u0131m\u0131zda oldu\u011funu g\u00f6steriyor. Her g\u00fcn \u00e7e\u015fitli \u00fclkelerden iklimsel y\u0131k\u0131m haberleri al\u0131n\u0131yor. 2035 y\u0131l\u0131na gelindi\u011finde, Hindistan, Pakistan ve Banglade\u015f\u2019i besleyen Ganj ve \u0130ndus Nehirlerinin kurumas\u0131 bekleniyor. Bunun sonucunda en az 1,5 milyar insan\u0131n g\u00f6\u00e7 etmek zorunda kalaca\u011f\u0131 \u00f6ng\u00f6r\u00fcl\u00fcyor. Bu rakama \u0130ran, T\u00fcrkiye, Yunanistan, G\u00fcney Fransa ve \u0130spanya gibi \u00fclkeler dahil de\u011fil. Bu kitap, zaman\u0131m\u0131z\u0131n t\u00fckenmekte oldu\u011funu; 2035 y\u0131l\u0131ndan sonra insanl\u0131k ve d\u00fcnya tarihinde hi\u00e7 g\u00f6r\u00fclmemi\u015f y\u0131k\u0131mlar ba\u015flayabilece\u011fini; 9 milyar insandan 7 milyar\u0131n\u0131n risk alt\u0131nda olabilece\u011fini bilimsel veri ve bulgularla anlatmay\u0131 ama\u00e7l\u0131yor. G\u00fcne\u015f sistemimizde ve Evrende yerle\u015febilece\u011fimiz ba\u015fka bir yer yok. Belki \u00e7ekilen bir evrensel piyangoda en b\u00fcy\u00fck ikramiye d\u00fcnyaya \u00e7\u0131km\u0131\u015f olabilir. De\u011ferini bilin. Hayal g\u00f6rmeyin, duyars\u0131z kalmay\u0131n. El birli\u011fiyle en az 100 milyon canl\u0131n\u0131n yuvas\u0131n\u0131 kurtarmaya \u00e7al\u0131\u015fal\u0131m. Gerekli \u00f6zeni g\u00f6sterirsek, bu gezegen bize 7 milyar y\u0131l daha yuva olabilir. Tercih sizin.<\/p>\n","protected":false},"excerpt":{"rendered":"<p>D\u00fcnya tarihinde en az be\u015f b\u00fcy\u00fck yok olu\u015f ya\u015fand\u0131. Bu kez ise, alt\u0131nc\u0131 yok olu\u015fun nedeni ne g\u00f6ky\u00fcz\u00fc ne de yerin alt\u0131ndan geliyor. Bu defa yok<span class=\"excerpt-hellip\"> [\u2026]<\/span><\/p>\n","protected":false},"featured_media":0,"template":"","meta":{"_monsterinsights_skip_tracking":false,"_monsterinsights_sitenote_active":false,"_monsterinsights_sitenote_note":"","_monsterinsights_sitenote_category":0},"product_brand":[],"product_cat":[13005,13006],"product_tag":[],"class_list":{"0":"post-775382","1":"product","2":"type-product","3":"status-publish","5":"product_cat-bilim-muhendislik","6":"product_cat-populer-bilim","7":"pa_cilt-ciltsiz","8":"pa_tur-kitap","9":"pa_yayinevi-akil-celen-kitaplar","10":"pa_yazar-ali-demirsoy","12":"first","13":"instock","14":"sale","15":"shipping-taxable","16":"purchasable","17":"product-type-simple"},"_links":{"self":[{"href":"https:\/\/roveyayinevi.com.tr\/index.php\/wp-json\/wp\/v2\/product\/775382","targetHints":{"allow":["GET"]}}],"collection":[{"href":"https:\/\/roveyayinevi.com.tr\/index.php\/wp-json\/wp\/v2\/product"}],"about":[{"href":"https:\/\/roveyayinevi.com.tr\/index.php\/wp-json\/wp\/v2\/types\/product"}],"wp:attachment":[{"href":"https:\/\/roveyayinevi.com.tr\/index.php\/wp-json\/wp\/v2\/media?parent=775382"}],"wp:term":[{"taxonomy":"product_brand","embeddable":true,"href":"https:\/\/roveyayinevi.com.tr\/index.php\/wp-json\/wp\/v2\/product_brand?post=775382"},{"taxonomy":"product_cat","embeddable":true,"href":"https:\/\/roveyayinevi.com.tr\/index.php\/wp-json\/wp\/v2\/product_cat?post=775382"},{"taxonomy":"product_tag","embeddable":true,"href":"https:\/\/roveyayinevi.com.tr\/index.php\/wp-json\/wp\/v2\/product_tag?post=775382"}],"curies":[{"name":"wp","href":"https:\/\/api.w.org\/{rel}","templated":true}]}}