{"id":775379,"date":"2025-09-09T18:41:24","date_gmt":"2025-09-09T15:41:24","guid":{"rendered":"https:\/\/roveyayinevi.com.tr\/index.php\/urun\/uzay-gunlukleri\/"},"modified":"2025-09-11T17:18:47","modified_gmt":"2025-09-11T14:18:47","slug":"uzay-gunlukleri","status":"publish","type":"product","link":"https:\/\/roveyayinevi.com.tr\/index.php\/urun\/uzay-gunlukleri\/","title":{"rendered":"Uzay G\u00fcnl\u00fckleri"},"content":{"rendered":"<p>Uzay G\u00fcnl\u00fckleriBinlerce y\u0131ld\u0131r insanlar evrende yaln\u0131z olmad\u0131klar\u0131n\u0131 d\u00fc\u015f\u00fcnd\u00fc. O uzak y\u0131ld\u0131zlarda neler oldu\u011funu, nas\u0131l ya\u015fanaca\u011f\u0131n\u0131 bilmek istediler. \u0130\u015fte bu merak, bu hik\u00e2yenin temeli oldu. D\u00fcnyam\u0131z\u0131 ziyaret eden ba\u015fka gezegenlerde ya\u015fayan birileri olmu\u015f muydu? Peki, ya d\u00fcnyan\u0131n \u00e7e\u015fitli medeniyetlerinin hik\u00e2yelerinde ad\u0131 ge\u00e7en tanr\u0131lar, ba\u015fka y\u0131ld\u0131zlardan gelen ve \u00fcst\u00fcn teknolojilere sahip uzayl\u0131 gezginler olabilir miydi? Bu kitap bu sorulara kendi yolunu se\u00e7ip cevap arayaca\u011f\u0131n bir maceraya at\u0131lman\u0131 sa\u011flayacak. Umar\u0131m yolunu dikkatli se\u00e7ersin ve e\u011flenirsin. Y\u0131ld\u0131z yolun a\u00e7\u0131k olsun&#8230;<\/p>\n","protected":false},"excerpt":{"rendered":"<p>Uzay G\u00fcnl\u00fckleriBinlerce y\u0131ld\u0131r insanlar evrende yaln\u0131z olmad\u0131klar\u0131n\u0131 d\u00fc\u015f\u00fcnd\u00fc. O uzak y\u0131ld\u0131zlarda neler oldu\u011funu, nas\u0131l ya\u015fanaca\u011f\u0131n\u0131 bilmek istediler. \u0130\u015fte bu merak, bu hik\u00e2yenin temeli oldu. D\u00fcnyam\u0131z\u0131 ziyaret<span class=\"excerpt-hellip\"> [\u2026]<\/span><\/p>\n","protected":false},"featured_media":0,"template":"","meta":{"_monsterinsights_skip_tracking":false,"_monsterinsights_sitenote_active":false,"_monsterinsights_sitenote_note":"","_monsterinsights_sitenote_category":0},"product_brand":[],"product_cat":[12364,12376],"product_tag":[],"class_list":{"0":"post-775379","1":"product","2":"type-product","3":"status-publish","5":"product_cat-genel-konular","6":"product_cat-kisisel-gelisim","7":"pa_cilt-ciltsiz","8":"pa_tur-kitap","9":"pa_yayinevi-md-basim","10":"pa_yazar-cenk-balikci","12":"first","13":"instock","14":"sale","15":"shipping-taxable","16":"purchasable","17":"product-type-simple"},"_links":{"self":[{"href":"https:\/\/roveyayinevi.com.tr\/index.php\/wp-json\/wp\/v2\/product\/775379","targetHints":{"allow":["GET"]}}],"collection":[{"href":"https:\/\/roveyayinevi.com.tr\/index.php\/wp-json\/wp\/v2\/product"}],"about":[{"href":"https:\/\/roveyayinevi.com.tr\/index.php\/wp-json\/wp\/v2\/types\/product"}],"wp:attachment":[{"href":"https:\/\/roveyayinevi.com.tr\/index.php\/wp-json\/wp\/v2\/media?parent=775379"}],"wp:term":[{"taxonomy":"product_brand","embeddable":true,"href":"https:\/\/roveyayinevi.com.tr\/index.php\/wp-json\/wp\/v2\/product_brand?post=775379"},{"taxonomy":"product_cat","embeddable":true,"href":"https:\/\/roveyayinevi.com.tr\/index.php\/wp-json\/wp\/v2\/product_cat?post=775379"},{"taxonomy":"product_tag","embeddable":true,"href":"https:\/\/roveyayinevi.com.tr\/index.php\/wp-json\/wp\/v2\/product_tag?post=775379"}],"curies":[{"name":"wp","href":"https:\/\/api.w.org\/{rel}","templated":true}]}}