{"id":775368,"date":"2025-09-09T18:41:05","date_gmt":"2025-09-09T15:41:05","guid":{"rendered":"https:\/\/roveyayinevi.com.tr\/index.php\/urun\/henry-james-kadinlari-ve-sanati\/"},"modified":"2026-04-15T03:42:27","modified_gmt":"2026-04-15T00:42:27","slug":"henry-james-kadinlari-ve-sanati","status":"publish","type":"product","link":"https:\/\/roveyayinevi.com.tr\/index.php\/urun\/henry-james-kadinlari-ve-sanati\/","title":{"rendered":"Henry James Kad\u0131nlar\u0131 ve Sanat\u0131"},"content":{"rendered":"<p>Henry James: Kad\u0131nlar\u0131 ve Sanat\u0131, 19. y\u00fczy\u0131l Amerikan edebiyat\u0131n\u0131n en \u00f6nemli yazarlar\u0131ndan Henry James\u2019in ya\u015fam\u0131n\u0131 ve yap\u0131tlar\u0131n\u0131, hayat\u0131nda belirleyici rol oynayan iki kad\u0131nla ili\u015fkisi \u00fczerinden \u00f6zg\u00fcn bir bak\u0131\u015fla inceliyor. Usta biyografi yazar\u0131 Lyndall Gordon, James\u2019in gen\u00e7 ya\u015fta hayat\u0131n\u0131 kaybeden kuzeni Minny Temple ile Amerikal\u0131 yazar Constance Fenimore Woolson\u2019la kurdu\u011fu karma\u015f\u0131k ve dramatik ili\u015fkiyi g\u00fcn \u0131\u015f\u0131\u011f\u0131na \u00e7\u0131kar\u0131yor. Bu iki kad\u0131n, James i\u00e7in hem ilham kayna\u011f\u0131 hem de \u00f6l\u00fcmlerinden sonra dahi zihninde ya\u015famay\u0131 s\u00fcrd\u00fcren yarat\u0131c\u0131 yol arkada\u015flar\u0131 olarak anlat\u0131ya y\u00f6n veriyor. Lyndall Gordon, Minny\u2019e dair hat\u0131ralar, Fenimore\u2019la y\u00fcr\u00fct\u00fclen uzun s\u00fcreli mektupla\u015fmalar ve iki kad\u0131n\u0131n kendi yaz\u0131nsal \u00fcretimleriyle James\u2019in eserleri aras\u0131nda diyalog kurarken James\u2019in ailesi ve \u00e7evresiyle kurdu\u011fu ili\u015fkiyi de ara\u015ft\u0131r\u0131yor. Tan\u0131kl\u0131klar, mektuplar ve ar\u015fiv belgelerine dayanan bu derinlikli biyografi, James\u2019in ya\u015fam\u0131 ile sanat\u0131 aras\u0131ndaki ba\u011f\u0131n izini s\u00fcrerek \u201cyaln\u0131z deha\u201d imgesini sorguluyor, ba\u015fkalar\u0131yla etkile\u015fim i\u00e7inde d\u00fc\u015f\u00fcnen ve \u00fcreten bir sanat\u00e7\u0131 portresini \u00f6ne \u00e7\u0131kar\u0131yor.   \u201cHarikulade canl\u0131\u2026 M\u00fckemmel bir fikir\u2026 Al\u0131\u015f\u0131lmad\u0131k, sars\u0131c\u0131, son derece keyifli bir metin.\u201d \u2014Philip Horne, Guardian   \u201cGordon\u2019\u0131n biyografiye yakla\u015f\u0131m\u0131 yarat\u0131c\u0131 ve cesur. Ortaya \u00e7\u0131kan eser, biyografi t\u00fcr\u00fc i\u00e7in yol g\u00f6steren ihti\u015faml\u0131 ve \u00f6nemli bir kitap.\u201d \u2014Kathryn Hughes, Literary Review  <\/p>\n","protected":false},"excerpt":{"rendered":"<p>Henry James: Kad\u0131nlar\u0131 ve Sanat\u0131, 19. y\u00fczy\u0131l Amerikan edebiyat\u0131n\u0131n en \u00f6nemli yazarlar\u0131ndan Henry James\u2019in ya\u015fam\u0131n\u0131 ve yap\u0131tlar\u0131n\u0131, hayat\u0131nda belirleyici rol oynayan iki kad\u0131nla ili\u015fkisi \u00fczerinden \u00f6zg\u00fcn<span class=\"excerpt-hellip\"> [\u2026]<\/span><\/p>\n","protected":false},"featured_media":0,"template":"","meta":{"_monsterinsights_skip_tracking":false,"_monsterinsights_sitenote_active":false,"_monsterinsights_sitenote_note":"","_monsterinsights_sitenote_category":0},"product_brand":[],"product_cat":[141304],"product_tag":[],"class_list":{"0":"post-775368","1":"product","2":"type-product","3":"status-publish","5":"product_cat-yeni-cikanlar","6":"pa_cilt-ciltsiz","7":"pa_tur-kitap","8":"pa_yayinevi-alfa-yayinlari","9":"pa_yazar-lyndall-gordon","11":"first","12":"instock","13":"sale","14":"shipping-taxable","15":"purchasable","16":"product-type-simple"},"_links":{"self":[{"href":"https:\/\/roveyayinevi.com.tr\/index.php\/wp-json\/wp\/v2\/product\/775368","targetHints":{"allow":["GET"]}}],"collection":[{"href":"https:\/\/roveyayinevi.com.tr\/index.php\/wp-json\/wp\/v2\/product"}],"about":[{"href":"https:\/\/roveyayinevi.com.tr\/index.php\/wp-json\/wp\/v2\/types\/product"}],"wp:attachment":[{"href":"https:\/\/roveyayinevi.com.tr\/index.php\/wp-json\/wp\/v2\/media?parent=775368"}],"wp:term":[{"taxonomy":"product_brand","embeddable":true,"href":"https:\/\/roveyayinevi.com.tr\/index.php\/wp-json\/wp\/v2\/product_brand?post=775368"},{"taxonomy":"product_cat","embeddable":true,"href":"https:\/\/roveyayinevi.com.tr\/index.php\/wp-json\/wp\/v2\/product_cat?post=775368"},{"taxonomy":"product_tag","embeddable":true,"href":"https:\/\/roveyayinevi.com.tr\/index.php\/wp-json\/wp\/v2\/product_tag?post=775368"}],"curies":[{"name":"wp","href":"https:\/\/api.w.org\/{rel}","templated":true}]}}