{"id":775366,"date":"2025-09-09T18:41:02","date_gmt":"2025-09-09T15:41:02","guid":{"rendered":"https:\/\/roveyayinevi.com.tr\/index.php\/urun\/bunu-atlatacaksin\/"},"modified":"2026-04-15T03:42:26","modified_gmt":"2026-04-15T00:42:26","slug":"bunu-atlatacaksin","status":"publish","type":"product","link":"https:\/\/roveyayinevi.com.tr\/index.php\/urun\/bunu-atlatacaksin\/","title":{"rendered":"Bunu Atlatacaks\u0131n"},"content":{"rendered":"<p>Randevu alma zorlu\u011fu, y\u00fcksek terapi \u00fccretleri, kulaktan kula\u011fa dola\u015fan yanl\u0131\u015f ve eksik bilgiler\u2026 Kaliteli ve eri\u015filebilir ruh sa\u011fl\u0131\u011f\u0131 hizmetlerinin \u00f6n\u00fcndeki engeller hi\u00e7 olmad\u0131\u011f\u0131 kadar fazla fakat ruh sa\u011fl\u0131\u011f\u0131n\u0131z k\u00f6t\u00fcye gitmeden kolayca ula\u015fabilece\u011finiz size rehberlik edecek kitaplar var! \u00dc\u00e7 deneyimli terapist taraf\u0131ndan kaleme al\u0131nan ve onlar\u0131n dan\u0131\u015fanlar\u0131na \u00f6\u011frettikleri ba\u015fa \u00e7\u0131kma stratejilerine dayanan bu kitap, zor zamanlardan ge\u00e7en herkes i\u00e7in paha bi\u00e7ilmez bir kaynak. \u0130ster kendiniz zorluk ya\u015f\u0131yor olun ister bir yak\u0131n\u0131n\u0131za destek olmay\u0131 isteyin; bu kitapta, yirmiden fazla yayg\u0131n ruhsal sorunlar\u0131n etkileriyle ba\u015fa \u00e7\u0131kman\u0131za yard\u0131mc\u0131 olacak b\u00fct\u00fcnc\u00fcl bir yakla\u015f\u0131m bulacaks\u0131n\u0131z: \u2022 Konuyla ilgili ara\u015ft\u0131rmalar ve sonu\u00e7lar\u0131 \u2022 Ger\u00e7ek terapi odalar\u0131nda kullan\u0131lan ba\u015fa \u00e7\u0131kma mekanizmalar\u0131 \u2022 Bu stratejileri ger\u00e7ek hayatta kullanma konusunda ad\u0131m ad\u0131m rehberlik \u2022 Sevdiklerinizle bu konu hakk\u0131nda ileti\u015fim kurmak i\u00e7in ipu\u00e7lar\u0131 Bunu Atlatacaks\u0131n, depresyon, anksiyete, panik bozukluk, DEHB ve uyku d\u00fczensizlikleri gibi zorluklar\u0131 y\u00f6netebilmek i\u00e7in ara\u015ft\u0131rmalarla kan\u0131tlanm\u0131\u015f stratejiler i\u00e7eren, ruh sa\u011fl\u0131\u011f\u0131n\u0131z\u0131 korumaya yard\u0131mc\u0131 olacak kapsaml\u0131 bir rehber. <\/p>\n","protected":false},"excerpt":{"rendered":"<p>Randevu alma zorlu\u011fu, y\u00fcksek terapi \u00fccretleri, kulaktan kula\u011fa dola\u015fan yanl\u0131\u015f ve eksik bilgiler\u2026 Kaliteli ve eri\u015filebilir ruh sa\u011fl\u0131\u011f\u0131 hizmetlerinin \u00f6n\u00fcndeki engeller hi\u00e7 olmad\u0131\u011f\u0131 kadar fazla fakat<span class=\"excerpt-hellip\"> [\u2026]<\/span><\/p>\n","protected":false},"featured_media":0,"template":"","meta":{"_monsterinsights_skip_tracking":false,"_monsterinsights_sitenote_active":false,"_monsterinsights_sitenote_note":"","_monsterinsights_sitenote_category":0},"product_brand":[],"product_cat":[20502,12357],"product_tag":[],"class_list":{"0":"post-775366","1":"product","2":"type-product","3":"status-publish","5":"product_cat-basvuru-kitaplari-psikoloji","6":"product_cat-psikoloji","7":"pa_cilt-ciltsiz","8":"pa_tur-kitap","9":"pa_yayinevi-mona-kitap","10":"pa_yazar-kolektif","12":"first","13":"instock","14":"sale","15":"shipping-taxable","16":"purchasable","17":"product-type-simple"},"_links":{"self":[{"href":"https:\/\/roveyayinevi.com.tr\/index.php\/wp-json\/wp\/v2\/product\/775366","targetHints":{"allow":["GET"]}}],"collection":[{"href":"https:\/\/roveyayinevi.com.tr\/index.php\/wp-json\/wp\/v2\/product"}],"about":[{"href":"https:\/\/roveyayinevi.com.tr\/index.php\/wp-json\/wp\/v2\/types\/product"}],"wp:attachment":[{"href":"https:\/\/roveyayinevi.com.tr\/index.php\/wp-json\/wp\/v2\/media?parent=775366"}],"wp:term":[{"taxonomy":"product_brand","embeddable":true,"href":"https:\/\/roveyayinevi.com.tr\/index.php\/wp-json\/wp\/v2\/product_brand?post=775366"},{"taxonomy":"product_cat","embeddable":true,"href":"https:\/\/roveyayinevi.com.tr\/index.php\/wp-json\/wp\/v2\/product_cat?post=775366"},{"taxonomy":"product_tag","embeddable":true,"href":"https:\/\/roveyayinevi.com.tr\/index.php\/wp-json\/wp\/v2\/product_tag?post=775366"}],"curies":[{"name":"wp","href":"https:\/\/api.w.org\/{rel}","templated":true}]}}