{"id":775357,"date":"2025-09-09T18:40:48","date_gmt":"2025-09-09T15:40:48","guid":{"rendered":"https:\/\/roveyayinevi.com.tr\/index.php\/urun\/mutlulugun-7-formulu-bir-iyimserin-gunlugunden-notlar\/"},"modified":"2026-04-13T03:37:20","modified_gmt":"2026-04-13T00:37:20","slug":"mutlulugun-7-formulu-bir-iyimserin-gunlugunden-notlar","status":"publish","type":"product","link":"https:\/\/roveyayinevi.com.tr\/index.php\/urun\/mutlulugun-7-formulu-bir-iyimserin-gunlugunden-notlar\/","title":{"rendered":"Mutlulu\u011fun 7 Form\u00fcl\u00fc: Bir \u0130yimserin G\u00fcnl\u00fc\u011f\u00fcnden Notlar"},"content":{"rendered":"<p>Mutlulu\u011fun formu\u0308lu\u0308 var m\u0131d\u0131r? Hepimizin akl\u0131ndan ge\u00e7en, \u00f6zellikle zor zamanlarda bizi resmen a\u011f\u0131na du\u0308\u015fu\u0308ren bir soru bu. Kendimizi sorgulatan, yer yer ba\u015fkalar\u0131yla k\u0131yaslatan ve en sonunda yine \u00e7\u0131k\u0131\u015f\u0131 olmayan bir yere su\u0308ru\u0308kleyen, cevab\u0131n\u0131 asla bulamad\u0131\u011f\u0131m\u0131z tu\u0308rden u\u0308stelik. Mutlu olmak i\u00e7in kendi \u00e7evremize \u00f6rdu\u0308\u011fu\u0308mu\u0308z duvarlar \u00f6ylesine geni\u015fler ki i\u00e7ine hapsoluruz ve \u00e7\u0131kamayaca\u011f\u0131m\u0131z\u0131,  hayat\u0131m\u0131za b\u00f6yle devam etmek zorunda kalaca\u011f\u0131m\u0131z\u0131 du\u0308\u015fu\u0308nu\u0308ru\u0308z. Peki ya mutlulu\u011fa hi\u00e7 farkl\u0131 a\u00e7\u0131lardan bakmay\u0131 denediniz mi? Yaln\u0131zca duygusal olarak de\u011fil; hem fiziksel hem de ruhsal a\u00e7\u0131dan bak\u0131p bamba\u015fka du\u0308nyalar\u0131 da g\u00f6rdu\u0308nu\u0308z mu\u0308? Mutlulu\u011fun du\u0308nyas\u0131na hi\u00e7 ba\u015fkas\u0131n\u0131n penceresinden bakt\u0131n\u0131z m\u0131? Hayat\u0131n\u0131zdaki en basit anlar size \u201cke\u015fke sonsuza dek bu anda kalabilsem\u201d duygusu verdi mi? Kendinizde de\u011fi\u015ftirmek istedi\u011finiz ancak bir tu\u0308rlu\u0308 ad\u0131m atamad\u0131\u011f\u0131n\u0131z, belirleyip de ula\u015famad\u0131\u011f\u0131n\u0131z ve bundan \u00f6tu\u0308ru\u0308 u\u0308zu\u0308ntu\u0308 duydu\u011funuz hedefleriniz oldu mu? \u201cTamam art\u0131k, hayat\u0131m\u0131 de\u011fi\u015ftiriyorum!\u201d deyip de pes etti\u011finiz? Merak etmeyin, bu yolculukta yaln\u0131z de\u011filsiniz. Hepimiz benzer yollardan yu\u0308ru\u0308yoruz ancak farkl\u0131 \u00e7i\u00e7ekleri kokluyor, benzersiz sularda yu\u0308zu\u0308yoruz. Daha fazla u\u0308zu\u0308lmenize gerek yok; bu kitapta arad\u0131\u011f\u0131n\u0131z sorular\u0131n yan\u0131t\u0131n\u0131 ve daha fazlas\u0131n\u0131 bulacaks\u0131n\u0131z. Mutlu olmak istiyor ve mutlulu\u011fun formu\u0308llerini mi ar\u0131yorsunuz? Hemen ilk sayfay\u0131 \u00e7evirmeye ba\u015flay\u0131n.<\/p>\n","protected":false},"excerpt":{"rendered":"<p>Mutlulu\u011fun formu\u0308lu\u0308 var m\u0131d\u0131r? Hepimizin akl\u0131ndan ge\u00e7en, \u00f6zellikle zor zamanlarda bizi resmen a\u011f\u0131na du\u0308\u015fu\u0308ren bir soru bu. Kendimizi sorgulatan, yer yer ba\u015fkalar\u0131yla k\u0131yaslatan ve en sonunda<span class=\"excerpt-hellip\"> [\u2026]<\/span><\/p>\n","protected":false},"featured_media":0,"template":"","meta":{"_monsterinsights_skip_tracking":false,"_monsterinsights_sitenote_active":false,"_monsterinsights_sitenote_note":"","_monsterinsights_sitenote_category":0},"product_brand":[],"product_cat":[12364,12376],"product_tag":[],"class_list":{"0":"post-775357","1":"product","2":"type-product","3":"status-publish","5":"product_cat-genel-konular","6":"product_cat-kisisel-gelisim","7":"pa_cilt-ciltsiz","8":"pa_tur-kitap","9":"pa_yayinevi-dusbaz-kitaplar","10":"pa_yazar-gyles-brandreth","12":"first","13":"instock","14":"sale","15":"shipping-taxable","16":"purchasable","17":"product-type-simple"},"_links":{"self":[{"href":"https:\/\/roveyayinevi.com.tr\/index.php\/wp-json\/wp\/v2\/product\/775357","targetHints":{"allow":["GET"]}}],"collection":[{"href":"https:\/\/roveyayinevi.com.tr\/index.php\/wp-json\/wp\/v2\/product"}],"about":[{"href":"https:\/\/roveyayinevi.com.tr\/index.php\/wp-json\/wp\/v2\/types\/product"}],"wp:attachment":[{"href":"https:\/\/roveyayinevi.com.tr\/index.php\/wp-json\/wp\/v2\/media?parent=775357"}],"wp:term":[{"taxonomy":"product_brand","embeddable":true,"href":"https:\/\/roveyayinevi.com.tr\/index.php\/wp-json\/wp\/v2\/product_brand?post=775357"},{"taxonomy":"product_cat","embeddable":true,"href":"https:\/\/roveyayinevi.com.tr\/index.php\/wp-json\/wp\/v2\/product_cat?post=775357"},{"taxonomy":"product_tag","embeddable":true,"href":"https:\/\/roveyayinevi.com.tr\/index.php\/wp-json\/wp\/v2\/product_tag?post=775357"}],"curies":[{"name":"wp","href":"https:\/\/api.w.org\/{rel}","templated":true}]}}