{"id":775354,"date":"2025-09-09T18:40:43","date_gmt":"2025-09-09T15:40:43","guid":{"rendered":"https:\/\/roveyayinevi.com.tr\/index.php\/urun\/calkantili-deniz\/"},"modified":"2026-04-15T03:42:26","modified_gmt":"2026-04-15T00:42:26","slug":"calkantili-deniz","status":"publish","type":"product","link":"https:\/\/roveyayinevi.com.tr\/index.php\/urun\/calkantili-deniz\/","title":{"rendered":"\u00c7alkant\u0131l\u0131 Deniz"},"content":{"rendered":"<p>Elinizdeki kitap bilindik \u00f6yku\u0308ye, yani Osmanl\u0131 \u0130mparatorlu\u011fu\u2019nun zay\u0131flamas\u0131yla birlikte h\u00e2kimiyeti alt\u0131ndaki topraklarda ya\u015fanan sars\u0131nt\u0131lara daha geni\u015f bir \u00f6l\u00e7ekle bakmam\u0131z\u0131 sa\u011fl\u0131yor. On sekizinci yu\u0308zy\u0131ldan bu yana zay\u0131flayan \u0130slam uygarl\u0131klar\u0131 kar\u015f\u0131s\u0131nda gu\u0308\u00e7lenen Avrupa emperyalizminin ilk rekabet alan\u0131 olarak \u00f6ne \u00e7\u0131kan Akdeniz, kitab\u0131n ana sahnesi. Yazar\u0131n diliyle bu \u00c7alkant\u0131l\u0131 Deniz\u2019deki akt\u00f6rler de \u00e7e\u015fitli etnik, dinsel, tarihi ve ku\u0308ltu\u0308rel ba\u011flamlar\u0131yla Avrupa emperyalizminin yay\u0131lmac\u0131 politikalar\u0131yla yu\u0308zle\u015fecek Do\u011fu Akdeniz, Afrika ve Ortado\u011fu halklar\u0131. Eserin literatu\u0308re en bu\u0308yu\u0308k katk\u0131s\u0131 da sadece devletler ve y\u00f6neticiler u\u0308zerinden de\u011fil halklar, ki\u015filer, ekonomik, politik, etnik ve dini ba\u011flar u\u0308zerinden de ya\u015fanan geli\u015fmeleri anlamland\u0131rma \u00e7abas\u0131d\u0131r. \u00dcstelik bir dolu ayr\u0131nt\u0131y\u0131 ve geli\u015fmeyi Avrupa emperyalizmine dair makro bir \u00e7er\u00e7eve i\u00e7inde sunar.\u00c7alkant\u0131l\u0131 Deniz bu\u0308yu\u0308k ve kuvvetli bir uygarl\u0131\u011f\u0131n yani Akdeniz \u0130slam\u2019\u0131n\u0131n a\u011f\u0131r a\u011f\u0131r Akdeniz\u2019in kuzeyindeki topraklar\u0131 i\u015fgal etmi\u015f kavgac\u0131 devletlerin nu\u0308fuzu ve h\u00e2kimiyeti alt\u0131na girme \u00f6yku\u0308su\u0308nu\u0308 anlat\u0131r. Bu \u00f6yku\u0308yle, Avrupa emperyalizmi hakk\u0131nda meydan okuyan bir g\u00f6ru\u0308\u015fu\u0308 de beraberinde sunmaktad\u0131r: On dokuzuncu yu\u0308zy\u0131l\u0131n ba\u015flar\u0131ndan yirminci yu\u0308zy\u0131l\u0131n ba\u015flar\u0131na dek emperyalizmin ve emperyalist gu\u0308\u00e7ler aras\u0131 rekabetin tarihsel ve politik a\u00e7\u0131dan en \u00f6nemli alan\u0131na tan\u0131kl\u0131k etmi\u015f yer Sahra-alt\u0131 Afrika, Asya veya Pasifik de\u011fil Akdeniz ve hinterlant\u0131yd\u0131. Dolay\u0131s\u0131yla sonraki geni\u015fleme ve payla\u015fma ad\u0131mlar\u0131n\u0131n ipu\u00e7lar\u0131 ve ilk ad\u0131mlar\u0131 Akdeniz\u2019de at\u0131ld\u0131. Bu topraklarda ya\u015fanan ve kitab\u0131n ayr\u0131nt\u0131lar\u0131yla ele ald\u0131\u011f\u0131 olaylar ve geli\u015fmeler emperyalizmin i\u015fleyi\u015f \u015fekline ve u\u011frad\u0131\u011f\u0131 d\u00f6nu\u0308\u015fu\u0308mlere de \u0131\u015f\u0131k tutar.<\/p>\n","protected":false},"excerpt":{"rendered":"<p>Elinizdeki kitap bilindik \u00f6yku\u0308ye, yani Osmanl\u0131 \u0130mparatorlu\u011fu\u2019nun zay\u0131flamas\u0131yla birlikte h\u00e2kimiyeti alt\u0131ndaki topraklarda ya\u015fanan sars\u0131nt\u0131lara daha geni\u015f bir \u00f6l\u00e7ekle bakmam\u0131z\u0131 sa\u011fl\u0131yor. On sekizinci yu\u0308zy\u0131ldan bu yana zay\u0131flayan<span class=\"excerpt-hellip\"> [\u2026]<\/span><\/p>\n","protected":false},"featured_media":0,"template":"","meta":{"_monsterinsights_skip_tracking":false,"_monsterinsights_sitenote_active":false,"_monsterinsights_sitenote_note":"","_monsterinsights_sitenote_category":0},"product_brand":[],"product_cat":[141304],"product_tag":[],"class_list":{"0":"post-775354","1":"product","2":"type-product","3":"status-publish","5":"product_cat-yeni-cikanlar","6":"pa_cilt-ciltsiz","7":"pa_tur-kitap","8":"pa_yayinevi-ayrinti-yayinlari","9":"pa_yazar-ian-rutledge","11":"first","12":"instock","13":"sale","14":"shipping-taxable","15":"purchasable","16":"product-type-simple"},"_links":{"self":[{"href":"https:\/\/roveyayinevi.com.tr\/index.php\/wp-json\/wp\/v2\/product\/775354","targetHints":{"allow":["GET"]}}],"collection":[{"href":"https:\/\/roveyayinevi.com.tr\/index.php\/wp-json\/wp\/v2\/product"}],"about":[{"href":"https:\/\/roveyayinevi.com.tr\/index.php\/wp-json\/wp\/v2\/types\/product"}],"wp:attachment":[{"href":"https:\/\/roveyayinevi.com.tr\/index.php\/wp-json\/wp\/v2\/media?parent=775354"}],"wp:term":[{"taxonomy":"product_brand","embeddable":true,"href":"https:\/\/roveyayinevi.com.tr\/index.php\/wp-json\/wp\/v2\/product_brand?post=775354"},{"taxonomy":"product_cat","embeddable":true,"href":"https:\/\/roveyayinevi.com.tr\/index.php\/wp-json\/wp\/v2\/product_cat?post=775354"},{"taxonomy":"product_tag","embeddable":true,"href":"https:\/\/roveyayinevi.com.tr\/index.php\/wp-json\/wp\/v2\/product_tag?post=775354"}],"curies":[{"name":"wp","href":"https:\/\/api.w.org\/{rel}","templated":true}]}}