{"id":775347,"date":"2025-09-09T18:40:33","date_gmt":"2025-09-09T15:40:33","guid":{"rendered":"https:\/\/roveyayinevi.com.tr\/index.php\/urun\/kucuk-prens-ciltli-2\/"},"modified":"2026-04-15T03:42:26","modified_gmt":"2026-04-15T00:42:26","slug":"kucuk-prens-ciltli-2","status":"publish","type":"product","link":"https:\/\/roveyayinevi.com.tr\/index.php\/urun\/kucuk-prens-ciltli-2\/","title":{"rendered":"K\u00fc\u00e7\u00fck Prens (Ciltli)"},"content":{"rendered":"<p>\u201cSenin gezegenindeki insanlar\u201d dedi K\u00fc\u00e7\u00fck Prens, \u201cbir bah\u00e7ede be\u015f bin g\u00fcl yeti\u015ftiriyorlar&#8230; Yine de arad\u0131klar\u0131n\u0131 bulam\u0131yorlar&#8230;\u201d Bir \u00e7ocu\u011fun g\u00f6zlerinden bak\u0131ld\u0131\u011f\u0131nda, b\u00fcy\u00fcklerin d\u00fcnyas\u0131 nas\u0131l g\u00f6r\u00fcn\u00fcr? Antoine de Saint Exup\u00e9ry\u2019nin kaleme ald\u0131\u011f\u0131 K\u00fc\u00e7\u00fck Prens, k\u00fc\u00e7\u00fck bir gezegenden D\u00fcnya\u2019ya gelen bir prensin, yolculu\u011fu s\u0131ras\u0131nda kar\u015f\u0131la\u015ft\u0131\u011f\u0131 insanlarla kurdu\u011fu anlaml\u0131 diyaloglarla her ya\u015ftan okura kendinden bir par\u00e7a bulma f\u0131rsat\u0131 sunuyor. Yay\u0131mland\u0131\u011f\u0131 g\u00fcnden bug\u00fcne her ku\u015fa\u011f\u0131n ba\u015fucu kitab\u0131 olan K\u00fc\u00e7\u00fck Prens, \u015fimdi \u00f6zel bask\u0131s\u0131yla raflarda!<\/p>\n","protected":false},"excerpt":{"rendered":"<p>\u201cSenin gezegenindeki insanlar\u201d dedi K\u00fc\u00e7\u00fck Prens, \u201cbir bah\u00e7ede be\u015f bin g\u00fcl yeti\u015ftiriyorlar&#8230; Yine de arad\u0131klar\u0131n\u0131 bulam\u0131yorlar&#8230;\u201d Bir \u00e7ocu\u011fun g\u00f6zlerinden bak\u0131ld\u0131\u011f\u0131nda, b\u00fcy\u00fcklerin d\u00fcnyas\u0131 nas\u0131l g\u00f6r\u00fcn\u00fcr? Antoine de<span class=\"excerpt-hellip\"> [\u2026]<\/span><\/p>\n","protected":false},"featured_media":0,"template":"","meta":{"_monsterinsights_skip_tracking":false,"_monsterinsights_sitenote_active":false,"_monsterinsights_sitenote_note":"","_monsterinsights_sitenote_category":0},"product_brand":[],"product_cat":[12291,12711],"product_tag":[],"class_list":{"0":"post-775347","1":"product","2":"type-product","3":"status-publish","5":"product_cat-edebiyat","6":"product_cat-roman-oyku","7":"pa_cilt-ciltli","8":"pa_tur-kitap","9":"pa_yayinevi-hep-kitap","10":"pa_yazar-antoine-de-saint-exupery","12":"first","13":"instock","14":"sale","15":"shipping-taxable","16":"purchasable","17":"product-type-simple"},"_links":{"self":[{"href":"https:\/\/roveyayinevi.com.tr\/index.php\/wp-json\/wp\/v2\/product\/775347","targetHints":{"allow":["GET"]}}],"collection":[{"href":"https:\/\/roveyayinevi.com.tr\/index.php\/wp-json\/wp\/v2\/product"}],"about":[{"href":"https:\/\/roveyayinevi.com.tr\/index.php\/wp-json\/wp\/v2\/types\/product"}],"wp:attachment":[{"href":"https:\/\/roveyayinevi.com.tr\/index.php\/wp-json\/wp\/v2\/media?parent=775347"}],"wp:term":[{"taxonomy":"product_brand","embeddable":true,"href":"https:\/\/roveyayinevi.com.tr\/index.php\/wp-json\/wp\/v2\/product_brand?post=775347"},{"taxonomy":"product_cat","embeddable":true,"href":"https:\/\/roveyayinevi.com.tr\/index.php\/wp-json\/wp\/v2\/product_cat?post=775347"},{"taxonomy":"product_tag","embeddable":true,"href":"https:\/\/roveyayinevi.com.tr\/index.php\/wp-json\/wp\/v2\/product_tag?post=775347"}],"curies":[{"name":"wp","href":"https:\/\/api.w.org\/{rel}","templated":true}]}}