{"id":775344,"date":"2025-09-09T18:40:28","date_gmt":"2025-09-09T15:40:28","guid":{"rendered":"https:\/\/roveyayinevi.com.tr\/index.php\/urun\/az-gelismislik-ve-kalkinma\/"},"modified":"2026-04-15T03:42:26","modified_gmt":"2026-04-15T00:42:26","slug":"az-gelismislik-ve-kalkinma","status":"publish","type":"product","link":"https:\/\/roveyayinevi.com.tr\/index.php\/urun\/az-gelismislik-ve-kalkinma\/","title":{"rendered":"Az Geli\u015fmi\u015flik ve Kalk\u0131nma"},"content":{"rendered":"<p>Post-Keynesyen iktisad\u0131n kurucu isimlerinden Joan Robinson\u2019\u0131n 1920\u2019lerde Hindistan\u2019da ge\u00e7irdi\u011fi y\u0131llar, onun teorisinde ihmal edilmi\u015f bir alan olarak durmaktad\u0131r. Pervez Tahir\u2019in kaleme ald\u0131\u011f\u0131 ve T\u00fcrk\u00e7eye Az Geli\u015fmi\u015flik ve Kalk\u0131nma: Joan Robinson\u2019\u0131n Hindistan G\u00f6zlemleri ad\u0131yla \u00e7evirdi\u011fimiz kitap, Robinson\u2019\u0131n az bilinen bu d\u00f6nemini mercek alt\u0131na al\u0131yor. Tahir, Robinson\u2019\u0131n Hindistan\u2019daki deneyimlerini incelerken, onun az geli\u015fmi\u015flik ve s\u00f6m\u00fcrgecilik aras\u0131ndaki ili\u015fki ve devletin kalk\u0131nmadaki rol\u00fc gibi temel meselelerle ilk kez nas\u0131l y\u00fczle\u015fti\u011fini ortaya koyuyor. Yazar, bu erken d\u00f6nem g\u00f6zlemlerinin, Robinson\u2019\u0131n ilerleyen y\u0131llarda geli\u015ftirece\u011fi kalk\u0131nma teorilerinin entelekt\u00fcel temellerini nas\u0131l olu\u015fturdu\u011funu g\u00f6steriyor. Az Geli\u015fmi\u015flik ve Kalk\u0131nma, Joan Robinson\u2019\u0131n d\u00fc\u015f\u00fcnsel miras\u0131na dair literat\u00fcrdeki \u00f6nemli bir bo\u015flu\u011fu doldururken, okura bir iktisat\u00e7\u0131n\u0131n analitik yakla\u015f\u0131m\u0131n\u0131n ger\u00e7ek d\u00fcnya sorunlar\u0131yla kar\u015f\u0131la\u015ft\u0131\u011f\u0131nda nas\u0131l \u015fekillendi\u011fine dair de bir anlat\u0131 sunuyor. Elinizdeki bu kitap, yaln\u0131zca akademisyenler ve \u00f6\u011frenciler i\u00e7in de\u011fil, az geli\u015fmi\u015flik, kalk\u0131nma, sanayile\u015fme meselelerine ilgi duyan herkes i\u00e7in bir ba\u015fvuru kayna\u011f\u0131 olacakt\u0131r. <\/p>\n","protected":false},"excerpt":{"rendered":"<p>Post-Keynesyen iktisad\u0131n kurucu isimlerinden Joan Robinson\u2019\u0131n 1920\u2019lerde Hindistan\u2019da ge\u00e7irdi\u011fi y\u0131llar, onun teorisinde ihmal edilmi\u015f bir alan olarak durmaktad\u0131r. Pervez Tahir\u2019in kaleme ald\u0131\u011f\u0131 ve T\u00fcrk\u00e7eye Az Geli\u015fmi\u015flik<span class=\"excerpt-hellip\"> [\u2026]<\/span><\/p>\n","protected":false},"featured_media":0,"template":"","meta":{"_monsterinsights_skip_tracking":false,"_monsterinsights_sitenote_active":false,"_monsterinsights_sitenote_note":"","_monsterinsights_sitenote_category":0},"product_brand":[],"product_cat":[13043],"product_tag":[],"class_list":{"0":"post-775344","1":"product","2":"type-product","3":"status-publish","5":"product_cat-ekonomi","6":"pa_cilt-ciltsiz","7":"pa_tur-kitap","8":"pa_yayinevi-vakifbank-kultur-yayinlari","9":"pa_yazar-pervez-tahir","11":"first","12":"instock","13":"sale","14":"shipping-taxable","15":"purchasable","16":"product-type-simple"},"_links":{"self":[{"href":"https:\/\/roveyayinevi.com.tr\/index.php\/wp-json\/wp\/v2\/product\/775344","targetHints":{"allow":["GET"]}}],"collection":[{"href":"https:\/\/roveyayinevi.com.tr\/index.php\/wp-json\/wp\/v2\/product"}],"about":[{"href":"https:\/\/roveyayinevi.com.tr\/index.php\/wp-json\/wp\/v2\/types\/product"}],"wp:attachment":[{"href":"https:\/\/roveyayinevi.com.tr\/index.php\/wp-json\/wp\/v2\/media?parent=775344"}],"wp:term":[{"taxonomy":"product_brand","embeddable":true,"href":"https:\/\/roveyayinevi.com.tr\/index.php\/wp-json\/wp\/v2\/product_brand?post=775344"},{"taxonomy":"product_cat","embeddable":true,"href":"https:\/\/roveyayinevi.com.tr\/index.php\/wp-json\/wp\/v2\/product_cat?post=775344"},{"taxonomy":"product_tag","embeddable":true,"href":"https:\/\/roveyayinevi.com.tr\/index.php\/wp-json\/wp\/v2\/product_tag?post=775344"}],"curies":[{"name":"wp","href":"https:\/\/api.w.org\/{rel}","templated":true}]}}