{"id":775343,"date":"2025-09-09T18:40:27","date_gmt":"2025-09-09T15:40:27","guid":{"rendered":"https:\/\/roveyayinevi.com.tr\/index.php\/urun\/egilimler-ve-gucler\/"},"modified":"2026-04-15T03:42:26","modified_gmt":"2026-04-15T00:42:26","slug":"egilimler-ve-gucler","status":"publish","type":"product","link":"https:\/\/roveyayinevi.com.tr\/index.php\/urun\/egilimler-ve-gucler\/","title":{"rendered":"E\u011filimler ve G\u00fc\u00e7ler"},"content":{"rendered":"<p>Metafizik Bug\u00fcn serisinin ikinci kitab\u0131 olan E\u011filimler ve G\u00fc\u00e7ler, \u00e7a\u011fda\u015f metafizik tart\u0131\u015fmalar\u0131 i\u00e7inde \u00f6nemli bir yere sahip iki temel kavram\u0131, \u201ce\u011filim\u201d ve \u201cg\u00fc\u00e7\u201d kavramlar\u0131n\u0131 ele al\u0131yor. Samuel Kimpton-Nye ve Toby Friend e\u011filimleri, nesnelerin belirli ko\u015fullar alt\u0131nda belirli \u015fekilde davranma e\u011filimini ifade eden g\u00f6zlemlenebilir \u00f6zellikler olarak ele al\u0131rken g\u00fc\u00e7leri, bu e\u011filimsel davran\u0131\u015flar\u0131 a\u00e7\u0131klamak i\u00e7in varsay\u0131lan ontolojik nitelikler olarak konumland\u0131r\u0131yor. Kitap boyunca yazarlar bir yandan e\u011filimlerin ve g\u00fc\u00e7lerin birbirinden nas\u0131l ayr\u0131ld\u0131\u011f\u0131n\u0131, felsefi a\u00e7\u0131dan neden \u00f6nemli olduklar\u0131n\u0131, do\u011fa yasalar\u0131n\u0131 ve modal olgular\u0131 a\u00e7\u0131klamadaki potansiyel i\u015flevlerini tart\u0131\u015f\u0131rken bir yandan bu iki kavrama ili\u015fkin g\u00fcncel tart\u0131\u015fmalar\u0131n bir d\u00f6k\u00fcm\u00fcn\u00fc sunuyor. <\/p>\n","protected":false},"excerpt":{"rendered":"<p>Metafizik Bug\u00fcn serisinin ikinci kitab\u0131 olan E\u011filimler ve G\u00fc\u00e7ler, \u00e7a\u011fda\u015f metafizik tart\u0131\u015fmalar\u0131 i\u00e7inde \u00f6nemli bir yere sahip iki temel kavram\u0131, \u201ce\u011filim\u201d ve \u201cg\u00fc\u00e7\u201d kavramlar\u0131n\u0131 ele al\u0131yor.<span class=\"excerpt-hellip\"> [\u2026]<\/span><\/p>\n","protected":false},"featured_media":0,"template":"","meta":{"_monsterinsights_skip_tracking":false,"_monsterinsights_sitenote_active":false,"_monsterinsights_sitenote_note":"","_monsterinsights_sitenote_category":0},"product_brand":[],"product_cat":[12388],"product_tag":[],"class_list":{"0":"post-775343","1":"product","2":"type-product","3":"status-publish","5":"product_cat-felsefe","6":"pa_cilt-ciltsiz","7":"pa_tur-kitap","8":"pa_yayinevi-vakifbank-kultur-yayinlari","9":"pa_yazar-samuel-kimpton-nye-toby-friend","11":"first","12":"instock","13":"sale","14":"shipping-taxable","15":"purchasable","16":"product-type-simple"},"_links":{"self":[{"href":"https:\/\/roveyayinevi.com.tr\/index.php\/wp-json\/wp\/v2\/product\/775343","targetHints":{"allow":["GET"]}}],"collection":[{"href":"https:\/\/roveyayinevi.com.tr\/index.php\/wp-json\/wp\/v2\/product"}],"about":[{"href":"https:\/\/roveyayinevi.com.tr\/index.php\/wp-json\/wp\/v2\/types\/product"}],"wp:attachment":[{"href":"https:\/\/roveyayinevi.com.tr\/index.php\/wp-json\/wp\/v2\/media?parent=775343"}],"wp:term":[{"taxonomy":"product_brand","embeddable":true,"href":"https:\/\/roveyayinevi.com.tr\/index.php\/wp-json\/wp\/v2\/product_brand?post=775343"},{"taxonomy":"product_cat","embeddable":true,"href":"https:\/\/roveyayinevi.com.tr\/index.php\/wp-json\/wp\/v2\/product_cat?post=775343"},{"taxonomy":"product_tag","embeddable":true,"href":"https:\/\/roveyayinevi.com.tr\/index.php\/wp-json\/wp\/v2\/product_tag?post=775343"}],"curies":[{"name":"wp","href":"https:\/\/api.w.org\/{rel}","templated":true}]}}