{"id":775341,"date":"2025-09-09T18:40:24","date_gmt":"2025-09-09T15:40:24","guid":{"rendered":"https:\/\/roveyayinevi.com.tr\/index.php\/urun\/dehr\/"},"modified":"2026-04-15T03:42:26","modified_gmt":"2026-04-15T00:42:26","slug":"dehr","status":"publish","type":"product","link":"https:\/\/roveyayinevi.com.tr\/index.php\/urun\/dehr\/","title":{"rendered":"Dehr"},"content":{"rendered":"<p>Yeni D\u00fcnya D\u00fczenine dair ac\u0131mas\u0131z ger\u00e7ekler g\u00fcn y\u00fcz\u00fcne \u00e7\u0131k\u0131yor! \u201c\u0130nsanlar bilmeliler ki. Hayat b\u00f6yle devam etmeyecek. Sinsice hayat\u0131n\u0131z\u0131 de\u011fi\u015ftiriyor \u015firk-etler. Ve as\u0131l ama\u00e7lar\u0131 yery\u00fcz\u00fcn\u00fc ve insan neslini yok etmek. \u201dAra\u015ft\u0131rmac\u0131 Yazar Hayati S\u0131r, k\u00f6t\u00fcl\u00fc\u011f\u00fcn k\u00fcresel ve teknolojik g\u00fcc\u00fcn\u00fc g\u00f6zler \u00f6n\u00fcne sererken maskeleri tek tek indiriyor ve \u015feytan\u0131n nihai amac\u0131n\u0131n ipu\u00e7lar\u0131n\u0131 veriyor.Bu kitap, g\u00fcn\u00fcm\u00fcz d\u00fcnyas\u0131nda insan\u0131 u\u00e7uruma s\u00fcr\u00fckleyen tuzaklar\u0131, k\u00fcresel sistemin dijital bir nesil yaratma \u00e7abalar\u0131n\u0131 en son teknoloji ekseninde de\u015fifre etmek i\u00e7in haz\u0131rland\u0131.Ya\u015fad\u0131\u011f\u0131m\u0131z bu dijital \u00e7a\u011fda bizden gibi g\u00f6r\u00fcn\u00fcp bizden olmayanlar\u0131 \u00f6\u011frenmek, k\u00f6t\u00fcl\u00fck b\u00f6ylesine h\u0131zlanm\u0131\u015fken iyili\u011fi yeniden diriltmek ve yapay de\u011fil ger\u00e7ek bir hayat ya\u015famak isteyen herkes i\u00e7in..<\/p>\n","protected":false},"excerpt":{"rendered":"<p>Yeni D\u00fcnya D\u00fczenine dair ac\u0131mas\u0131z ger\u00e7ekler g\u00fcn y\u00fcz\u00fcne \u00e7\u0131k\u0131yor! \u201c\u0130nsanlar bilmeliler ki. Hayat b\u00f6yle devam etmeyecek. Sinsice hayat\u0131n\u0131z\u0131 de\u011fi\u015ftiriyor \u015firk-etler. Ve as\u0131l ama\u00e7lar\u0131 yery\u00fcz\u00fcn\u00fc ve insan<span class=\"excerpt-hellip\"> [\u2026]<\/span><\/p>\n","protected":false},"featured_media":0,"template":"","meta":{"_monsterinsights_skip_tracking":false,"_monsterinsights_sitenote_active":false,"_monsterinsights_sitenote_note":"","_monsterinsights_sitenote_category":0},"product_brand":[],"product_cat":[12365,12364],"product_tag":[],"class_list":{"0":"post-775341","1":"product","2":"type-product","3":"status-publish","5":"product_cat-diger-genel-konular","6":"product_cat-genel-konular","7":"pa_cilt-ciltsiz","8":"pa_tur-kitap","9":"pa_yayinevi-hayykitap","10":"pa_yazar-hayati-sir","12":"first","13":"instock","14":"sale","15":"shipping-taxable","16":"purchasable","17":"product-type-simple"},"_links":{"self":[{"href":"https:\/\/roveyayinevi.com.tr\/index.php\/wp-json\/wp\/v2\/product\/775341","targetHints":{"allow":["GET"]}}],"collection":[{"href":"https:\/\/roveyayinevi.com.tr\/index.php\/wp-json\/wp\/v2\/product"}],"about":[{"href":"https:\/\/roveyayinevi.com.tr\/index.php\/wp-json\/wp\/v2\/types\/product"}],"wp:attachment":[{"href":"https:\/\/roveyayinevi.com.tr\/index.php\/wp-json\/wp\/v2\/media?parent=775341"}],"wp:term":[{"taxonomy":"product_brand","embeddable":true,"href":"https:\/\/roveyayinevi.com.tr\/index.php\/wp-json\/wp\/v2\/product_brand?post=775341"},{"taxonomy":"product_cat","embeddable":true,"href":"https:\/\/roveyayinevi.com.tr\/index.php\/wp-json\/wp\/v2\/product_cat?post=775341"},{"taxonomy":"product_tag","embeddable":true,"href":"https:\/\/roveyayinevi.com.tr\/index.php\/wp-json\/wp\/v2\/product_tag?post=775341"}],"curies":[{"name":"wp","href":"https:\/\/api.w.org\/{rel}","templated":true}]}}