{"id":775333,"date":"2025-09-09T18:40:10","date_gmt":"2025-09-09T15:40:10","guid":{"rendered":"https:\/\/roveyayinevi.com.tr\/index.php\/urun\/butun-siirleri-13\/"},"modified":"2026-04-15T03:42:25","modified_gmt":"2026-04-15T00:42:25","slug":"butun-siirleri-13","status":"publish","type":"product","link":"https:\/\/roveyayinevi.com.tr\/index.php\/urun\/butun-siirleri-13\/","title":{"rendered":"B\u00fct\u00fcn \u015eiirleri"},"content":{"rendered":"<p>\u201c\u015eiirde muvaffak olman\u0131n ilk \u015fart\u0131 \u015fahs\u00ee bir dil sahibi olmakt\u0131r. \u015eiir, dile tasarruf \u015fekliyle hususiyetini kazan\u0131r. Fakat Yahya Kemal\u2019in buldu\u011fu dil sade kendisi i\u00e7in de\u011fildir. O bizim dilimizi bulmu\u015ftur. O\u2019ndan evvel, O\u2019nunla beraber bu i\u015fte \u00e7al\u0131\u015fanlar elbette vard\u0131. Fakat kendisini kabul ettiren O\u2019dur. Bu demektir ki, sade dili de\u011fil, \u015fiiri de buldu.\u201d Ahmet Hamdi Tanp\u0131nar Yery\u00fcz\u00fcnde yeg\u00e2ne ihtiras\u0131m, milletimin lisan\u0131nda, istedi\u011fim gibi birka\u00e7 manzume v\u00fccuda getirmek diyen, Yarat\u0131c\u0131s\u0131ndan \u201cbir ses yaratan kudret\u201di isteyen Yahya Kemal, \u015fiirlerini nadir g\u00f6r\u00fclecek bir sab\u0131r ve titizlikle kaleme alan, m\u00fckemmel ve p\u00fcr\u00fczs\u00fcz s\u00f6yleyi\u015fi yakalamadan tatmin olmayan b\u00fcy\u00fck bir \u015fairdir. Baz\u0131lar\u0131n\u0131 k\u0131rk y\u0131lda tamamlad\u0131\u011f\u0131 \u015fiirleriyle, sadece b\u00fcy\u00fck bir seviye de\u011fil, hem kendi akt\u00fcalitesi i\u00e7inde hem de kendisinden sonra gelen pek \u00e7ok \u015fair \u00fczerinde mutlak tesiri ve s\u00f6ylenmi\u015f her g\u00fczel m\u0131srada az \u00e7ok hissesi olan bir kutuptur. Elinizdeki kitap, T\u00fcrk\u00e7enin yirminci y\u00fczy\u0131ldaki en b\u00fcy\u00fck \u015fairlerinden birinin, m\u00e2zi ile gelecek aras\u0131nda bir k\u00f6pr\u00fc vazifesi g\u00f6rm\u00fc\u015f, bir medeniyetin sesi olmu\u015f, kl\u00e2sik zevkle modern duyu\u015fu harmanlam\u0131\u015f bir dil i\u015f\u00e7isinin, Yahya Kemal\u2019in, b\u00fct\u00fcn \u015fiir kariyerinin mahsul\u00fc olan \u00fc\u00e7 eserini bir arada sunan bir \u00e7al\u0131\u015fmad\u0131r: Kendi G\u00f6k Kubbemiz, Eski \u015eiirin R\u00fczg\u00e2r\u0131yle ve Rub\u00e2\u00eeler ve Hayyam Rub\u00e2\u00eelerini T\u00fcrk\u00e7e S\u00f6yleyi\u015f. \u015eiirlerin yaz\u0131l\u0131\u015f s\u00fcre\u00e7lerine dair anekdotlar, a\u00e7\u0131klay\u0131c\u0131 notlar ve ilk kez yay\u0131mlanan g\u00f6rsel ve eskizlerle zenginle\u015ftirilmi\u015f bu eser, Yahya Kemal\u2019in estetik ve d\u00fc\u015f\u00fcnsel d\u00fcnyas\u0131na benzersiz bir kap\u0131 aral\u0131yor. Vak\u0131fBank K\u00fclt\u00fcr Yay\u0131nlar\u0131 ve \u0130stanbul Fetih Cemiyeti\u2019nin ortak \u00e7al\u0131\u015fmas\u0131yla haz\u0131rlanan bu ele\u015ftirel bas\u0131m, T\u00fcrk\u00e7enin en b\u00fcy\u00fck \u015fairlerinden Yahya Kemal\u2019i okurlarla bulu\u015fturuyor. <\/p>\n","protected":false},"excerpt":{"rendered":"<p>\u201c\u015eiirde muvaffak olman\u0131n ilk \u015fart\u0131 \u015fahs\u00ee bir dil sahibi olmakt\u0131r. \u015eiir, dile tasarruf \u015fekliyle hususiyetini kazan\u0131r. Fakat Yahya Kemal\u2019in buldu\u011fu dil sade kendisi i\u00e7in de\u011fildir. O<span class=\"excerpt-hellip\"> [\u2026]<\/span><\/p>\n","protected":false},"featured_media":0,"template":"","meta":{"_monsterinsights_skip_tracking":false,"_monsterinsights_sitenote_active":false,"_monsterinsights_sitenote_note":"","_monsterinsights_sitenote_category":0},"product_brand":[],"product_cat":[12291,12509],"product_tag":[],"class_list":{"0":"post-775333","1":"product","2":"type-product","3":"status-publish","5":"product_cat-edebiyat","6":"product_cat-siir","7":"pa_cilt-ciltsiz","8":"pa_tur-kitap","9":"pa_yayinevi-vakifbank-kultur-yayinlari","10":"pa_yazar-yahya-kemal","12":"first","13":"instock","14":"sale","15":"shipping-taxable","16":"purchasable","17":"product-type-simple"},"_links":{"self":[{"href":"https:\/\/roveyayinevi.com.tr\/index.php\/wp-json\/wp\/v2\/product\/775333","targetHints":{"allow":["GET"]}}],"collection":[{"href":"https:\/\/roveyayinevi.com.tr\/index.php\/wp-json\/wp\/v2\/product"}],"about":[{"href":"https:\/\/roveyayinevi.com.tr\/index.php\/wp-json\/wp\/v2\/types\/product"}],"wp:attachment":[{"href":"https:\/\/roveyayinevi.com.tr\/index.php\/wp-json\/wp\/v2\/media?parent=775333"}],"wp:term":[{"taxonomy":"product_brand","embeddable":true,"href":"https:\/\/roveyayinevi.com.tr\/index.php\/wp-json\/wp\/v2\/product_brand?post=775333"},{"taxonomy":"product_cat","embeddable":true,"href":"https:\/\/roveyayinevi.com.tr\/index.php\/wp-json\/wp\/v2\/product_cat?post=775333"},{"taxonomy":"product_tag","embeddable":true,"href":"https:\/\/roveyayinevi.com.tr\/index.php\/wp-json\/wp\/v2\/product_tag?post=775333"}],"curies":[{"name":"wp","href":"https:\/\/api.w.org\/{rel}","templated":true}]}}