{"id":775331,"date":"2025-09-09T18:40:07","date_gmt":"2025-09-09T15:40:07","guid":{"rendered":"https:\/\/roveyayinevi.com.tr\/index.php\/urun\/bahcivan-ve-olum\/"},"modified":"2026-04-15T03:42:25","modified_gmt":"2026-04-15T00:42:25","slug":"bahcivan-ve-olum","status":"publish","type":"product","link":"https:\/\/roveyayinevi.com.tr\/index.php\/urun\/bahcivan-ve-olum\/","title":{"rendered":"Bah\u00e7\u0131van ve \u00d6l\u00fcm"},"content":{"rendered":"<p>Bizi \u00e7ocuk olarak hat\u0131rlayan son ki\u015fi de gitti\u011finde h\u00e2l\u00e2 var oldu\u011fumuz s\u00f6ylenebilir mi?\u201d. \u201cBabam bah\u00e7\u0131vand\u0131. \u015eimdi bir bah\u00e7e.\u201d Hayat\u0131n\u0131n uzun y\u0131llar\u0131n\u0131 bah\u00e7esine vakfetmi\u015f olan babas\u0131n\u0131n, \u201comuzlar\u0131nda tonlarca ge\u00e7mi\u015f ta\u015f\u0131yan bir Atlas\u201d gibi g\u00f6rd\u00fc\u011f\u00fc ve idealize etti\u011fi ki\u015finin \u00f6l\u00fcm\u00fcn\u00fc anlatt\u0131\u011f\u0131 bu kitab\u0131nda Georgi Gospodinov, yeri doldurulamaz bir kay\u0131p kar\u015f\u0131s\u0131nda hissettiklerini i\u00e7ten ve etkileyici bir dille aktar\u0131rken, ayn\u0131 zamanda hayat ve \u00f6l\u00fcm \u00fczerine, sevgi ve yas \u00fczerine, varolu\u015fumuzu anlamland\u0131ran ve yola devam etmemizi sa\u011flayan \u015feyler \u00fczerine derin bir tefekk\u00fcre dal\u0131yor. \u201cOnun bug\u00fcne kadarki varl\u0131\u011f\u0131, benim kendi varl\u0131\u011f\u0131m\u0131, \u00e7ocuklu\u011fumun varl\u0131\u011f\u0131n\u0131 do\u011fruluyordu. \u00d6te yandan yoklu\u011fu haf\u0131zan\u0131n t\u00fcm mekanizmas\u0131n\u0131 harekete ge\u00e7iriyor. Uzun zamand\u0131r akl\u0131ma gelmeyen \u015feyler \u015fimdi uyan\u0131yor, onlar\u0131 ben uyand\u0131r\u0131yorum \u2013 t\u00fcm bunlar\u0131n ger\u00e7ekten olup bitti\u011finden emin olabilmek i\u00e7in. \u0130stemli ve istemsiz bellek birlikte \u00e7al\u0131\u015f\u0131yor ve an\u0131lar\u0131n paslanm\u0131\u015f \u00e7ark\u0131n\u0131 harekete ge\u00e7iriyor, net g\u00f6r\u00fclmeyen yerleri temizliyor veya uyduruyor. Kabul etmeliyiz ki bu, vefat edene y\u00f6nelik bir bellek \u00e7al\u0131\u015fmas\u0131 oldu\u011fu kadar, kendimize de y\u00f6neliktir, benmerkezci, bir anlamda kendimizi kurtarmaya, birinin gidi\u015finden sonra hayatta kal\u0131\u015f\u0131m\u0131z\u0131 anlamland\u0131rmaya y\u00f6nelik bir u\u011fra\u015ft\u0131r. \u2014 Bizi \u00e7ocuk olarak hat\u0131rlayan son ki\u015fi de gitti\u011finde h\u00e2l\u00e2 var oldu\u011fumuz s\u00f6ylenebilir mi?\u201d 2023 Uluslararas\u0131 Booker \u00d6d\u00fcll\u00fc yazardan i\u00e7e i\u015fleyen bir an\u0131-roman.<\/p>\n","protected":false},"excerpt":{"rendered":"<p>Bizi \u00e7ocuk olarak hat\u0131rlayan son ki\u015fi de gitti\u011finde h\u00e2l\u00e2 var oldu\u011fumuz s\u00f6ylenebilir mi?\u201d. \u201cBabam bah\u00e7\u0131vand\u0131. \u015eimdi bir bah\u00e7e.\u201d Hayat\u0131n\u0131n uzun y\u0131llar\u0131n\u0131 bah\u00e7esine vakfetmi\u015f olan babas\u0131n\u0131n, \u201comuzlar\u0131nda<span class=\"excerpt-hellip\"> [\u2026]<\/span><\/p>\n","protected":false},"featured_media":0,"template":"","meta":{"_monsterinsights_skip_tracking":false,"_monsterinsights_sitenote_active":false,"_monsterinsights_sitenote_note":"","_monsterinsights_sitenote_category":0},"product_brand":[],"product_cat":[141304],"product_tag":[],"class_list":{"0":"post-775331","1":"product","2":"type-product","3":"status-publish","5":"product_cat-yeni-cikanlar","6":"pa_cilt-ciltsiz","7":"pa_tur-kitap","8":"pa_yayinevi-metis-yayinlari","9":"pa_yazar-georgi-gospodinov","11":"first","12":"instock","13":"sale","14":"shipping-taxable","15":"purchasable","16":"product-type-simple"},"_links":{"self":[{"href":"https:\/\/roveyayinevi.com.tr\/index.php\/wp-json\/wp\/v2\/product\/775331","targetHints":{"allow":["GET"]}}],"collection":[{"href":"https:\/\/roveyayinevi.com.tr\/index.php\/wp-json\/wp\/v2\/product"}],"about":[{"href":"https:\/\/roveyayinevi.com.tr\/index.php\/wp-json\/wp\/v2\/types\/product"}],"wp:attachment":[{"href":"https:\/\/roveyayinevi.com.tr\/index.php\/wp-json\/wp\/v2\/media?parent=775331"}],"wp:term":[{"taxonomy":"product_brand","embeddable":true,"href":"https:\/\/roveyayinevi.com.tr\/index.php\/wp-json\/wp\/v2\/product_brand?post=775331"},{"taxonomy":"product_cat","embeddable":true,"href":"https:\/\/roveyayinevi.com.tr\/index.php\/wp-json\/wp\/v2\/product_cat?post=775331"},{"taxonomy":"product_tag","embeddable":true,"href":"https:\/\/roveyayinevi.com.tr\/index.php\/wp-json\/wp\/v2\/product_tag?post=775331"}],"curies":[{"name":"wp","href":"https:\/\/api.w.org\/{rel}","templated":true}]}}