{"id":775329,"date":"2025-09-09T18:40:04","date_gmt":"2025-09-09T15:40:04","guid":{"rendered":"https:\/\/roveyayinevi.com.tr\/index.php\/urun\/kentsel-beyin\/"},"modified":"2026-04-15T03:42:25","modified_gmt":"2026-04-15T00:42:25","slug":"kentsel-beyin","status":"publish","type":"product","link":"https:\/\/roveyayinevi.com.tr\/index.php\/urun\/kentsel-beyin\/","title":{"rendered":"Kentsel Beyin"},"content":{"rendered":"<p>Birle\u015fik Krall\u0131k Ekonomik ve Sosyal Ara\u015ft\u0131rmalar Konseyi\u2019nin (ESRC) \u201cSosyal Bilimi D\u00f6nu\u0308\u015ftu\u0308rme\u201d program\u0131 kapsam\u0131nda olu\u015fturulan bir proje ve bu proje su\u0308resince yap\u0131lan \u00e7e\u015fitli ara\u015ft\u0131rmalarla ortaya \u00e7\u0131kan bu kitap, kent hayat\u0131 ile ak\u0131l sa\u011fl\u0131\u011f\u0131 aras\u0131ndaki ili\u015fkiyi sosyal bilimler ve fen bilimleri aras\u0131nda bir k\u00f6pru\u0308 kurarak derinlemesine irdelemektedir. Dirimsellik ve yerle\u015fim kavramlar\u0131n\u0131 merkeze alarak n\u00f6roekososyal bir perspektiften argu\u0308manlar\u0131n\u0131 olu\u015fturan Rose ve Fitzgerald, spesifik megakentlere ve metropollere g\u00f6nderme yaparak kent hayat\u0131n\u0131n ak\u0131l sa\u011fl\u0131\u011f\u0131 u\u0308zerinde b\u0131rakt\u0131\u011f\u0131 izleri ve kent hayat\u0131 ile zihinsel ya\u015fam\u0131n nas\u0131l i\u00e7 i\u00e7e ge\u00e7ti\u011fini stres ve stres fakt\u00f6rleri, ekonomik ve s\u0131n\u0131fsal etkenler, hem yerel hem de uluslararas\u0131 du\u0308zeyde g\u00f6\u00e7 ve g\u00f6\u00e7menlik, \u0131rk\u00e7\u0131l\u0131k ve bir organizma olarak insan\u0131n i\u00e7inde ya\u015fad\u0131\u011f\u0131 sosyal ve materyal \u00e7evre ile olan etkile\u015fimine odaklanarak g\u00f6stermektedir.<\/p>\n","protected":false},"excerpt":{"rendered":"<p>Birle\u015fik Krall\u0131k Ekonomik ve Sosyal Ara\u015ft\u0131rmalar Konseyi\u2019nin (ESRC) \u201cSosyal Bilimi D\u00f6nu\u0308\u015ftu\u0308rme\u201d program\u0131 kapsam\u0131nda olu\u015fturulan bir proje ve bu proje su\u0308resince yap\u0131lan \u00e7e\u015fitli ara\u015ft\u0131rmalarla ortaya \u00e7\u0131kan bu<span class=\"excerpt-hellip\"> [\u2026]<\/span><\/p>\n","protected":false},"featured_media":0,"template":"","meta":{"_monsterinsights_skip_tracking":false,"_monsterinsights_sitenote_active":false,"_monsterinsights_sitenote_note":"","_monsterinsights_sitenote_category":0},"product_brand":[],"product_cat":[12767,12324],"product_tag":[],"class_list":{"0":"post-775329","1":"product","2":"type-product","3":"status-publish","5":"product_cat-kentlesme-modernlesme","6":"product_cat-sosyoloji","7":"pa_cilt-ciltsiz","8":"pa_tur-kitap","9":"pa_yayinevi-ayrinti-yayinlari","10":"pa_yazar-nikolas-rose-des-fitzgerald","12":"first","13":"instock","14":"sale","15":"shipping-taxable","16":"purchasable","17":"product-type-simple"},"_links":{"self":[{"href":"https:\/\/roveyayinevi.com.tr\/index.php\/wp-json\/wp\/v2\/product\/775329","targetHints":{"allow":["GET"]}}],"collection":[{"href":"https:\/\/roveyayinevi.com.tr\/index.php\/wp-json\/wp\/v2\/product"}],"about":[{"href":"https:\/\/roveyayinevi.com.tr\/index.php\/wp-json\/wp\/v2\/types\/product"}],"wp:attachment":[{"href":"https:\/\/roveyayinevi.com.tr\/index.php\/wp-json\/wp\/v2\/media?parent=775329"}],"wp:term":[{"taxonomy":"product_brand","embeddable":true,"href":"https:\/\/roveyayinevi.com.tr\/index.php\/wp-json\/wp\/v2\/product_brand?post=775329"},{"taxonomy":"product_cat","embeddable":true,"href":"https:\/\/roveyayinevi.com.tr\/index.php\/wp-json\/wp\/v2\/product_cat?post=775329"},{"taxonomy":"product_tag","embeddable":true,"href":"https:\/\/roveyayinevi.com.tr\/index.php\/wp-json\/wp\/v2\/product_tag?post=775329"}],"curies":[{"name":"wp","href":"https:\/\/api.w.org\/{rel}","templated":true}]}}