{"id":775324,"date":"2025-09-09T18:39:56","date_gmt":"2025-09-09T15:39:56","guid":{"rendered":"https:\/\/roveyayinevi.com.tr\/index.php\/urun\/cocuk-psikolojisi-101\/"},"modified":"2026-04-15T03:42:25","modified_gmt":"2026-04-15T00:42:25","slug":"cocuk-psikolojisi-101","status":"publish","type":"product","link":"https:\/\/roveyayinevi.com.tr\/index.php\/urun\/cocuk-psikolojisi-101\/","title":{"rendered":"\u00c7ocuk Psikolojisi 101"},"content":{"rendered":"<p>Prof. Dr. Koray Karabekiro\u011flu\u2019nun kaleme ald\u0131\u011f\u0131 \u00c7ocuk Psikolojisi 101, ebeveynlere, e\u011fitimcilere ve \u00e7ocuklarla \u00e7al\u0131\u015fan herkese \u00e7ocuklar\u0131n i\u00e7 d\u00fcnyas\u0131n\u0131 anlamaya y\u00f6nelik kapsaml\u0131 bir rehber sunuyor. Geli\u015fim d\u00f6nemlerinden duygusal ini\u015f \u00e7\u0131k\u0131\u015flara, \u00f6\u011frenme g\u00fc\u00e7l\u00fcklerinden ekran ba\u011f\u0131ml\u0131l\u0131\u011f\u0131na, \u00f6fke krizlerinden karde\u015f k\u0131skan\u00e7l\u0131\u011f\u0131na kadar \u00e7ocukluk ve ergenlik s\u00fcrecinin bir\u00e7ok y\u00f6n\u00fcn\u00fc ele al\u0131yor. Bili\u015fsel, duygusal, sosyal ve ahlaki geli\u015fim evreleri; psikolojik bozukluklar; aile i\u00e7i ileti\u015fim; ebeveynlik tarzlar\u0131 ve \u00e7ocukla sa\u011fl\u0131kl\u0131 bir ba\u011f kurman\u0131n yollar\u0131 sade bir dille anlat\u0131l\u0131yor. Ayr\u0131ca psikoterapi y\u00f6ntemlerinden davran\u0131\u015f sorunlar\u0131na, \u00e7ocuk \u00e7izimlerinin yorumlanmas\u0131ndan okul ya\u015fam\u0131na dek pek \u00e7ok konu bilimsel temellere dayanarak inceleniyor. Bu kitap, \u00e7ocuklara daha bilin\u00e7li yakla\u015fmak ve onlar\u0131n ihtiya\u00e7lar\u0131n\u0131 daha iyi anlamak isteyen herkes i\u00e7in vazge\u00e7ilmez bir ba\u015fvuru kayna\u011f\u0131. \u00c7\u00fcnk\u00fc her \u00e7ocuk, anla\u015f\u0131lmay\u0131 hak eder. <\/p>\n","protected":false},"excerpt":{"rendered":"<p>Prof. Dr. Koray Karabekiro\u011flu\u2019nun kaleme ald\u0131\u011f\u0131 \u00c7ocuk Psikolojisi 101, ebeveynlere, e\u011fitimcilere ve \u00e7ocuklarla \u00e7al\u0131\u015fan herkese \u00e7ocuklar\u0131n i\u00e7 d\u00fcnyas\u0131n\u0131 anlamaya y\u00f6nelik kapsaml\u0131 bir rehber sunuyor. Geli\u015fim d\u00f6nemlerinden<span class=\"excerpt-hellip\"> [\u2026]<\/span><\/p>\n","protected":false},"featured_media":0,"template":"","meta":{"_monsterinsights_skip_tracking":false,"_monsterinsights_sitenote_active":false,"_monsterinsights_sitenote_note":"","_monsterinsights_sitenote_category":0},"product_brand":[],"product_cat":[141304],"product_tag":[],"class_list":{"0":"post-775324","1":"product","2":"type-product","3":"status-publish","5":"product_cat-yeni-cikanlar","6":"pa_cilt-ciltsiz","7":"pa_tur-kitap","8":"pa_yayinevi-say-yayinlari","9":"pa_yazar-koray-karabekiroglu","11":"first","12":"instock","13":"sale","14":"shipping-taxable","15":"purchasable","16":"product-type-simple"},"_links":{"self":[{"href":"https:\/\/roveyayinevi.com.tr\/index.php\/wp-json\/wp\/v2\/product\/775324","targetHints":{"allow":["GET"]}}],"collection":[{"href":"https:\/\/roveyayinevi.com.tr\/index.php\/wp-json\/wp\/v2\/product"}],"about":[{"href":"https:\/\/roveyayinevi.com.tr\/index.php\/wp-json\/wp\/v2\/types\/product"}],"wp:attachment":[{"href":"https:\/\/roveyayinevi.com.tr\/index.php\/wp-json\/wp\/v2\/media?parent=775324"}],"wp:term":[{"taxonomy":"product_brand","embeddable":true,"href":"https:\/\/roveyayinevi.com.tr\/index.php\/wp-json\/wp\/v2\/product_brand?post=775324"},{"taxonomy":"product_cat","embeddable":true,"href":"https:\/\/roveyayinevi.com.tr\/index.php\/wp-json\/wp\/v2\/product_cat?post=775324"},{"taxonomy":"product_tag","embeddable":true,"href":"https:\/\/roveyayinevi.com.tr\/index.php\/wp-json\/wp\/v2\/product_tag?post=775324"}],"curies":[{"name":"wp","href":"https:\/\/api.w.org\/{rel}","templated":true}]}}