{"id":775321,"date":"2025-09-09T18:39:52","date_gmt":"2025-09-09T15:39:52","guid":{"rendered":"https:\/\/roveyayinevi.com.tr\/index.php\/urun\/ogrenme-cevikligi-ve-performans-iliskisinin-meta-analiz-ile-degerlendirilmesi\/"},"modified":"2026-04-15T03:42:25","modified_gmt":"2026-04-15T00:42:25","slug":"ogrenme-cevikligi-ve-performans-iliskisinin-meta-analiz-ile-degerlendirilmesi","status":"publish","type":"product","link":"https:\/\/roveyayinevi.com.tr\/index.php\/urun\/ogrenme-cevikligi-ve-performans-iliskisinin-meta-analiz-ile-degerlendirilmesi\/","title":{"rendered":"\u00d6\u011frenme \u00c7evikli\u011fi Ve Performans \u0130li\u015fkisinin Meta-Analiz \u0130le De\u011ferlendirilmesi"},"content":{"rendered":"<p>\u0130\u00e7indekiler :            1. B\u00d6L\u00dcM: \u00d6RG\u00dcTLERDE \u00d6RG\u00dcTSEL \u00d6\u011eRENME S\u00dcREC\u0130          2. B\u00d6L\u00dcM: PERFORMANS          3. B\u00d6L\u00dcM: Y\u00d6NTEM          4. B\u00d6L\u00dcM: BULGULAR         <\/p>\n","protected":false},"excerpt":{"rendered":"<p>\u0130\u00e7indekiler : 1. B\u00d6L\u00dcM: \u00d6RG\u00dcTLERDE \u00d6RG\u00dcTSEL \u00d6\u011eRENME S\u00dcREC\u0130 2. B\u00d6L\u00dcM: PERFORMANS 3. B\u00d6L\u00dcM: Y\u00d6NTEM 4. B\u00d6L\u00dcM: BULGULAR<\/p>\n","protected":false},"featured_media":0,"template":"","meta":{"_monsterinsights_skip_tracking":false,"_monsterinsights_sitenote_active":false,"_monsterinsights_sitenote_note":"","_monsterinsights_sitenote_category":0},"product_brand":[],"product_cat":[13043],"product_tag":[],"class_list":{"0":"post-775321","1":"product","2":"type-product","3":"status-publish","5":"product_cat-ekonomi","6":"pa_cilt-ciltsiz","7":"pa_tur-kitap","8":"pa_yayinevi-gazi-kitabevi","9":"pa_yazar-gul-gun","11":"first","12":"instock","13":"sale","14":"shipping-taxable","15":"purchasable","16":"product-type-simple"},"_links":{"self":[{"href":"https:\/\/roveyayinevi.com.tr\/index.php\/wp-json\/wp\/v2\/product\/775321","targetHints":{"allow":["GET"]}}],"collection":[{"href":"https:\/\/roveyayinevi.com.tr\/index.php\/wp-json\/wp\/v2\/product"}],"about":[{"href":"https:\/\/roveyayinevi.com.tr\/index.php\/wp-json\/wp\/v2\/types\/product"}],"wp:attachment":[{"href":"https:\/\/roveyayinevi.com.tr\/index.php\/wp-json\/wp\/v2\/media?parent=775321"}],"wp:term":[{"taxonomy":"product_brand","embeddable":true,"href":"https:\/\/roveyayinevi.com.tr\/index.php\/wp-json\/wp\/v2\/product_brand?post=775321"},{"taxonomy":"product_cat","embeddable":true,"href":"https:\/\/roveyayinevi.com.tr\/index.php\/wp-json\/wp\/v2\/product_cat?post=775321"},{"taxonomy":"product_tag","embeddable":true,"href":"https:\/\/roveyayinevi.com.tr\/index.php\/wp-json\/wp\/v2\/product_tag?post=775321"}],"curies":[{"name":"wp","href":"https:\/\/api.w.org\/{rel}","templated":true}]}}