{"id":775319,"date":"2025-09-09T18:39:49","date_gmt":"2025-09-09T15:39:49","guid":{"rendered":"https:\/\/roveyayinevi.com.tr\/index.php\/urun\/formula-1in-asi-ruhlari\/"},"modified":"2026-04-15T03:42:25","modified_gmt":"2026-04-15T00:42:25","slug":"formula-1in-asi-ruhlari","status":"publish","type":"product","link":"https:\/\/roveyayinevi.com.tr\/index.php\/urun\/formula-1in-asi-ruhlari\/","title":{"rendered":"Formula 1\u2019in Asi Ruhlar\u0131"},"content":{"rendered":"<p>Formula 1\u2019in d\u00fc\u015f\u00fc\u015ften kurtulup Amerika\u2019y\u0131 fethedi\u015fi, h\u0131z, para, entrika ve yeniden do\u011fu\u015fun nefes kesen bir kar\u0131\u015f\u0131m\u0131. NPR ve Sports Illustrated\u2019\u0131n \u201cY\u0131l\u0131n En \u0130yi Kitaplar\u0131\u201d Listesi\u2019ne giren bu kitap, modern spor d\u00fcnyas\u0131n\u0131n nas\u0131l \u015fekillendi\u011fini anlamak isteyen herkes i\u00e7in ka\u00e7\u0131r\u0131lmayacak bir eser.   Titizlikle ara\u015ft\u0131r\u0131lm\u0131\u015f, son derece kapsaml\u0131 ve s\u00fcr\u00fckleyici bir anlat\u0131mla kaleme al\u0131nan Formula 1\u2019in Asi Ruhlar\u0131, bizleri d\u00fcnyan\u0131n en g\u00f6z al\u0131c\u0131, en g\u00f6steri\u015fli ve en \u00e7alkant\u0131l\u0131 sporunun arka plan\u0131nda heyecan dolu bir tura \u00e7\u0131kar\u0131yor. Netflix\u2019te g\u00f6remeyece\u011finiz t\u00fcm perde arkas\u0131 olaylar ve \u00e7arp\u0131c\u0131 detaylarla dolu bu kitap, Formula 1 hakk\u0131nda \u015fimdiye kadar yaz\u0131lm\u0131\u015f en kapsaml\u0131 ve etkileyici eser. &#8211; Sam Walker, The Captain Class\u2019\u0131n \u00e7oksatan yazar\u0131   K\u00fcresel sporlar\u0131n perde arkas\u0131n\u0131 kimse Clegg ve Robinson kadar iyi anlatamaz. Formula 1\u2019in Asi Ruhlar\u0131, F1\u2019in Netflix \u00e7a\u011f\u0131nda nas\u0131l k\u00fcresel bir fenomene d\u00f6n\u00fc\u015ft\u00fc\u011f\u00fcn\u00fc t\u00fcm y\u00f6nleriyle g\u00f6zler \u00f6n\u00fcne seriyor. Yar\u0131\u015f d\u00e2hilerini anlatan bu kitapta, en iyi olanlar yaln\u0131zca pilotlar de\u011fil, yazarlar da bu hik\u00e2yeyi anlatma konusunda kendi klasmanlar\u0131nda zirvede. Bu kitap, sadece yar\u0131\u015flar\u0131 de\u011fil, \u00e7a\u011f\u0131n ruhunu anlat\u0131yor. &#8211; Kevin Clark, ESPN ve Omaha Productions   Bu elinize alaca\u011f\u0131n\u0131z en h\u0131zl\u0131 okunan kitap olabilir. Formula 1\u2019in Asi Ruhlar\u0131, d\u00fcnyan\u0131n en zengin, en ileri teknolojiye sahip sporunun bug\u00fcn\u00fcn\u00fc ve zaman zaman tuhaf ge\u00e7mi\u015fini g\u00f6zler \u00f6n\u00fcne seriyor. Bir solukta okunacak, ak\u0131ldan \u00e7\u0131kmayacak bir hik\u00e2ye. &#8211; A.J. Baime, \u00e7ok satan Go Like Hell: Ford, Ferrari, and Their Battle for Speed and Glory at Le Mans kitab\u0131n\u0131n yazar\u0131   <\/p>\n","protected":false},"excerpt":{"rendered":"<p>Formula 1\u2019in d\u00fc\u015f\u00fc\u015ften kurtulup Amerika\u2019y\u0131 fethedi\u015fi, h\u0131z, para, entrika ve yeniden do\u011fu\u015fun nefes kesen bir kar\u0131\u015f\u0131m\u0131. NPR ve Sports Illustrated\u2019\u0131n \u201cY\u0131l\u0131n En \u0130yi Kitaplar\u0131\u201d Listesi\u2019ne giren<span class=\"excerpt-hellip\"> [\u2026]<\/span><\/p>\n","protected":false},"featured_media":0,"template":"","meta":{"_monsterinsights_skip_tracking":false,"_monsterinsights_sitenote_active":false,"_monsterinsights_sitenote_note":"","_monsterinsights_sitenote_category":0},"product_brand":[],"product_cat":[15563,15564],"product_tag":[],"class_list":{"0":"post-775319","1":"product","2":"type-product","3":"status-publish","5":"product_cat-hobi","6":"product_cat-spor","7":"pa_cilt-ciltsiz","8":"pa_tur-kitap","9":"pa_yayinevi-profil-kitap","10":"pa_yazar-joshua-robinson-jonathan-clegg","12":"first","13":"instock","14":"sale","15":"shipping-taxable","16":"purchasable","17":"product-type-simple"},"_links":{"self":[{"href":"https:\/\/roveyayinevi.com.tr\/index.php\/wp-json\/wp\/v2\/product\/775319","targetHints":{"allow":["GET"]}}],"collection":[{"href":"https:\/\/roveyayinevi.com.tr\/index.php\/wp-json\/wp\/v2\/product"}],"about":[{"href":"https:\/\/roveyayinevi.com.tr\/index.php\/wp-json\/wp\/v2\/types\/product"}],"wp:attachment":[{"href":"https:\/\/roveyayinevi.com.tr\/index.php\/wp-json\/wp\/v2\/media?parent=775319"}],"wp:term":[{"taxonomy":"product_brand","embeddable":true,"href":"https:\/\/roveyayinevi.com.tr\/index.php\/wp-json\/wp\/v2\/product_brand?post=775319"},{"taxonomy":"product_cat","embeddable":true,"href":"https:\/\/roveyayinevi.com.tr\/index.php\/wp-json\/wp\/v2\/product_cat?post=775319"},{"taxonomy":"product_tag","embeddable":true,"href":"https:\/\/roveyayinevi.com.tr\/index.php\/wp-json\/wp\/v2\/product_tag?post=775319"}],"curies":[{"name":"wp","href":"https:\/\/api.w.org\/{rel}","templated":true}]}}