{"id":775318,"date":"2025-09-09T18:39:47","date_gmt":"2025-09-09T15:39:47","guid":{"rendered":"https:\/\/roveyayinevi.com.tr\/index.php\/urun\/matilda-duru\/"},"modified":"2026-04-15T03:42:25","modified_gmt":"2026-04-15T00:42:25","slug":"matilda-duru","status":"publish","type":"product","link":"https:\/\/roveyayinevi.com.tr\/index.php\/urun\/matilda-duru\/","title":{"rendered":"Matilda Duru"},"content":{"rendered":"<p>Baz\u0131 d\u00f6n\u00fc\u015f\u00fcmler sessiz ba\u015flar. Bir metro merdiveninde, bir r\u00fcyan\u0131n e\u015fi\u011finde ya da bir kalbin \u00e7arp\u0131nt\u0131s\u0131nda\u2026 Duru, s\u0131radan g\u00fcnlerin aras\u0131nda, kendi hayat\u0131n\u0131n puslu k\u0131y\u0131lar\u0131nda y\u00fcr\u00fcrken, bir sese rastlar. Bu ses ona ait gibidir, ama bir yabanc\u0131 kadar da uzak: Matilda. Zamanla bu f\u0131s\u0131lt\u0131 b\u00fcy\u00fcr, \u015fekillenir, ge\u00e7mi\u015fin duvarlar\u0131na \u00e7arparak yank\u0131lan\u0131r. Duru\u2019nun bildi\u011fi d\u00fcnya \u00e7atlamaya ba\u015flar. Kendine ait sand\u0131\u011f\u0131 hik\u00e2yenin, ba\u015fka bir anlat\u0131c\u0131s\u0131 daha vard\u0131r. Bir kad\u0131n, iki isim&#8230; \u0130nce bir \u00e7izgide y\u00fcr\u00fcyen bir bilin\u00e7, bast\u0131r\u0131lm\u0131\u015f duygularla \u00f6r\u00fcl\u00fc g\u00f6lgeli bir ge\u00e7mi\u015f\u2026 Ve sonunda, ka\u00e7\u0131n\u0131lmaz bir y\u00fczle\u015fme. Matilda Duru, kimli\u011fin s\u0131n\u0131rlar\u0131n\u0131 zorlayan, i\u00e7sel d\u00f6n\u00fc\u015f\u00fcm\u00fcn derin sular\u0131nda yol alan sars\u0131c\u0131 bir roman. \u0130pek Kocaman, sessizli\u011fin i\u00e7indeki \u00e7\u0131\u011fl\u0131\u011f\u0131 duyuran bu anlat\u0131s\u0131yla, okuru kendi g\u00f6lgelerine do\u011fru bir yolculu\u011fa \u00e7\u0131kar\u0131yor. Her \u015fey ne zaman de\u011fi\u015fti?Cevap, belki de \u00e7oktan f\u0131s\u0131ldand\u0131 kula\u011f\u0131n\u0131za\u2026 <\/p>\n","protected":false},"excerpt":{"rendered":"<p>Baz\u0131 d\u00f6n\u00fc\u015f\u00fcmler sessiz ba\u015flar. Bir metro merdiveninde, bir r\u00fcyan\u0131n e\u015fi\u011finde ya da bir kalbin \u00e7arp\u0131nt\u0131s\u0131nda\u2026 Duru, s\u0131radan g\u00fcnlerin aras\u0131nda, kendi hayat\u0131n\u0131n puslu k\u0131y\u0131lar\u0131nda y\u00fcr\u00fcrken, bir sese<span class=\"excerpt-hellip\"> [\u2026]<\/span><\/p>\n","protected":false},"featured_media":0,"template":"","meta":{"_monsterinsights_skip_tracking":false,"_monsterinsights_sitenote_active":false,"_monsterinsights_sitenote_note":"","_monsterinsights_sitenote_category":0},"product_brand":[],"product_cat":[12291,12711],"product_tag":[],"class_list":{"0":"post-775318","1":"product","2":"type-product","3":"status-publish","5":"product_cat-edebiyat","6":"product_cat-roman-oyku","7":"pa_cilt-ciltsiz","8":"pa_tur-kitap","9":"pa_yayinevi-profil-kitap","10":"pa_yazar-ipek-kocaman","12":"first","13":"instock","14":"sale","15":"shipping-taxable","16":"purchasable","17":"product-type-simple"},"_links":{"self":[{"href":"https:\/\/roveyayinevi.com.tr\/index.php\/wp-json\/wp\/v2\/product\/775318","targetHints":{"allow":["GET"]}}],"collection":[{"href":"https:\/\/roveyayinevi.com.tr\/index.php\/wp-json\/wp\/v2\/product"}],"about":[{"href":"https:\/\/roveyayinevi.com.tr\/index.php\/wp-json\/wp\/v2\/types\/product"}],"wp:attachment":[{"href":"https:\/\/roveyayinevi.com.tr\/index.php\/wp-json\/wp\/v2\/media?parent=775318"}],"wp:term":[{"taxonomy":"product_brand","embeddable":true,"href":"https:\/\/roveyayinevi.com.tr\/index.php\/wp-json\/wp\/v2\/product_brand?post=775318"},{"taxonomy":"product_cat","embeddable":true,"href":"https:\/\/roveyayinevi.com.tr\/index.php\/wp-json\/wp\/v2\/product_cat?post=775318"},{"taxonomy":"product_tag","embeddable":true,"href":"https:\/\/roveyayinevi.com.tr\/index.php\/wp-json\/wp\/v2\/product_tag?post=775318"}],"curies":[{"name":"wp","href":"https:\/\/api.w.org\/{rel}","templated":true}]}}