{"id":775314,"date":"2025-09-09T18:39:38","date_gmt":"2025-09-09T15:39:38","guid":{"rendered":"https:\/\/roveyayinevi.com.tr\/index.php\/urun\/keloglan-masallari-8\/"},"modified":"2026-04-15T03:42:25","modified_gmt":"2026-04-15T00:42:25","slug":"keloglan-masallari-8","status":"publish","type":"product","link":"https:\/\/roveyayinevi.com.tr\/index.php\/urun\/keloglan-masallari-8\/","title":{"rendered":"Kelo\u011flan Masallar\u0131"},"content":{"rendered":"<p>\u2018Olmaz masald\u0131r bunun ad\u0131, s\u00f6ylemek ile \u00e7\u0131kar tad\u0131. Derelerden gelir sel gibi, tepelerden gelir yel gibi. Konup g\u00f6\u00e7erek, l\u00e2le s\u00fcmb\u00fcl bi\u00e7erek. Vara vara vard\u0131m bir kahvenin peykesine, k\u0131rk ki\u015fi ile ahbap oldum. Ak sakal, kara sakal, \u00e7engelli sakal, hey o\u011flan bunlarda bir f\u0131s\u0131lt\u0131 var. \u0130\u00e7 merdiven, d\u0131\u015f merdiven. Merdivenden \u00e7\u0131kt\u0131m yukar\u0131, k\u0131rk k\u0131z oturmu\u015f. O nazeninim k\u0131zlar, and\u0131k\u00e7a y\u00fcrekler s\u0131zlar. Perdeyi kald\u0131rd\u0131m bir k\u0131z oturmu\u015f dedi ki bana \u201cBehey o\u011flan, derlek, toplak, bald\u0131r\u0131 \u00e7\u0131plak ne gezersin bu vefas\u0131z d\u00fcnyada.\u201d Bir kere masal\u0131n dili a\u00e7\u0131ld\u0131 m\u0131 onun s\u00f6z\u00fcn\u00fc kesmeye kimsenin g\u00fcc\u00fc yetmez. Cambazlar, de\u011firmenciler, sihirli k\u00fclahla dola\u015fanlar, leblebiciler, alt\u0131n b\u00fclb\u00fcller, \u00e7il horoz yan\u0131nda \u015fahmaranlar, pamuk prensesler, h\u0131rs\u0131zlar, padi\u015fah \u00e7ocuklar\u0131; akl\u0131n ve hayalin \u015fehirlerini ku\u015fat\u0131r, olmazlar olur, d\u00f6nmezler gelir, \u00f6ks\u00fcz hakk\u0131n\u0131, sevdal\u0131 a\u015fk\u0131n\u0131 mutlaka bulur. Kelo\u011flan ortak \u015fuurun berrakl\u0131\u011f\u0131nda b\u00fct\u00fcn sular\u0131 ge\u00e7er, g\u00fclmeyeni g\u00fcld\u00fcr\u00fcp d\u00fc\u015f\u00fcnmeyeni d\u00fc\u015f\u00fcnd\u00fcr\u00fcr. Mustafa Duman, y\u00fczlerce yazma, binlerce ara\u015ft\u0131rma ve onca yay\u0131n aras\u0131nda gezerek \u00f6mr\u00fcn\u00fcn birikimini bu kez Kelo\u011flan Masallar\u0131 olarak sunuyor bize. Belki de ilk kez Kelo\u011flan tam manas\u0131yla ger\u00e7ek zenginli\u011fine kavu\u015fuyor. Bu dil oldu\u011fu kadar k\u00fclt\u00fcr, hayal oldu\u011fu kadar s\u00fcrprizler \u015fenli\u011fi ka\u00e7\u0131r\u0131lmaz. <\/p>\n","protected":false},"excerpt":{"rendered":"<p>\u2018Olmaz masald\u0131r bunun ad\u0131, s\u00f6ylemek ile \u00e7\u0131kar tad\u0131. Derelerden gelir sel gibi, tepelerden gelir yel gibi. Konup g\u00f6\u00e7erek, l\u00e2le s\u00fcmb\u00fcl bi\u00e7erek. Vara vara vard\u0131m bir kahvenin<span class=\"excerpt-hellip\"> [\u2026]<\/span><\/p>\n","protected":false},"featured_media":0,"template":"","meta":{"_monsterinsights_skip_tracking":false,"_monsterinsights_sitenote_active":false,"_monsterinsights_sitenote_note":"","_monsterinsights_sitenote_category":0},"product_brand":[],"product_cat":[12291,13706],"product_tag":[],"class_list":{"0":"post-775314","1":"product","2":"type-product","3":"status-publish","5":"product_cat-edebiyat","6":"product_cat-efsane-destan-masal","7":"pa_cilt-ciltsiz","8":"pa_tur-kitap","9":"pa_yayinevi-kapi-yayinlari","10":"pa_yazar-kolektif","12":"first","13":"instock","14":"sale","15":"shipping-taxable","16":"purchasable","17":"product-type-simple"},"_links":{"self":[{"href":"https:\/\/roveyayinevi.com.tr\/index.php\/wp-json\/wp\/v2\/product\/775314","targetHints":{"allow":["GET"]}}],"collection":[{"href":"https:\/\/roveyayinevi.com.tr\/index.php\/wp-json\/wp\/v2\/product"}],"about":[{"href":"https:\/\/roveyayinevi.com.tr\/index.php\/wp-json\/wp\/v2\/types\/product"}],"wp:attachment":[{"href":"https:\/\/roveyayinevi.com.tr\/index.php\/wp-json\/wp\/v2\/media?parent=775314"}],"wp:term":[{"taxonomy":"product_brand","embeddable":true,"href":"https:\/\/roveyayinevi.com.tr\/index.php\/wp-json\/wp\/v2\/product_brand?post=775314"},{"taxonomy":"product_cat","embeddable":true,"href":"https:\/\/roveyayinevi.com.tr\/index.php\/wp-json\/wp\/v2\/product_cat?post=775314"},{"taxonomy":"product_tag","embeddable":true,"href":"https:\/\/roveyayinevi.com.tr\/index.php\/wp-json\/wp\/v2\/product_tag?post=775314"}],"curies":[{"name":"wp","href":"https:\/\/api.w.org\/{rel}","templated":true}]}}