{"id":775313,"date":"2025-09-09T18:39:36","date_gmt":"2025-09-09T15:39:36","guid":{"rendered":"https:\/\/roveyayinevi.com.tr\/index.php\/urun\/isyan-surgunleri-2\/"},"modified":"2026-04-15T03:42:25","modified_gmt":"2026-04-15T00:42:25","slug":"isyan-surgunleri-2","status":"publish","type":"product","link":"https:\/\/roveyayinevi.com.tr\/index.php\/urun\/isyan-surgunleri-2\/","title":{"rendered":"\u0130syan S\u00fcrg\u00fcnleri"},"content":{"rendered":"<p>\u201cBir co\u011frafyadan e\u015fhas\u0131n\u0131 ve e\u015fraf\u0131n\u0131 s\u00f6k\u00fcp atarsan\u0131z; geriye kalan sadece h\u00fcz\u00fcnd\u00fcr. Bir de virane bayku\u015f yurdu sahipsiz mek\u00e2nlar&#8230;\u201d   \u0130syan S\u00fcrg\u00fcnleri, \u015eeyhmus Diken\u2019in Diyarbekir Diyar\u0131m, Yitirmi\u015fem Yanar\u0131m ile ba\u015flayan s\u00f6zl\u00fc tarih \u00e7al\u0131\u015fmalar\u0131n\u0131n ikincisi. Merkezine 1925 \u015eeyh Sait \u0130syan\u0131\u2019n\u0131 alan s\u00f6yle\u015filerde \u015eeyhmus Diken isyan\u0131n ard\u0131ndan s\u00fcrg\u00fcne g\u00f6nderilenlerin aileleriyle, eski Diyarbak\u0131rl\u0131larla sohbet ediyor. Gurbet hik\u00e2yelerinin, yolculuklar\u0131n, aflar\u0131n ve yeniden s\u00fcrg\u00fcnlerin tan\u0131klar\u0131n a\u011fz\u0131ndan do\u011frudan aktar\u0131ld\u0131\u011f\u0131 bu kitap, k\u00fclt\u00fcrel haf\u0131zan\u0131n kayda ge\u00e7mesi yolunda k\u0131ymetli bir \u00e7al\u0131\u015fma. Bir \u015fehrin; kimli\u011finden, tarihten gelen ki\u015fili\u011finden uzak d\u00fc\u015fmesinde hoyrat ellerin m\u00fcdahalesi kadar, \u015fehir insan\u0131n\u0131n \u015fehrinden uzak d\u00fc\u015f\u00fcr\u00fclmesinin de etkisi b\u00fcy\u00fckt\u00fcr.<\/p>\n","protected":false},"excerpt":{"rendered":"<p>\u201cBir co\u011frafyadan e\u015fhas\u0131n\u0131 ve e\u015fraf\u0131n\u0131 s\u00f6k\u00fcp atarsan\u0131z; geriye kalan sadece h\u00fcz\u00fcnd\u00fcr. Bir de virane bayku\u015f yurdu sahipsiz mek\u00e2nlar&#8230;\u201d \u0130syan S\u00fcrg\u00fcnleri, \u015eeyhmus Diken\u2019in Diyarbekir Diyar\u0131m, Yitirmi\u015fem Yanar\u0131m<span class=\"excerpt-hellip\"> [\u2026]<\/span><\/p>\n","protected":false},"featured_media":0,"template":"","meta":{"_monsterinsights_skip_tracking":false,"_monsterinsights_sitenote_active":false,"_monsterinsights_sitenote_note":"","_monsterinsights_sitenote_category":0},"product_brand":[],"product_cat":[12291,30969],"product_tag":[],"class_list":{"0":"post-775313","1":"product","2":"type-product","3":"status-publish","5":"product_cat-edebiyat","6":"product_cat-soylesi-edebiyat","7":"pa_cilt-ciltsiz","8":"pa_tur-kitap","9":"pa_yayinevi-alfa-yayinlari","10":"pa_yazar-seyhmus-diken","12":"first","13":"instock","14":"sale","15":"shipping-taxable","16":"purchasable","17":"product-type-simple"},"_links":{"self":[{"href":"https:\/\/roveyayinevi.com.tr\/index.php\/wp-json\/wp\/v2\/product\/775313","targetHints":{"allow":["GET"]}}],"collection":[{"href":"https:\/\/roveyayinevi.com.tr\/index.php\/wp-json\/wp\/v2\/product"}],"about":[{"href":"https:\/\/roveyayinevi.com.tr\/index.php\/wp-json\/wp\/v2\/types\/product"}],"wp:attachment":[{"href":"https:\/\/roveyayinevi.com.tr\/index.php\/wp-json\/wp\/v2\/media?parent=775313"}],"wp:term":[{"taxonomy":"product_brand","embeddable":true,"href":"https:\/\/roveyayinevi.com.tr\/index.php\/wp-json\/wp\/v2\/product_brand?post=775313"},{"taxonomy":"product_cat","embeddable":true,"href":"https:\/\/roveyayinevi.com.tr\/index.php\/wp-json\/wp\/v2\/product_cat?post=775313"},{"taxonomy":"product_tag","embeddable":true,"href":"https:\/\/roveyayinevi.com.tr\/index.php\/wp-json\/wp\/v2\/product_tag?post=775313"}],"curies":[{"name":"wp","href":"https:\/\/api.w.org\/{rel}","templated":true}]}}