{"id":775311,"date":"2025-09-09T18:39:32","date_gmt":"2025-09-09T15:39:32","guid":{"rendered":"https:\/\/roveyayinevi.com.tr\/index.php\/urun\/amerikan-kurgulugu\/"},"modified":"2025-09-11T17:18:24","modified_gmt":"2025-09-11T14:18:24","slug":"amerikan-kurgulugu","status":"publish","type":"product","link":"https:\/\/roveyayinevi.com.tr\/index.php\/urun\/amerikan-kurgulugu\/","title":{"rendered":"Amerikan  Kurgulu\u011fu"},"content":{"rendered":"<p>\u201cAnnem ba\u015fka insanlar\u0131n \u00f6l\u00fcmlerini biriktiriyor, kumbaradaki bozuk paralarm\u0131\u015f gibi onlar\u0131 kederle t\u0131k\u0131rdat\u0131yor.\u201d   Amerikan Kurgulu\u011fu bir kurgu-s\u00f6zl\u00fck, yani \u201ckurguluk\u201d. Balkan edebiyat\u0131n\u0131n en \u00f6nemli isimlerinden Dubravka Ugre\u0161i\u0107, 1990\u2019lar\u0131n ba\u015f\u0131nda, Yugoslavya par\u00e7alan\u0131rken ge\u00e7ici olarak Amerika\u2019ya gider. Connecticut\u2019ta bir \u00fcniversitede konuk \u00f6\u011fretim g\u00f6revlisi olarak ge\u00e7irdi\u011fi aylarda tuttu\u011fu bu edebi s\u00f6zl\u00fck; ABD\u2019nin rahatl\u0131k k\u00fclt\u00fcr\u00fcn\u00fc, al\u0131\u015fkanl\u0131klar\u0131n\u0131 ve dillerini didik didik eder. Ko\u015fu bantlar\u0131, beden tak\u0131nt\u0131s\u0131, televizyon programlar\u0131 ve akademik nezaket kal\u0131plar\u0131, yazar\u0131n g\u00f6z\u00fcnde hem b\u00fcy\u00fcleyici hem de tekinsizdir. S\u00f6zl\u00fckteki her madde ki\u015fisel, politik ve edebi bir tart\u0131\u015fma alan\u0131 a\u00e7ar. Amerikan ya\u015fam\u0131 \u00fczerine yaz\u0131lm\u0131\u015f gibi g\u00f6r\u00fcnen bu metinler, asl\u0131nda yerinden edilmi\u015fli\u011fin izini s\u00fcrer. Amerikan Kurgulu\u011fu, hem Bat\u0131\u2019ya yaz\u0131lm\u0131\u015f bir mektup hem Do\u011fu Avrupa\u2019dan y\u00fckselen sessiz bir a\u011f\u0131tt\u0131r.   Yirminci y\u00fczy\u0131l\u0131n en b\u00fcy\u00fck mitlerinden biri, yirminci y\u00fczy\u0131l\u0131n ortalar\u0131nda Hollywood ile Madison Meydan\u0131 aras\u0131nda hayat bulan \u201cAmericana\u201d yani Amerika\u2019n\u0131n kendine dair sahip oldu\u011fu imaj\u0131d\u0131r. Y\u0131llar i\u00e7inde olu\u015fturulan bu mit, Warhol\u2019un Campbell \u00e7orba konservesini resmetti\u011fi tablosunda en sofistike haline ula\u015ft\u0131 ve o zamandan bu yana filmlerde, romanlarda, televizyonda ve bir kez daha hayat\u0131n i\u00e7inde tekrarland\u0131. Bug\u00fcn milyonlarca insan\u0131n \u00e7orba m\u0131 yoksa mit mi h\u00f6p\u00fcrdettikleri tam olarak belli de\u011fil. <\/p>\n","protected":false},"excerpt":{"rendered":"<p>\u201cAnnem ba\u015fka insanlar\u0131n \u00f6l\u00fcmlerini biriktiriyor, kumbaradaki bozuk paralarm\u0131\u015f gibi onlar\u0131 kederle t\u0131k\u0131rdat\u0131yor.\u201d Amerikan Kurgulu\u011fu bir kurgu-s\u00f6zl\u00fck, yani \u201ckurguluk\u201d. Balkan edebiyat\u0131n\u0131n en \u00f6nemli isimlerinden Dubravka Ugre\u0161i\u0107, 1990\u2019lar\u0131n<span class=\"excerpt-hellip\"> [\u2026]<\/span><\/p>\n","protected":false},"featured_media":0,"template":"","meta":{"_monsterinsights_skip_tracking":false,"_monsterinsights_sitenote_active":false,"_monsterinsights_sitenote_note":"","_monsterinsights_sitenote_category":0},"product_brand":[],"product_cat":[12777,12291],"product_tag":[],"class_list":{"0":"post-775311","1":"product","2":"type-product","3":"status-publish","5":"product_cat-deneme","6":"product_cat-edebiyat","7":"pa_cilt-ciltsiz","8":"pa_tur-kitap","9":"pa_yayinevi-everest-yayinlari","10":"pa_yazar-dubravka-ugresic","12":"first","13":"instock","14":"sale","15":"shipping-taxable","16":"purchasable","17":"product-type-simple"},"_links":{"self":[{"href":"https:\/\/roveyayinevi.com.tr\/index.php\/wp-json\/wp\/v2\/product\/775311","targetHints":{"allow":["GET"]}}],"collection":[{"href":"https:\/\/roveyayinevi.com.tr\/index.php\/wp-json\/wp\/v2\/product"}],"about":[{"href":"https:\/\/roveyayinevi.com.tr\/index.php\/wp-json\/wp\/v2\/types\/product"}],"wp:attachment":[{"href":"https:\/\/roveyayinevi.com.tr\/index.php\/wp-json\/wp\/v2\/media?parent=775311"}],"wp:term":[{"taxonomy":"product_brand","embeddable":true,"href":"https:\/\/roveyayinevi.com.tr\/index.php\/wp-json\/wp\/v2\/product_brand?post=775311"},{"taxonomy":"product_cat","embeddable":true,"href":"https:\/\/roveyayinevi.com.tr\/index.php\/wp-json\/wp\/v2\/product_cat?post=775311"},{"taxonomy":"product_tag","embeddable":true,"href":"https:\/\/roveyayinevi.com.tr\/index.php\/wp-json\/wp\/v2\/product_tag?post=775311"}],"curies":[{"name":"wp","href":"https:\/\/api.w.org\/{rel}","templated":true}]}}