{"id":775310,"date":"2025-09-09T18:39:29","date_gmt":"2025-09-09T15:39:29","guid":{"rendered":"https:\/\/roveyayinevi.com.tr\/index.php\/urun\/suleyman-askeri-bey-2\/"},"modified":"2026-04-15T03:42:25","modified_gmt":"2026-04-15T00:42:25","slug":"suleyman-askeri-bey-2","status":"publish","type":"product","link":"https:\/\/roveyayinevi.com.tr\/index.php\/urun\/suleyman-askeri-bey-2\/","title":{"rendered":"S\u00fcleyman Askeri Bey"},"content":{"rendered":"<p>\u2018Ben, S\u00fcleyman Askeri&#8230; Te\u015fkilat-\u0131 Mahsusa\u2019n\u0131n ilk ba\u015fkan\u0131. Enver Pa\u015fa\u2019n\u0131n s\u0131rda\u015f\u0131. Hayat\u0131m\u0131 devletin gelece\u011fine, milletin yar\u0131nlar\u0131na adam\u0131\u015f bir g\u00f6n\u00fcll\u00fc. Can\u0131ndan ge\u00e7mi\u015f, can\u0131n\u0131 vatan\u0131na adam\u0131\u015f, adanm\u0131\u015f\u0131m. Falc\u0131n\u0131n, \u201cCan\u0131na k\u0131yacaks\u0131n!\u201d deyi\u015fine bu y\u00fczden g\u00fclm\u00fc\u015f\u00fcm. Bo\u015f vermi\u015fim. Can\u0131mdan, canan\u0131mdan \u00e7oktan vazge\u00e7mi\u015fim. Ben kendi fal\u0131ma kendim bakm\u0131\u015f birisiyim. Falc\u0131n\u0131n s\u00f6zlerine bu y\u00fczden g\u00fcl\u00fc\u015f\u00fcm. Bizler, \u00f6l\u00fcme g\u00fcl\u00fcmseyenler&#8230; Ben S\u00fcleyman Askeri. \u0130ttihat\u00e7\u0131 S\u00fcleyman Askeri. Balkan da\u011flar\u0131n\u0131n tozunu atm\u0131\u015f, Manast\u0131r\u2019da kur\u015fun seslerinde \u201cH\u00fcrriyet\u201d t\u00fcrk\u00fcs\u00fcn\u00fc s\u00f6ylemi\u015fim. Vatan\u0131n neresi yang\u0131na d\u00f6nd\u00fcyse pervaneler gibi ko\u015fmu\u015fum. Ate\u015fe tutkun birisiyim.\u2019 \u0130smail Bilgin, yak\u0131n tarihin \u00e7arp\u0131c\u0131 simalar\u0131ndan S\u00fcleyman Askeri Bey\u2019in pe\u015finde ya\u015fad\u0131\u011f\u0131m\u0131z y\u00fczy\u0131l\u0131n perdelerini bir bir indiriyor. Tarih ve edebiyat\u0131, insan ve toplum \u00fczerinde bir b\u00fcy\u00fcte\u00e7 gibi gezdiriyor.<\/p>\n","protected":false},"excerpt":{"rendered":"<p>\u2018Ben, S\u00fcleyman Askeri&#8230; Te\u015fkilat-\u0131 Mahsusa\u2019n\u0131n ilk ba\u015fkan\u0131. Enver Pa\u015fa\u2019n\u0131n s\u0131rda\u015f\u0131. Hayat\u0131m\u0131 devletin gelece\u011fine, milletin yar\u0131nlar\u0131na adam\u0131\u015f bir g\u00f6n\u00fcll\u00fc. Can\u0131ndan ge\u00e7mi\u015f, can\u0131n\u0131 vatan\u0131na adam\u0131\u015f, adanm\u0131\u015f\u0131m. Falc\u0131n\u0131n, \u201cCan\u0131na<span class=\"excerpt-hellip\"> [\u2026]<\/span><\/p>\n","protected":false},"featured_media":0,"template":"","meta":{"_monsterinsights_skip_tracking":false,"_monsterinsights_sitenote_active":false,"_monsterinsights_sitenote_note":"","_monsterinsights_sitenote_category":0},"product_brand":[],"product_cat":[12291,12745],"product_tag":[],"class_list":{"0":"post-775310","1":"product","2":"type-product","3":"status-publish","5":"product_cat-edebiyat","6":"product_cat-tarihi-roman","7":"pa_cilt-ciltsiz","8":"pa_tur-kitap","9":"pa_yayinevi-kapi-yayinlari","10":"pa_yazar-ismail-bilgin","12":"first","13":"instock","14":"sale","15":"shipping-taxable","16":"purchasable","17":"product-type-simple"},"_links":{"self":[{"href":"https:\/\/roveyayinevi.com.tr\/index.php\/wp-json\/wp\/v2\/product\/775310","targetHints":{"allow":["GET"]}}],"collection":[{"href":"https:\/\/roveyayinevi.com.tr\/index.php\/wp-json\/wp\/v2\/product"}],"about":[{"href":"https:\/\/roveyayinevi.com.tr\/index.php\/wp-json\/wp\/v2\/types\/product"}],"wp:attachment":[{"href":"https:\/\/roveyayinevi.com.tr\/index.php\/wp-json\/wp\/v2\/media?parent=775310"}],"wp:term":[{"taxonomy":"product_brand","embeddable":true,"href":"https:\/\/roveyayinevi.com.tr\/index.php\/wp-json\/wp\/v2\/product_brand?post=775310"},{"taxonomy":"product_cat","embeddable":true,"href":"https:\/\/roveyayinevi.com.tr\/index.php\/wp-json\/wp\/v2\/product_cat?post=775310"},{"taxonomy":"product_tag","embeddable":true,"href":"https:\/\/roveyayinevi.com.tr\/index.php\/wp-json\/wp\/v2\/product_tag?post=775310"}],"curies":[{"name":"wp","href":"https:\/\/api.w.org\/{rel}","templated":true}]}}