{"id":775308,"date":"2025-09-09T18:39:27","date_gmt":"2025-09-09T15:39:27","guid":{"rendered":"https:\/\/roveyayinevi.com.tr\/index.php\/urun\/narsistik-iliskilerin-psikanalizi\/"},"modified":"2026-04-15T03:42:25","modified_gmt":"2026-04-15T00:42:25","slug":"narsistik-iliskilerin-psikanalizi","status":"publish","type":"product","link":"https:\/\/roveyayinevi.com.tr\/index.php\/urun\/narsistik-iliskilerin-psikanalizi\/","title":{"rendered":"Narsistik \u0130li\u015fkilerin Psikanalizi"},"content":{"rendered":"<p>Narsistik bir ili\u015fkinin karanl\u0131k dehlizlerinde kaybolmu\u015f, de\u011fersizlik hissiyle bo\u011fu\u015fuyor ya da ailenizdeki y\u0131prat\u0131c\u0131 dinamiklerin k\u00f6kenini anlamak m\u0131 istiyorsunuz?   Uzman Psikolog Sezer Erg\u00f6r, bu kitapta narsistik ki\u015filik \u00f6r\u00fcnt\u00fcs\u00fcn\u00fcn romantik ve aile ili\u015fkilerindeki y\u0131k\u0131c\u0131 etkilerini psikanalik bir perspektifle inceliyor. Manip\u00fclasyon tekniklerini, ruhsal b\u00fct\u00fcnl\u00fc\u011f\u00fcm\u00fcz \u00fczerindeki derin etkileri ve kendilik alg\u0131m\u0131z\u0131n nas\u0131l deforme edildi\u011fini titizlikle analiz ediyor.   Ger\u00e7ek ya\u015famdan hik\u00e2yeler ve psikanalitik analizlerle zenginle\u015ftirilmi\u015f bu eser, narsistik davran\u0131\u015f bi\u00e7imlerini kolayca fark etmenizi sa\u011flayacak. Aile i\u00e7i narsisizmin t\u00fcm dinamiklerini g\u00f6zler \u00f6n\u00fcne sererek, \u00f6z kimli\u011finizi yeniden in\u015fa etmenin, sa\u011fl\u0131kl\u0131 s\u0131n\u0131rlar koyman\u0131n ve kendi i\u00e7sel g\u00fcc\u00fcn\u00fcz\u00fc ke\u015ffetmenin yollar\u0131n\u0131 sunuyor. <\/p>\n","protected":false},"excerpt":{"rendered":"<p>Narsistik bir ili\u015fkinin karanl\u0131k dehlizlerinde kaybolmu\u015f, de\u011fersizlik hissiyle bo\u011fu\u015fuyor ya da ailenizdeki y\u0131prat\u0131c\u0131 dinamiklerin k\u00f6kenini anlamak m\u0131 istiyorsunuz? Uzman Psikolog Sezer Erg\u00f6r, bu kitapta narsistik ki\u015filik<span class=\"excerpt-hellip\"> [\u2026]<\/span><\/p>\n","protected":false},"featured_media":0,"template":"","meta":{"_monsterinsights_skip_tracking":false,"_monsterinsights_sitenote_active":false,"_monsterinsights_sitenote_note":"","_monsterinsights_sitenote_category":0},"product_brand":[],"product_cat":[13835],"product_tag":[],"class_list":{"0":"post-775308","1":"product","2":"type-product","3":"status-publish","5":"product_cat-cok-satanlar","6":"pa_cilt-ciltsiz","7":"pa_tur-kitap","8":"pa_yayinevi-favori-yayinlari","9":"pa_yazar-sezer-ergor","11":"first","12":"instock","13":"sale","14":"shipping-taxable","15":"purchasable","16":"product-type-simple"},"_links":{"self":[{"href":"https:\/\/roveyayinevi.com.tr\/index.php\/wp-json\/wp\/v2\/product\/775308","targetHints":{"allow":["GET"]}}],"collection":[{"href":"https:\/\/roveyayinevi.com.tr\/index.php\/wp-json\/wp\/v2\/product"}],"about":[{"href":"https:\/\/roveyayinevi.com.tr\/index.php\/wp-json\/wp\/v2\/types\/product"}],"wp:attachment":[{"href":"https:\/\/roveyayinevi.com.tr\/index.php\/wp-json\/wp\/v2\/media?parent=775308"}],"wp:term":[{"taxonomy":"product_brand","embeddable":true,"href":"https:\/\/roveyayinevi.com.tr\/index.php\/wp-json\/wp\/v2\/product_brand?post=775308"},{"taxonomy":"product_cat","embeddable":true,"href":"https:\/\/roveyayinevi.com.tr\/index.php\/wp-json\/wp\/v2\/product_cat?post=775308"},{"taxonomy":"product_tag","embeddable":true,"href":"https:\/\/roveyayinevi.com.tr\/index.php\/wp-json\/wp\/v2\/product_tag?post=775308"}],"curies":[{"name":"wp","href":"https:\/\/api.w.org\/{rel}","templated":true}]}}