{"id":775302,"date":"2025-09-09T18:39:18","date_gmt":"2025-09-09T15:39:18","guid":{"rendered":"https:\/\/roveyayinevi.com.tr\/index.php\/urun\/yeniden-dogus-gezegeni-mideye-indirmeden-tum-dunyayi-besleyebiliriz\/"},"modified":"2026-04-15T03:42:24","modified_gmt":"2026-04-15T00:42:24","slug":"yeniden-dogus-gezegeni-mideye-indirmeden-tum-dunyayi-besleyebiliriz","status":"publish","type":"product","link":"https:\/\/roveyayinevi.com.tr\/index.php\/urun\/yeniden-dogus-gezegeni-mideye-indirmeden-tum-dunyayi-besleyebiliriz\/","title":{"rendered":"Yeniden Do\u011fu\u015f \u2013 Gezegeni Mideye \u0130ndirmeden T\u00fcm D\u00fcnyay\u0131 Besleyebiliriz"},"content":{"rendered":"<p>\u201cMuhte\u015fem\u2026 Kalpleri ve zihinleri de\u011fi\u015ftirebilecek bir kitap varsa i\u015fte budur.\u201d \u2013The Observer Tar\u0131m, d\u00fcnyan\u0131n en b\u00fcy\u00fck \u00e7evresel y\u0131k\u0131m sebebidir \u2013 \u00fcstelik \u00fczerine konu\u015fmaya en az haz\u0131r oldu\u011fumuz meseledir. Kentsel yay\u0131lmay\u0131 ele\u015ftiriyoruz ancak tar\u0131m otuz kat daha fazla alana yay\u0131l\u0131yor. Gezegenin b\u00fcy\u00fck b\u00f6l\u00fcm\u00fcn\u00fc s\u00fcrerek ve otlatarak, ormanlar\u0131 keserek, yaban hayat\u0131n\u0131 \u00f6ld\u00fcrerek ve nehirleri, okyanuslar\u0131 zehirleyerek kendimizi besledik. Yine de milyonlarca insan h\u00e2l\u00e2 a\u00e7l\u0131k \u00e7ekiyor. G\u0131da sistemiyse t\u00f6kezlemeye ba\u015flad\u0131. George Monbiot bu sars\u0131c\u0131 ve \u00f6zg\u00fcn kitab\u0131nda, \u00e7evresel y\u0131k\u0131ma ve g\u0131da krizine dair en b\u00fcy\u00fck a\u00e7mazlar\u0131m\u0131z\u0131 \u00e7\u00f6zebilece\u011fimizi ve gezegeni mideye indirmeden t\u00fcm d\u00fcnyay\u0131 besleyebilece\u011fimizi ortaya koyuyor. Neolitik d\u00f6nemden bu yana ilk kez, yaln\u0131zca g\u0131da sistemimizi de\u011fil, t\u00fcm canl\u0131 d\u00fcnyayla ili\u015fkimizi d\u00f6n\u00fc\u015ft\u00fcrme f\u0131rsat\u0131na sahip oldu\u011fumuzu anlat\u0131yor. Toprak ekolojisindeki \u015fa\u015f\u0131rt\u0131c\u0131 geli\u015fmelerden yola \u00e7\u0131kan Monbiot, daha az tar\u0131mla daha \u00e7ok g\u0131da \u00fcretmemizin nas\u0131l m\u00fcmk\u00fcn olabilece\u011fini tart\u0131\u015f\u0131yor. Verimlilik anlay\u0131\u015f\u0131nda devrim niteli\u011finde y\u00f6ntemler uygulayan meyve-sebze yeti\u015ftiricilerinden topra\u011f\u0131 sabanlardan ve zehirlerden kurtaran tah\u0131l \u0131slah\u00e7\u0131lar\u0131na; protein ve ya\u011f\u0131 \u00fcretmenin yeni yollar\u0131na \u00f6nc\u00fcl\u00fck eden bilim insanlar\u0131na dek bu y\u00f6ntemleri hayata ge\u00e7iren insanlarla bulu\u015fturuyor bizleri. Yeniden Do\u011fu\u015f kitab\u0131 gezegenimizle bar\u0131\u015fmam\u0131za, onun canl\u0131 sistemlerini onarmam\u0131za ve yok olu\u015f \u00e7a\u011f\u0131n\u0131n yerine yeniden do\u011fu\u015f \u00e7a\u011f\u0131n\u0131 getirmemize olanak sa\u011flayacak bir bak\u0131\u015f a\u00e7\u0131s\u0131n\u0131 okurlarla bulu\u015fturuyor. <\/p>\n","protected":false},"excerpt":{"rendered":"<p>\u201cMuhte\u015fem\u2026 Kalpleri ve zihinleri de\u011fi\u015ftirebilecek bir kitap varsa i\u015fte budur.\u201d \u2013The Observer Tar\u0131m, d\u00fcnyan\u0131n en b\u00fcy\u00fck \u00e7evresel y\u0131k\u0131m sebebidir \u2013 \u00fcstelik \u00fczerine konu\u015fmaya en az haz\u0131r<span class=\"excerpt-hellip\"> [\u2026]<\/span><\/p>\n","protected":false},"featured_media":0,"template":"","meta":{"_monsterinsights_skip_tracking":false,"_monsterinsights_sitenote_active":false,"_monsterinsights_sitenote_note":"","_monsterinsights_sitenote_category":0},"product_brand":[],"product_cat":[12364],"product_tag":[],"class_list":{"0":"post-775302","1":"product","2":"type-product","3":"status-publish","5":"product_cat-genel-konular","6":"pa_cilt-ciltsiz","7":"pa_tur-kitap","8":"pa_yayinevi-minotor-kitap","9":"pa_yazar-george-monbiot","11":"first","12":"instock","13":"sale","14":"shipping-taxable","15":"purchasable","16":"product-type-simple"},"_links":{"self":[{"href":"https:\/\/roveyayinevi.com.tr\/index.php\/wp-json\/wp\/v2\/product\/775302","targetHints":{"allow":["GET"]}}],"collection":[{"href":"https:\/\/roveyayinevi.com.tr\/index.php\/wp-json\/wp\/v2\/product"}],"about":[{"href":"https:\/\/roveyayinevi.com.tr\/index.php\/wp-json\/wp\/v2\/types\/product"}],"wp:attachment":[{"href":"https:\/\/roveyayinevi.com.tr\/index.php\/wp-json\/wp\/v2\/media?parent=775302"}],"wp:term":[{"taxonomy":"product_brand","embeddable":true,"href":"https:\/\/roveyayinevi.com.tr\/index.php\/wp-json\/wp\/v2\/product_brand?post=775302"},{"taxonomy":"product_cat","embeddable":true,"href":"https:\/\/roveyayinevi.com.tr\/index.php\/wp-json\/wp\/v2\/product_cat?post=775302"},{"taxonomy":"product_tag","embeddable":true,"href":"https:\/\/roveyayinevi.com.tr\/index.php\/wp-json\/wp\/v2\/product_tag?post=775302"}],"curies":[{"name":"wp","href":"https:\/\/api.w.org\/{rel}","templated":true}]}}