{"id":775299,"date":"2025-09-09T18:39:13","date_gmt":"2025-09-09T15:39:13","guid":{"rendered":"https:\/\/roveyayinevi.com.tr\/index.php\/urun\/gizlenen\/"},"modified":"2026-04-15T03:41:46","modified_gmt":"2026-04-15T00:41:46","slug":"gizlenen","status":"publish","type":"product","link":"https:\/\/roveyayinevi.com.tr\/index.php\/urun\/gizlenen\/","title":{"rendered":"Gizlenen"},"content":{"rendered":"<p>Baz\u0131 s\u0131rlar ta\u015flara i\u015flenir ve y\u00fczy\u0131llar boyu susar&#8230;     B\u00fcy\u00fck \u0130stanbul depremi kenti enkaza \u00e7evirirken, Ayasofya ve Mimar Sinan\u2019\u0131n abidevi eserleri uluslararas\u0131 g\u00fc\u00e7lerin satran\u00e7 tahtas\u0131na d\u00f6nm\u00fc\u015ft\u00fcr. Ortaya \u00e7\u0131kan ipu\u00e7lar\u0131 tek bir hakikati i\u015faret etmektedir: Sinan eserlerini yaln\u0131zca ta\u015flarla de\u011fil, \u00e7a\u011flar boyu gizlenmi\u015f s\u0131rlarla da \u00f6rm\u00fc\u015ft\u00fcr.   Te\u011fmen Demet ve Y\u00fczba\u015f\u0131 \u0130lhan, YouTube\u2019da \u201cYarg\u0131\u00e7\u201d ad\u0131yla yay\u0131n yapan karanl\u0131k bir fig\u00fcr\u00fcn pe\u015fine d\u00fc\u015ft\u00fcklerinde, k\u00fcresel g\u00fc\u00e7 oyunlar\u0131n\u0131n tam ortas\u0131nda tek bir isme ula\u015f\u0131rlar: Kenan Ruzly. Uzun s\u00fcredir kay\u0131p kabul edilen bu isim, \u015fimdi t\u00fcm dengeleri de\u011fi\u015ftirecek \u015fekilde geri d\u00f6nm\u00fc\u015ft\u00fcr.   Ar\u015fivlerden g\u00fcn\u00fcm\u00fcz\u00fcn siber sald\u0131r\u0131lar\u0131na uzanan karanl\u0131k bir zincir dostluk ile ihanetin, i\u015fgal ile kurtulu\u015fun s\u0131n\u0131r\u0131n\u0131 \u00e7iziyor. Kim kahraman, kim hain? Cevap \u0130stanbul\u2019un bedbaht sokaklar\u0131nda sakl\u0131.   Arif Ergin\u2019den Mimar Sinan\u2019\u0131n sessiz miras\u0131n\u0131, \u0130stanbul\u2019un kaderini belirleyecek bir bulmacaya d\u00f6n\u00fc\u015ft\u00fcren, unutulmaz bir hik\u00e2ye. <\/p>\n","protected":false},"excerpt":{"rendered":"<p>Baz\u0131 s\u0131rlar ta\u015flara i\u015flenir ve y\u00fczy\u0131llar boyu susar&#8230; B\u00fcy\u00fck \u0130stanbul depremi kenti enkaza \u00e7evirirken, Ayasofya ve Mimar Sinan\u2019\u0131n abidevi eserleri uluslararas\u0131 g\u00fc\u00e7lerin satran\u00e7 tahtas\u0131na d\u00f6nm\u00fc\u015ft\u00fcr. Ortaya<span class=\"excerpt-hellip\"> [\u2026]<\/span><\/p>\n","protected":false},"featured_media":0,"template":"","meta":{"_monsterinsights_skip_tracking":false,"_monsterinsights_sitenote_active":false,"_monsterinsights_sitenote_note":"","_monsterinsights_sitenote_category":0},"product_brand":[],"product_cat":[12291,12711],"product_tag":[],"class_list":{"0":"post-775299","1":"product","2":"type-product","3":"status-publish","5":"product_cat-edebiyat","6":"product_cat-roman-oyku","7":"pa_cilt-ciltsiz","8":"pa_tur-kitap","9":"pa_yayinevi-ithaki-yayinlari","10":"pa_yazar-arif-ergin","12":"first","13":"instock","14":"sale","15":"shipping-taxable","16":"purchasable","17":"product-type-simple"},"_links":{"self":[{"href":"https:\/\/roveyayinevi.com.tr\/index.php\/wp-json\/wp\/v2\/product\/775299","targetHints":{"allow":["GET"]}}],"collection":[{"href":"https:\/\/roveyayinevi.com.tr\/index.php\/wp-json\/wp\/v2\/product"}],"about":[{"href":"https:\/\/roveyayinevi.com.tr\/index.php\/wp-json\/wp\/v2\/types\/product"}],"wp:attachment":[{"href":"https:\/\/roveyayinevi.com.tr\/index.php\/wp-json\/wp\/v2\/media?parent=775299"}],"wp:term":[{"taxonomy":"product_brand","embeddable":true,"href":"https:\/\/roveyayinevi.com.tr\/index.php\/wp-json\/wp\/v2\/product_brand?post=775299"},{"taxonomy":"product_cat","embeddable":true,"href":"https:\/\/roveyayinevi.com.tr\/index.php\/wp-json\/wp\/v2\/product_cat?post=775299"},{"taxonomy":"product_tag","embeddable":true,"href":"https:\/\/roveyayinevi.com.tr\/index.php\/wp-json\/wp\/v2\/product_tag?post=775299"}],"curies":[{"name":"wp","href":"https:\/\/api.w.org\/{rel}","templated":true}]}}