{"id":775297,"date":"2025-09-09T18:39:10","date_gmt":"2025-09-09T15:39:10","guid":{"rendered":"https:\/\/roveyayinevi.com.tr\/index.php\/urun\/21-yuzyil-perspektifinden-egitime-giris\/"},"modified":"2026-04-15T03:41:46","modified_gmt":"2026-04-15T00:41:46","slug":"21-yuzyil-perspektifinden-egitime-giris","status":"publish","type":"product","link":"https:\/\/roveyayinevi.com.tr\/index.php\/urun\/21-yuzyil-perspektifinden-egitime-giris\/","title":{"rendered":"21.Y\u00fczy\u0131l Perspektifinden E\u011fitime Giri\u015f"},"content":{"rendered":"<p>21. y\u00fczy\u0131l\u0131n h\u0131zla de\u011fi\u015fen d\u00fcnyas\u0131nda bilgi aktarman\u0131n \u00f6tesinde bir anlam ta\u015f\u0131yan e\u011fitim; yapay zek\u00e2n\u0131n ve dijital d\u00f6n\u00fc\u015f\u00fcm\u00fcn \u015fekillendirdi\u011fi yeni bir \u00e7a\u011f\u0131n e\u015fi\u011finde, bireyi hem gelece\u011fe hem de insanl\u0131\u011f\u0131n k\u00f6kl\u00fc de\u011ferlerine haz\u0131rlayan bir yol haritas\u0131na d\u00f6n\u00fc\u015f\u00fcyor. 21. Y\u00fczy\u0131l Perspektifinden E\u011fitime Giri\u015f, \u00f6\u011fretmen adaylar\u0131ndan deneyimli e\u011fitimcilere, MEB Akademi s\u0131nav\u0131na haz\u0131rlananlardan e\u011fitime ilgi duyan herkese e\u011fitimi b\u00fct\u00fcn boyutlar\u0131yla ke\u015ffetme imk\u00e2n\u0131 sunuyor. E\u011fitim ve \u00f6\u011fretimin temel kavramlar\u0131ndan toplumsal, k\u00fclt\u00fcrel, tarihsel, felsefi, psikolojik, ekonomik, teknolojik ve hukuksal temellere, T\u00fcrk Mill\u00ee E\u011fitim Sistemi&#8217;nden \u00f6\u011fretmenlik mesle\u011finin inceliklerine kadar uzanan kapsaml\u0131 i\u00e7eri\u011fiyle bu eser yaln\u0131zca bir kaynak de\u011fil, ayn\u0131 zamanda d\u00fc\u015f\u00fcnmeye bir davettir. Kitab\u0131n sonunda yer alan e\u011fitim bilimleri s\u00f6zl\u00fc\u011f\u00fc ise okura kavramlar aras\u0131nda g\u00fcvenli bir k\u00f6pr\u00fc kurarak derinlikli bir anlam yolculu\u011fu vadetmektedir.<\/p>\n","protected":false},"excerpt":{"rendered":"<p>21. y\u00fczy\u0131l\u0131n h\u0131zla de\u011fi\u015fen d\u00fcnyas\u0131nda bilgi aktarman\u0131n \u00f6tesinde bir anlam ta\u015f\u0131yan e\u011fitim; yapay zek\u00e2n\u0131n ve dijital d\u00f6n\u00fc\u015f\u00fcm\u00fcn \u015fekillendirdi\u011fi yeni bir \u00e7a\u011f\u0131n e\u015fi\u011finde, bireyi hem gelece\u011fe hem<span class=\"excerpt-hellip\"> [\u2026]<\/span><\/p>\n","protected":false},"featured_media":0,"template":"","meta":{"_monsterinsights_skip_tracking":false,"_monsterinsights_sitenote_active":false,"_monsterinsights_sitenote_note":"","_monsterinsights_sitenote_category":0},"product_brand":[],"product_cat":[12573,12566],"product_tag":[],"class_list":{"0":"post-775297","1":"product","2":"type-product","3":"status-publish","5":"product_cat-akademik-kitaplar","6":"product_cat-egitim","7":"pa_cilt-ciltsiz","8":"pa_tur-kitap","9":"pa_yayinevi-ani-yayincilik","10":"pa_yazar-murat-ozdemir","12":"first","13":"instock","14":"sale","15":"shipping-taxable","16":"purchasable","17":"product-type-simple"},"_links":{"self":[{"href":"https:\/\/roveyayinevi.com.tr\/index.php\/wp-json\/wp\/v2\/product\/775297","targetHints":{"allow":["GET"]}}],"collection":[{"href":"https:\/\/roveyayinevi.com.tr\/index.php\/wp-json\/wp\/v2\/product"}],"about":[{"href":"https:\/\/roveyayinevi.com.tr\/index.php\/wp-json\/wp\/v2\/types\/product"}],"wp:attachment":[{"href":"https:\/\/roveyayinevi.com.tr\/index.php\/wp-json\/wp\/v2\/media?parent=775297"}],"wp:term":[{"taxonomy":"product_brand","embeddable":true,"href":"https:\/\/roveyayinevi.com.tr\/index.php\/wp-json\/wp\/v2\/product_brand?post=775297"},{"taxonomy":"product_cat","embeddable":true,"href":"https:\/\/roveyayinevi.com.tr\/index.php\/wp-json\/wp\/v2\/product_cat?post=775297"},{"taxonomy":"product_tag","embeddable":true,"href":"https:\/\/roveyayinevi.com.tr\/index.php\/wp-json\/wp\/v2\/product_tag?post=775297"}],"curies":[{"name":"wp","href":"https:\/\/api.w.org\/{rel}","templated":true}]}}