{"id":775296,"date":"2025-09-09T18:39:08","date_gmt":"2025-09-09T15:39:08","guid":{"rendered":"https:\/\/roveyayinevi.com.tr\/index.php\/urun\/oykulerle-ogreniyorum-gorgu-kurallari\/"},"modified":"2026-02-03T03:41:10","modified_gmt":"2026-02-03T00:41:10","slug":"oykulerle-ogreniyorum-gorgu-kurallari","status":"publish","type":"product","link":"https:\/\/roveyayinevi.com.tr\/index.php\/urun\/oykulerle-ogreniyorum-gorgu-kurallari\/","title":{"rendered":"\u00d6yk\u00fclerle \u00d6\u011freniyorum &#8211; G\u00f6rg\u00fc Kurallar\u0131"},"content":{"rendered":"<p>Nina ve gigi, ninelerini ziyarete gidiyor. Bir yandan e\u011flence devam ederken iki kuzen sayg\u0131l\u0131, sab\u0131rl\u0131 ve d\u00fczenli davranmay\u0131 ke\u015ffediyor! Temel g\u00f6rg\u00fc kurallar\u0131n\u0131 \u00f6\u011frenece\u011fi tatl\u0131 bir \u00f6yk\u00fc \u00e7ocu\u011funuzu bekliyor. <\/p>\n","protected":false},"excerpt":{"rendered":"<p>Nina ve gigi, ninelerini ziyarete gidiyor. Bir yandan e\u011flence devam ederken iki kuzen sayg\u0131l\u0131, sab\u0131rl\u0131 ve d\u00fczenli davranmay\u0131 ke\u015ffediyor! Temel g\u00f6rg\u00fc kurallar\u0131n\u0131 \u00f6\u011frenece\u011fi tatl\u0131 bir \u00f6yk\u00fc<span class=\"excerpt-hellip\"> [\u2026]<\/span><\/p>\n","protected":false},"featured_media":0,"template":"","meta":{"_monsterinsights_skip_tracking":false,"_monsterinsights_sitenote_active":false,"_monsterinsights_sitenote_note":"","_monsterinsights_sitenote_category":0},"product_brand":[],"product_cat":[12274,12518],"product_tag":[],"class_list":{"0":"post-775296","1":"product","2":"type-product","3":"status-publish","5":"product_cat-cocuk-ve-genclik-kitaplari","6":"product_cat-okul-oncesi-kitaplar","7":"pa_cilt-ciltsiz","8":"pa_tur-kitap","9":"pa_yayinevi-dogan-cocuk","10":"pa_yazar-gianni-caputo","12":"first","13":"instock","14":"sale","15":"shipping-taxable","16":"purchasable","17":"product-type-simple"},"_links":{"self":[{"href":"https:\/\/roveyayinevi.com.tr\/index.php\/wp-json\/wp\/v2\/product\/775296","targetHints":{"allow":["GET"]}}],"collection":[{"href":"https:\/\/roveyayinevi.com.tr\/index.php\/wp-json\/wp\/v2\/product"}],"about":[{"href":"https:\/\/roveyayinevi.com.tr\/index.php\/wp-json\/wp\/v2\/types\/product"}],"wp:attachment":[{"href":"https:\/\/roveyayinevi.com.tr\/index.php\/wp-json\/wp\/v2\/media?parent=775296"}],"wp:term":[{"taxonomy":"product_brand","embeddable":true,"href":"https:\/\/roveyayinevi.com.tr\/index.php\/wp-json\/wp\/v2\/product_brand?post=775296"},{"taxonomy":"product_cat","embeddable":true,"href":"https:\/\/roveyayinevi.com.tr\/index.php\/wp-json\/wp\/v2\/product_cat?post=775296"},{"taxonomy":"product_tag","embeddable":true,"href":"https:\/\/roveyayinevi.com.tr\/index.php\/wp-json\/wp\/v2\/product_tag?post=775296"}],"curies":[{"name":"wp","href":"https:\/\/api.w.org\/{rel}","templated":true}]}}