{"id":775290,"date":"2025-09-09T18:38:57","date_gmt":"2025-09-09T15:38:57","guid":{"rendered":"https:\/\/roveyayinevi.com.tr\/index.php\/urun\/oykulerle-ogreniyorum-set-4-kitap\/"},"modified":"2026-04-15T03:41:46","modified_gmt":"2026-04-15T00:41:46","slug":"oykulerle-ogreniyorum-set-4-kitap","status":"publish","type":"product","link":"https:\/\/roveyayinevi.com.tr\/index.php\/urun\/oykulerle-ogreniyorum-set-4-kitap\/","title":{"rendered":"\u00d6yk\u00fclerle \u00d6\u011freniyorum (Set 4 Kitap)"},"content":{"rendered":"<p>\u201c\u00d6yk\u00fclerle \u00d6\u011freniyorum\u201d serisinde \u00e7ocuklar, hayat\u0131 ad\u0131m ad\u0131m ke\u015ffediyor. \u201cTe\u015fekk\u00fcr ederim\u201d, \u201c\u00d6z\u00fcr dilerim\u201d,?\u201d, \u201cBug\u00fcn kendini nas\u0131l hissettin?\u201d, \u201cBug\u00fcn hangi duyular\u0131n\u0131 kulland\u0131n?\u201d, \u201cNe oldu\u011funda \u00f6fkelenirsin?\u201d Her kitapta bir \u00f6yk\u00fc, her \u00f6yk\u00fcde minik bir ke\u015fif!<\/p>\n","protected":false},"excerpt":{"rendered":"<p>\u201c\u00d6yk\u00fclerle \u00d6\u011freniyorum\u201d serisinde \u00e7ocuklar, hayat\u0131 ad\u0131m ad\u0131m ke\u015ffediyor. \u201cTe\u015fekk\u00fcr ederim\u201d, \u201c\u00d6z\u00fcr dilerim\u201d,?\u201d, \u201cBug\u00fcn kendini nas\u0131l hissettin?\u201d, \u201cBug\u00fcn hangi duyular\u0131n\u0131 kulland\u0131n?\u201d, \u201cNe oldu\u011funda \u00f6fkelenirsin?\u201d Her kitapta bir<span class=\"excerpt-hellip\"> [\u2026]<\/span><\/p>\n","protected":false},"featured_media":0,"template":"","meta":{"_monsterinsights_skip_tracking":false,"_monsterinsights_sitenote_active":false,"_monsterinsights_sitenote_note":"","_monsterinsights_sitenote_category":0},"product_brand":[],"product_cat":[12274,12518],"product_tag":[],"class_list":{"0":"post-775290","1":"product","2":"type-product","3":"status-publish","5":"product_cat-cocuk-ve-genclik-kitaplari","6":"product_cat-okul-oncesi-kitaplar","7":"pa_cilt-set","8":"pa_tur-kitap","9":"pa_yayinevi-dogan-cocuk","10":"pa_yazar-gianni-caputo","12":"first","13":"instock","14":"sale","15":"shipping-taxable","16":"purchasable","17":"product-type-simple"},"_links":{"self":[{"href":"https:\/\/roveyayinevi.com.tr\/index.php\/wp-json\/wp\/v2\/product\/775290","targetHints":{"allow":["GET"]}}],"collection":[{"href":"https:\/\/roveyayinevi.com.tr\/index.php\/wp-json\/wp\/v2\/product"}],"about":[{"href":"https:\/\/roveyayinevi.com.tr\/index.php\/wp-json\/wp\/v2\/types\/product"}],"wp:attachment":[{"href":"https:\/\/roveyayinevi.com.tr\/index.php\/wp-json\/wp\/v2\/media?parent=775290"}],"wp:term":[{"taxonomy":"product_brand","embeddable":true,"href":"https:\/\/roveyayinevi.com.tr\/index.php\/wp-json\/wp\/v2\/product_brand?post=775290"},{"taxonomy":"product_cat","embeddable":true,"href":"https:\/\/roveyayinevi.com.tr\/index.php\/wp-json\/wp\/v2\/product_cat?post=775290"},{"taxonomy":"product_tag","embeddable":true,"href":"https:\/\/roveyayinevi.com.tr\/index.php\/wp-json\/wp\/v2\/product_tag?post=775290"}],"curies":[{"name":"wp","href":"https:\/\/api.w.org\/{rel}","templated":true}]}}