{"id":775284,"date":"2025-09-09T18:38:46","date_gmt":"2025-09-09T15:38:46","guid":{"rendered":"https:\/\/roveyayinevi.com.tr\/index.php\/urun\/hayat-seni-seviyor\/"},"modified":"2025-11-21T12:07:16","modified_gmt":"2025-11-21T09:07:16","slug":"hayat-seni-seviyor","status":"publish","type":"product","link":"https:\/\/roveyayinevi.com.tr\/index.php\/urun\/hayat-seni-seviyor\/","title":{"rendered":"Hayat Seni Seviyor"},"content":{"rendered":"<p>\u201cBir yerlerde bir \u015feyler k\u0131r\u0131ld\u0131ysa, i\u00e7imizde bir \u015feyler yeniden in\u015fa edilebilir demektir. Hayatla yeniden ba\u011f kurmak m\u00fcmk\u00fcn. Ve belki de, tam da bug\u00fcn ba\u015flamak gerek\u2026\u201d   Bir sabah uyan\u0131rs\u0131n\u0131z ve hayat\u0131n size f\u0131s\u0131ldad\u0131\u011f\u0131n\u0131 duyars\u0131n\u0131z: \u201cBug\u00fcn her \u015fey de\u011fi\u015febilir.\u201d \u0130\u015fte bu kitap, tam da o an i\u00e7in\u2026 New York Times\u2019\u0131n \u00e7oksatan yazarlar\u0131 Louise Hay\u2019in \u015fefkatli bilgeli\u011fi ve Cheryl Richardson\u2019\u0131n i\u00e7ten sesiyle, i\u00e7sel d\u00f6n\u00fc\u015f\u00fcm\u00fcn kap\u0131lar\u0131 aralan\u0131yor.   Ger\u00e7ek ya\u015fam \u00f6yk\u00fcleri, kalpten kalbe akan sohbetler ve iyile\u015ftirici olumlamalarla \u00f6r\u00fcl\u00fc bu yolculuk; sadece bir kitap de\u011fil, umutla y\u00fcr\u00fcyen bir dost, yorgun anlar\u0131n\u0131zda omzunuza konan bir el gibi. Kanserle y\u00fczle\u015fen bir kad\u0131n\u0131n cesaretiyle, affetmenin \u015fifas\u0131yla ve hayat\u0131n sundu\u011fu ikinci \u015fanslarla \u00f6r\u00fcl\u00fc ilham dolu bir anlat\u0131 sizi bekliyor.   Hayat sizi \u00e7a\u011f\u0131r\u0131yor. Ve bu \u00e7a\u011fr\u0131y\u0131 duyabilmeniz i\u00e7in biraz durmaya, biraz \u015fefkatle kendinize bakmaya ihtiyac\u0131n\u0131z var. \u00c7\u00fcnk\u00fc i\u00e7inizde h\u00e2l\u00e2 iyile\u015fmemi\u015f ne varsa, fark\u0131ndal\u0131kla sar\u0131ld\u0131\u011f\u0131nda g\u00fc\u00e7lenir. Ve o zaman fark edersiniz: Hayat, sand\u0131\u011f\u0131n\u0131zdan \u00e7ok daha derinden sizi seviyor. <\/p>\n","protected":false},"excerpt":{"rendered":"<p>\u201cBir yerlerde bir \u015feyler k\u0131r\u0131ld\u0131ysa, i\u00e7imizde bir \u015feyler yeniden in\u015fa edilebilir demektir. Hayatla yeniden ba\u011f kurmak m\u00fcmk\u00fcn. Ve belki de, tam da bug\u00fcn ba\u015flamak gerek\u2026\u201d Bir<span class=\"excerpt-hellip\"> [\u2026]<\/span><\/p>\n","protected":false},"featured_media":0,"template":"","meta":{"_monsterinsights_skip_tracking":false,"_monsterinsights_sitenote_active":false,"_monsterinsights_sitenote_note":"","_monsterinsights_sitenote_category":0},"product_brand":[],"product_cat":[12364,12376],"product_tag":[],"class_list":{"0":"post-775284","1":"product","2":"type-product","3":"status-publish","5":"product_cat-genel-konular","6":"product_cat-kisisel-gelisim","7":"pa_cilt-ciltsiz","8":"pa_tur-kitap","9":"pa_yayinevi-dogan-novus","10":"pa_yazar-louise-hay-cheryl-richardson","12":"first","13":"instock","14":"sale","15":"shipping-taxable","16":"purchasable","17":"product-type-simple"},"_links":{"self":[{"href":"https:\/\/roveyayinevi.com.tr\/index.php\/wp-json\/wp\/v2\/product\/775284","targetHints":{"allow":["GET"]}}],"collection":[{"href":"https:\/\/roveyayinevi.com.tr\/index.php\/wp-json\/wp\/v2\/product"}],"about":[{"href":"https:\/\/roveyayinevi.com.tr\/index.php\/wp-json\/wp\/v2\/types\/product"}],"wp:attachment":[{"href":"https:\/\/roveyayinevi.com.tr\/index.php\/wp-json\/wp\/v2\/media?parent=775284"}],"wp:term":[{"taxonomy":"product_brand","embeddable":true,"href":"https:\/\/roveyayinevi.com.tr\/index.php\/wp-json\/wp\/v2\/product_brand?post=775284"},{"taxonomy":"product_cat","embeddable":true,"href":"https:\/\/roveyayinevi.com.tr\/index.php\/wp-json\/wp\/v2\/product_cat?post=775284"},{"taxonomy":"product_tag","embeddable":true,"href":"https:\/\/roveyayinevi.com.tr\/index.php\/wp-json\/wp\/v2\/product_tag?post=775284"}],"curies":[{"name":"wp","href":"https:\/\/api.w.org\/{rel}","templated":true}]}}