{"id":775276,"date":"2025-09-09T18:38:31","date_gmt":"2025-09-09T15:38:31","guid":{"rendered":"https:\/\/roveyayinevi.com.tr\/index.php\/urun\/kobilerde-dijitallesme-ve-rekabet-avantaji-pls-sem-ile-dijital-donusum-ve-dijital-olgunluk-algisinin-analizi\/"},"modified":"2026-04-15T03:41:45","modified_gmt":"2026-04-15T00:41:45","slug":"kobilerde-dijitallesme-ve-rekabet-avantaji-pls-sem-ile-dijital-donusum-ve-dijital-olgunluk-algisinin-analizi","status":"publish","type":"product","link":"https:\/\/roveyayinevi.com.tr\/index.php\/urun\/kobilerde-dijitallesme-ve-rekabet-avantaji-pls-sem-ile-dijital-donusum-ve-dijital-olgunluk-algisinin-analizi\/","title":{"rendered":"Kobilerde Dijitalle\u015fme ve Rekabet Avantaj\u0131 Pls-Sem \u0130le Dijital D\u00f6n\u00fc\u015f\u00fcm ve Dijital Olgunluk Alg\u0131s\u0131n\u0131n Analizi"},"content":{"rendered":"<p>B\u00d6L\u00dcM I G\u0130R\u0130\u015e   B\u00d6L\u00dcM II B\u0130R\u0130NC\u0130 NES\u0130L \u00c7OK DE\u011e\u0130\u015eKENL\u0130 ANAL\u0130Z Y\u00d6NTEMLER\u0130   B\u00d6L\u00dcM III \u0130K\u0130NC\u0130 NES\u0130L \u00c7OK DE\u011e\u0130\u015eKENL\u0130 ANAL\u0130Z Y\u00d6NTEMLER\u0130   B\u00d6L\u00dcM IV KOB\u0130\u2019LER\u0130N REKABET AVANTAJI YARATMA S\u00dcREC\u0130NDE D\u0130J\u0130TAL D\u00d6N\u00dc\u015e\u00dcM VE D\u0130J\u0130TAL OLGUNLUK ALGILARININ PLS-SEM \u0130LE ANAL\u0130Z\u0130   B\u00d6L\u00dcM V TARTI\u015eMA   B\u00d6L\u00dcM VI SONU\u00c7 VE DE\u011eERLEND\u0130RME <\/p>\n","protected":false},"excerpt":{"rendered":"<p>B\u00d6L\u00dcM I G\u0130R\u0130\u015e B\u00d6L\u00dcM II B\u0130R\u0130NC\u0130 NES\u0130L \u00c7OK DE\u011e\u0130\u015eKENL\u0130 ANAL\u0130Z Y\u00d6NTEMLER\u0130 B\u00d6L\u00dcM III \u0130K\u0130NC\u0130 NES\u0130L \u00c7OK DE\u011e\u0130\u015eKENL\u0130 ANAL\u0130Z Y\u00d6NTEMLER\u0130 B\u00d6L\u00dcM IV KOB\u0130\u2019LER\u0130N REKABET AVANTAJI YARATMA S\u00dcREC\u0130NDE<span class=\"excerpt-hellip\"> [\u2026]<\/span><\/p>\n","protected":false},"featured_media":0,"template":"","meta":{"_monsterinsights_skip_tracking":false,"_monsterinsights_sitenote_active":false,"_monsterinsights_sitenote_note":"","_monsterinsights_sitenote_category":0},"product_brand":[],"product_cat":[14841,13043],"product_tag":[],"class_list":{"0":"post-775276","1":"product","2":"type-product","3":"status-publish","5":"product_cat-arastirma-inceleme-kuram","6":"product_cat-ekonomi","7":"pa_cilt-ciltsiz","8":"pa_tur-kitap","9":"pa_yayinevi-gazi-kitabevi","10":"pa_yazar-dilek-veysikarani","12":"first","13":"instock","14":"sale","15":"shipping-taxable","16":"purchasable","17":"product-type-simple"},"_links":{"self":[{"href":"https:\/\/roveyayinevi.com.tr\/index.php\/wp-json\/wp\/v2\/product\/775276","targetHints":{"allow":["GET"]}}],"collection":[{"href":"https:\/\/roveyayinevi.com.tr\/index.php\/wp-json\/wp\/v2\/product"}],"about":[{"href":"https:\/\/roveyayinevi.com.tr\/index.php\/wp-json\/wp\/v2\/types\/product"}],"wp:attachment":[{"href":"https:\/\/roveyayinevi.com.tr\/index.php\/wp-json\/wp\/v2\/media?parent=775276"}],"wp:term":[{"taxonomy":"product_brand","embeddable":true,"href":"https:\/\/roveyayinevi.com.tr\/index.php\/wp-json\/wp\/v2\/product_brand?post=775276"},{"taxonomy":"product_cat","embeddable":true,"href":"https:\/\/roveyayinevi.com.tr\/index.php\/wp-json\/wp\/v2\/product_cat?post=775276"},{"taxonomy":"product_tag","embeddable":true,"href":"https:\/\/roveyayinevi.com.tr\/index.php\/wp-json\/wp\/v2\/product_tag?post=775276"}],"curies":[{"name":"wp","href":"https:\/\/api.w.org\/{rel}","templated":true}]}}