{"id":775275,"date":"2025-09-09T18:38:30","date_gmt":"2025-09-09T15:38:30","guid":{"rendered":"https:\/\/roveyayinevi.com.tr\/index.php\/urun\/bilim-felsefe-ve-metodoloji\/"},"modified":"2026-04-15T03:41:45","modified_gmt":"2026-04-15T00:41:45","slug":"bilim-felsefe-ve-metodoloji","status":"publish","type":"product","link":"https:\/\/roveyayinevi.com.tr\/index.php\/urun\/bilim-felsefe-ve-metodoloji\/","title":{"rendered":"Bilim, Felsefe ve Metodoloji"},"content":{"rendered":"<p>D\u00fcnyaya \u015fa\u015f\u0131rarak bakmak, merak etmek ve mevcut kabulleri temelinden sorgulamak, \u00e7ocuklar\u0131n, \u00f6zellikle de asi karakterli \u00e7ocuklar\u0131n en temel \u00f6zelliklerindendir. Pek \u00e7ok toplumda yaln\u0131zca zeki ve farkl\u0131 insanlara ait \u00f6zel b\u00f6lgeler g\u00f6z\u00fcyle bak\u0131lan bilim ve felsefe de, uygarl\u0131k tarihinin iki asi \u00e7ocu\u011fu gibidir. Bu iki \u00e7ocuk, tarih boyunca kimi zaman h\u00e2kim sisteme ve de\u011ferlere cesurca kar\u015f\u0131 \u00e7\u0131km\u0131\u015f, korkusuzca ara\u015ft\u0131rm\u0131\u015f, konu\u015fmu\u015f ve birbirini desteklemi\u015f, kimi zaman da otoritenin g\u00fcc\u00fcnden beslenerek stat\u00fckocu olmu\u015f, mevcut kabulleri yineleyip durmu\u015f, yeni fikirleri d\u0131\u015flam\u0131\u015f ve birbiriyle sava\u015f i\u00e7inde olmu\u015ftur. Ge\u00e7mi\u015flerindeki t\u00fcm bu hatalara ra\u011fmen, uygarl\u0131k tarihinin en k\u00f6t\u00fc d\u00f6nemlerinde bile bilim ve felsefe; s\u0131radan bir insan\u0131n unutmaya, kabullenmeye, basmakal\u0131p d\u00fc\u015f\u00fcncelere, kalabal\u0131\u011f\u0131n yozla\u015ft\u0131r\u0131c\u0131 bask\u0131s\u0131na, safsatalara ve ucuz propaganda tekniklerine kar\u015f\u0131 s\u0131\u011f\u0131nabilece\u011fi neredeyse tek liman olmu\u015ftur. \u0130nsanl\u0131k tarihinden siyaset felsefesine, genlerimizin do\u011fas\u0131ndan bilim tarihine, paran\u0131n hikayesinden ezoterik dinlere, varl\u0131k felsefesinden ara\u015ft\u0131rma y\u00f6ntemlerine pek \u00e7ok konuyu g\u00fcncel ara\u015ft\u0131rmalar e\u015fli\u011finde inceleyen ve sade bir dille aktaran bu kitap, samimi \u00fcslubuyla okuyucusunun entelekt\u00fcel birikimine hat\u0131r\u0131 say\u0131l\u0131r derecede katk\u0131da bulunmaya ve bahsi ge\u00e7en liman\u0131n k\u00fc\u00e7\u00fck bir par\u00e7as\u0131 olmay\u0131 hedeflemektedir. Pek \u00e7ok \u00fcniversitenin y\u00fcksek lisans ve doktora programlar\u0131nda da yararlan\u0131lan, her bask\u0131s\u0131nda okurundan b\u00fcy\u00fck k\u0131ymet g\u00f6ren ve kendisini s\u00fcrekli yenileyerek g\u00fcncel kalmay\u0131 misyon edinen bu kitap; be\u015finci bask\u0131s\u0131nda da bilinenler, unutulup tozlananlar ve yeni ke\u015ffedilenler aras\u0131nda s\u0131cak bir denge kurmaya \u00e7al\u0131\u015farak, bilim, felsefe ve ara\u015ft\u0131rmadan zevk duyan okurlarla bulu\u015fmay\u0131 hedeflemektedir.<\/p>\n","protected":false},"excerpt":{"rendered":"<p>D\u00fcnyaya \u015fa\u015f\u0131rarak bakmak, merak etmek ve mevcut kabulleri temelinden sorgulamak, \u00e7ocuklar\u0131n, \u00f6zellikle de asi karakterli \u00e7ocuklar\u0131n en temel \u00f6zelliklerindendir. Pek \u00e7ok toplumda yaln\u0131zca zeki ve farkl\u0131<span class=\"excerpt-hellip\"> [\u2026]<\/span><\/p>\n","protected":false},"featured_media":0,"template":"","meta":{"_monsterinsights_skip_tracking":false,"_monsterinsights_sitenote_active":false,"_monsterinsights_sitenote_note":"","_monsterinsights_sitenote_category":0},"product_brand":[],"product_cat":[12388,14717],"product_tag":[],"class_list":{"0":"post-775275","1":"product","2":"type-product","3":"status-publish","5":"product_cat-felsefe","6":"product_cat-felsefe-tarihi","7":"pa_cilt-ciltsiz","8":"pa_tur-kitap","9":"pa_yayinevi-beta-yayinevi","10":"pa_yazar-ata-ozdemirci-sadi-can-saruhan","12":"first","13":"instock","14":"sale","15":"shipping-taxable","16":"purchasable","17":"product-type-simple"},"_links":{"self":[{"href":"https:\/\/roveyayinevi.com.tr\/index.php\/wp-json\/wp\/v2\/product\/775275","targetHints":{"allow":["GET"]}}],"collection":[{"href":"https:\/\/roveyayinevi.com.tr\/index.php\/wp-json\/wp\/v2\/product"}],"about":[{"href":"https:\/\/roveyayinevi.com.tr\/index.php\/wp-json\/wp\/v2\/types\/product"}],"wp:attachment":[{"href":"https:\/\/roveyayinevi.com.tr\/index.php\/wp-json\/wp\/v2\/media?parent=775275"}],"wp:term":[{"taxonomy":"product_brand","embeddable":true,"href":"https:\/\/roveyayinevi.com.tr\/index.php\/wp-json\/wp\/v2\/product_brand?post=775275"},{"taxonomy":"product_cat","embeddable":true,"href":"https:\/\/roveyayinevi.com.tr\/index.php\/wp-json\/wp\/v2\/product_cat?post=775275"},{"taxonomy":"product_tag","embeddable":true,"href":"https:\/\/roveyayinevi.com.tr\/index.php\/wp-json\/wp\/v2\/product_tag?post=775275"}],"curies":[{"name":"wp","href":"https:\/\/api.w.org\/{rel}","templated":true}]}}