{"id":775273,"date":"2025-09-09T18:38:25","date_gmt":"2025-09-09T15:38:25","guid":{"rendered":"https:\/\/roveyayinevi.com.tr\/index.php\/urun\/disaridaki-kiz-8\/"},"modified":"2026-04-15T03:41:45","modified_gmt":"2026-04-15T00:41:45","slug":"disaridaki-kiz-8","status":"publish","type":"product","link":"https:\/\/roveyayinevi.com.tr\/index.php\/urun\/disaridaki-kiz-8\/","title":{"rendered":"D\u0131\u015far\u0131daki K\u0131z 8"},"content":{"rendered":"<p>T\u00dcM UMUDU Y\u0130T\u0130R\u0130NCE&#8230;   Doktor, Shiva\u2019n\u0131n ruhunu kurtarmak i\u00e7in \u00e7are arar. Saklanacak yer kalmam\u0131\u015ft\u0131r. Kimseye zarar veremeyece\u011fini anlad\u0131\u011f\u0131nda ise kendi ruhundan vazge\u00e7er. Art\u0131k haf\u0131zas\u0131 bir sis perdesiyle \u00f6rt\u00fcl\u00fcd\u00fcr. Bu karar hem bir veda hem yeni bir ba\u015flang\u0131\u00e7 ortaya \u00e7\u0131kar\u0131r&#8230;   Bu, gece ile g\u00fcnd\u00fcz birbirinden ayr\u0131ld\u0131\u011f\u0131nda ortaya \u00e7\u0131kan lanetle ba\u015f eden ikilinin destans\u0131 hik\u00e2yesi. <\/p>\n","protected":false},"excerpt":{"rendered":"<p>T\u00dcM UMUDU Y\u0130T\u0130R\u0130NCE&#8230; Doktor, Shiva\u2019n\u0131n ruhunu kurtarmak i\u00e7in \u00e7are arar. Saklanacak yer kalmam\u0131\u015ft\u0131r. Kimseye zarar veremeyece\u011fini anlad\u0131\u011f\u0131nda ise kendi ruhundan vazge\u00e7er. Art\u0131k haf\u0131zas\u0131 bir sis perdesiyle<span class=\"excerpt-hellip\"> [\u2026]<\/span><\/p>\n","protected":false},"featured_media":0,"template":"","meta":{"_monsterinsights_skip_tracking":false,"_monsterinsights_sitenote_active":false,"_monsterinsights_sitenote_note":"","_monsterinsights_sitenote_category":0},"product_brand":[],"product_cat":[12416,12291],"product_tag":[],"class_list":{"0":"post-775273","1":"product","2":"type-product","3":"status-publish","5":"product_cat-cizgi-roman","6":"product_cat-edebiyat","7":"pa_cilt-ciltsiz","8":"pa_tur-kitap","9":"pa_yayinevi-athica-yayinlari","10":"pa_yazar-nagabe","12":"first","13":"instock","14":"sale","15":"shipping-taxable","16":"purchasable","17":"product-type-simple"},"_links":{"self":[{"href":"https:\/\/roveyayinevi.com.tr\/index.php\/wp-json\/wp\/v2\/product\/775273","targetHints":{"allow":["GET"]}}],"collection":[{"href":"https:\/\/roveyayinevi.com.tr\/index.php\/wp-json\/wp\/v2\/product"}],"about":[{"href":"https:\/\/roveyayinevi.com.tr\/index.php\/wp-json\/wp\/v2\/types\/product"}],"wp:attachment":[{"href":"https:\/\/roveyayinevi.com.tr\/index.php\/wp-json\/wp\/v2\/media?parent=775273"}],"wp:term":[{"taxonomy":"product_brand","embeddable":true,"href":"https:\/\/roveyayinevi.com.tr\/index.php\/wp-json\/wp\/v2\/product_brand?post=775273"},{"taxonomy":"product_cat","embeddable":true,"href":"https:\/\/roveyayinevi.com.tr\/index.php\/wp-json\/wp\/v2\/product_cat?post=775273"},{"taxonomy":"product_tag","embeddable":true,"href":"https:\/\/roveyayinevi.com.tr\/index.php\/wp-json\/wp\/v2\/product_tag?post=775273"}],"curies":[{"name":"wp","href":"https:\/\/api.w.org\/{rel}","templated":true}]}}