{"id":775271,"date":"2025-09-09T18:38:21","date_gmt":"2025-09-09T15:38:21","guid":{"rendered":"https:\/\/roveyayinevi.com.tr\/index.php\/urun\/disaridaki-kiz-7\/"},"modified":"2026-04-15T03:41:45","modified_gmt":"2026-04-15T00:41:45","slug":"disaridaki-kiz-7","status":"publish","type":"product","link":"https:\/\/roveyayinevi.com.tr\/index.php\/urun\/disaridaki-kiz-7\/","title":{"rendered":"D\u0131\u015far\u0131daki K\u0131z 7"},"content":{"rendered":"<p>CANAVARLAR VE \u0130NSANLAR&#8230;   Karanl\u0131k orman\u0131n s\u0131n\u0131r\u0131nda iki yaln\u0131z ruh birbirine tutunmaya \u00e7al\u0131\u015f\u0131r. Ge\u00e7mi\u015fin g\u00f6lgeleri Doktor\u2019un pe\u015fini b\u0131rakmaz. Shiva ise sakl\u0131 ger\u00e7eklerin i\u00e7ine s\u00fcr\u00fcklenir. Sonun felaket mi yoksa kurtulu\u015f mu olaca\u011f\u0131n\u0131 onlar\u0131n cesareti belirleyecek. Askerler pe\u015flerinde ve tehlike \u00e7ok yak\u0131nda&#8230;   Bu, gece ile g\u00fcnd\u00fcz birbirinden ayr\u0131ld\u0131\u011f\u0131nda ortaya \u00e7\u0131kan lanetle ba\u015f eden ikilinin destans\u0131 hik\u00e2yesi. <\/p>\n","protected":false},"excerpt":{"rendered":"<p>CANAVARLAR VE \u0130NSANLAR&#8230; Karanl\u0131k orman\u0131n s\u0131n\u0131r\u0131nda iki yaln\u0131z ruh birbirine tutunmaya \u00e7al\u0131\u015f\u0131r. Ge\u00e7mi\u015fin g\u00f6lgeleri Doktor\u2019un pe\u015fini b\u0131rakmaz. Shiva ise sakl\u0131 ger\u00e7eklerin i\u00e7ine s\u00fcr\u00fcklenir. Sonun felaket mi<span class=\"excerpt-hellip\"> [\u2026]<\/span><\/p>\n","protected":false},"featured_media":0,"template":"","meta":{"_monsterinsights_skip_tracking":false,"_monsterinsights_sitenote_active":false,"_monsterinsights_sitenote_note":"","_monsterinsights_sitenote_category":0},"product_brand":[],"product_cat":[12416,12291],"product_tag":[],"class_list":{"0":"post-775271","1":"product","2":"type-product","3":"status-publish","5":"product_cat-cizgi-roman","6":"product_cat-edebiyat","7":"pa_cilt-ciltsiz","8":"pa_tur-kitap","9":"pa_yayinevi-athica-yayinlari","10":"pa_yazar-nagabe","12":"first","13":"instock","14":"sale","15":"shipping-taxable","16":"purchasable","17":"product-type-simple"},"_links":{"self":[{"href":"https:\/\/roveyayinevi.com.tr\/index.php\/wp-json\/wp\/v2\/product\/775271","targetHints":{"allow":["GET"]}}],"collection":[{"href":"https:\/\/roveyayinevi.com.tr\/index.php\/wp-json\/wp\/v2\/product"}],"about":[{"href":"https:\/\/roveyayinevi.com.tr\/index.php\/wp-json\/wp\/v2\/types\/product"}],"wp:attachment":[{"href":"https:\/\/roveyayinevi.com.tr\/index.php\/wp-json\/wp\/v2\/media?parent=775271"}],"wp:term":[{"taxonomy":"product_brand","embeddable":true,"href":"https:\/\/roveyayinevi.com.tr\/index.php\/wp-json\/wp\/v2\/product_brand?post=775271"},{"taxonomy":"product_cat","embeddable":true,"href":"https:\/\/roveyayinevi.com.tr\/index.php\/wp-json\/wp\/v2\/product_cat?post=775271"},{"taxonomy":"product_tag","embeddable":true,"href":"https:\/\/roveyayinevi.com.tr\/index.php\/wp-json\/wp\/v2\/product_tag?post=775271"}],"curies":[{"name":"wp","href":"https:\/\/api.w.org\/{rel}","templated":true}]}}