{"id":775270,"date":"2025-09-09T18:38:19","date_gmt":"2025-09-09T15:38:19","guid":{"rendered":"https:\/\/roveyayinevi.com.tr\/index.php\/urun\/disaridaki-kiz-9\/"},"modified":"2026-04-15T03:41:45","modified_gmt":"2026-04-15T00:41:45","slug":"disaridaki-kiz-9","status":"publish","type":"product","link":"https:\/\/roveyayinevi.com.tr\/index.php\/urun\/disaridaki-kiz-9\/","title":{"rendered":"D\u0131\u015far\u0131daki K\u0131z 9"},"content":{"rendered":"<p>VAH\u0130M SONU\u00c7LAR&#8230;   Doktor, yolunu kaybetmi\u015f bir D\u0131\u015far\u0131l\u0131\u2019ya d\u00f6n\u00fc\u015f\u00fcr. Shiva, Doktor onu unuttu\u011fu i\u00e7in umutsuzlu\u011fa kap\u0131l\u0131r. \u0130kisi bir daha eskisi gibi olamayacak m\u0131? Bu s\u0131rada \u0130\u00e7eri\u2019de d\u00fcnyan\u0131n ger\u00e7ekleri ve tanr\u0131lar\u0131n yaratt\u0131klar\u0131 g\u00fcn y\u00fcz\u00fcne \u00e7\u0131kar. Hem insanl\u0131k hem de k\u00fc\u00e7\u00fck k\u0131z bir se\u00e7im yapar. Yap\u0131lan se\u00e7imler ise olaylar\u0131 ger\u00e7ekle\u015fmemesi gereken bir sonuca do\u011fru g\u00f6t\u00fcr\u00fcr&#8230;   Bu, gece ve g\u00fcnd\u00fcz\u00fc birbirinden ay\u0131ran o belirsiz anda ortaya \u00e7\u0131kan ikilinin destans\u0131 hik\u00e2yesi.<\/p>\n","protected":false},"excerpt":{"rendered":"<p>VAH\u0130M SONU\u00c7LAR&#8230; Doktor, yolunu kaybetmi\u015f bir D\u0131\u015far\u0131l\u0131\u2019ya d\u00f6n\u00fc\u015f\u00fcr. Shiva, Doktor onu unuttu\u011fu i\u00e7in umutsuzlu\u011fa kap\u0131l\u0131r. \u0130kisi bir daha eskisi gibi olamayacak m\u0131? Bu s\u0131rada \u0130\u00e7eri\u2019de d\u00fcnyan\u0131n<span class=\"excerpt-hellip\"> [\u2026]<\/span><\/p>\n","protected":false},"featured_media":0,"template":"","meta":{"_monsterinsights_skip_tracking":false,"_monsterinsights_sitenote_active":false,"_monsterinsights_sitenote_note":"","_monsterinsights_sitenote_category":0},"product_brand":[],"product_cat":[12416,12291],"product_tag":[],"class_list":{"0":"post-775270","1":"product","2":"type-product","3":"status-publish","5":"product_cat-cizgi-roman","6":"product_cat-edebiyat","7":"pa_cilt-ciltsiz","8":"pa_tur-kitap","9":"pa_yayinevi-athica-yayinlari","10":"pa_yazar-nagabe","12":"first","13":"instock","14":"sale","15":"shipping-taxable","16":"purchasable","17":"product-type-simple"},"_links":{"self":[{"href":"https:\/\/roveyayinevi.com.tr\/index.php\/wp-json\/wp\/v2\/product\/775270","targetHints":{"allow":["GET"]}}],"collection":[{"href":"https:\/\/roveyayinevi.com.tr\/index.php\/wp-json\/wp\/v2\/product"}],"about":[{"href":"https:\/\/roveyayinevi.com.tr\/index.php\/wp-json\/wp\/v2\/types\/product"}],"wp:attachment":[{"href":"https:\/\/roveyayinevi.com.tr\/index.php\/wp-json\/wp\/v2\/media?parent=775270"}],"wp:term":[{"taxonomy":"product_brand","embeddable":true,"href":"https:\/\/roveyayinevi.com.tr\/index.php\/wp-json\/wp\/v2\/product_brand?post=775270"},{"taxonomy":"product_cat","embeddable":true,"href":"https:\/\/roveyayinevi.com.tr\/index.php\/wp-json\/wp\/v2\/product_cat?post=775270"},{"taxonomy":"product_tag","embeddable":true,"href":"https:\/\/roveyayinevi.com.tr\/index.php\/wp-json\/wp\/v2\/product_tag?post=775270"}],"curies":[{"name":"wp","href":"https:\/\/api.w.org\/{rel}","templated":true}]}}