{"id":775268,"date":"2025-09-09T18:38:15","date_gmt":"2025-09-09T15:38:15","guid":{"rendered":"https:\/\/roveyayinevi.com.tr\/index.php\/urun\/hormonlar-yalan-soylemez\/"},"modified":"2026-04-15T03:41:45","modified_gmt":"2026-04-15T00:41:45","slug":"hormonlar-yalan-soylemez","status":"publish","type":"product","link":"https:\/\/roveyayinevi.com.tr\/index.php\/urun\/hormonlar-yalan-soylemez\/","title":{"rendered":"Hormonlar Yalan S\u00f6ylemez"},"content":{"rendered":"<p>Bedenin f\u0131s\u0131lt\u0131s\u0131 hormonlar\u0131nd\u0131r&#8230;   Hepimiz ayn\u0131 \u015feyi ar\u0131yoruz asl\u0131nda: Daha az yorgunluk, daha \u00e7ok enerji. Daha az belirsizlik, daha \u00e7ok denge. Daha az \u015fik\u00e2yet, daha \u00e7ok ben.   Ama sorun \u00e7o\u011fu zaman yaln\u0131zca beslenmede ya da hareketsizlikte de\u011fil.   As\u0131l mesele, hormonlar\u0131n\u0131n sana s\u00f6ylemeye \u00e7al\u0131\u015ft\u0131klar\u0131nda:   \u2022 Tiroit bezin yava\u015flad\u0131\u011f\u0131nda sen de yava\u015flars\u0131n.   \u2022 \u0130ns\u00fclinin dengesizse ruh halin dalgalan\u0131r.   \u2022 Kortizol seviyen y\u00fckseldi\u011finde ne yapsan yetemezsin.   \u2022 \u00d6strojen artt\u0131\u011f\u0131nda g\u00f6zya\u015flar\u0131n akar, testosteron azald\u0131\u011f\u0131nda s\u00f6zlerin susar.   \u2022 Melatonin d\u00fc\u015ft\u00fc\u011f\u00fcnde ise ya\u015flanma h\u0131zlan\u0131r.       Bu kitap, hormonlar\u0131n\u0131 yeniden tan\u0131man, onlarla bar\u0131\u015fman ve kendi dengenin mimar\u0131 olman i\u00e7in yaz\u0131ld\u0131. Bilimsel ama anla\u015f\u0131l\u0131r, pratik ama derin&#8230;   Burada sadece laboratuvar de\u011ferlerini de\u011fil, kendini yeniden okumay\u0131 da \u00f6\u011freneceksin. \u00c7\u00fcnk\u00fc bu sat\u0131rlar, bir hekimin g\u00f6z\u00fcyle yaz\u0131ld\u0131 ama bir dostun sesiyle sana ula\u015f\u0131yor.   Prof. Dr. Fevzi Balkan <\/p>\n","protected":false},"excerpt":{"rendered":"<p>Bedenin f\u0131s\u0131lt\u0131s\u0131 hormonlar\u0131nd\u0131r&#8230; Hepimiz ayn\u0131 \u015feyi ar\u0131yoruz asl\u0131nda: Daha az yorgunluk, daha \u00e7ok enerji. Daha az belirsizlik, daha \u00e7ok denge. Daha az \u015fik\u00e2yet, daha \u00e7ok ben.<span class=\"excerpt-hellip\"> [\u2026]<\/span><\/p>\n","protected":false},"featured_media":0,"template":"","meta":{"_monsterinsights_skip_tracking":false,"_monsterinsights_sitenote_active":false,"_monsterinsights_sitenote_note":"","_monsterinsights_sitenote_category":0},"product_brand":[],"product_cat":[20313,13365],"product_tag":[],"class_list":{"0":"post-775268","1":"product","2":"type-product","3":"status-publish","5":"product_cat-basvuru-kitaplari-saglik","6":"product_cat-saglik","7":"pa_cilt-ciltsiz","8":"pa_tur-kitap","9":"pa_yayinevi-destek-yayinlari","10":"pa_yazar-fevzi-balkan","12":"first","13":"instock","14":"sale","15":"shipping-taxable","16":"purchasable","17":"product-type-simple"},"_links":{"self":[{"href":"https:\/\/roveyayinevi.com.tr\/index.php\/wp-json\/wp\/v2\/product\/775268","targetHints":{"allow":["GET"]}}],"collection":[{"href":"https:\/\/roveyayinevi.com.tr\/index.php\/wp-json\/wp\/v2\/product"}],"about":[{"href":"https:\/\/roveyayinevi.com.tr\/index.php\/wp-json\/wp\/v2\/types\/product"}],"wp:attachment":[{"href":"https:\/\/roveyayinevi.com.tr\/index.php\/wp-json\/wp\/v2\/media?parent=775268"}],"wp:term":[{"taxonomy":"product_brand","embeddable":true,"href":"https:\/\/roveyayinevi.com.tr\/index.php\/wp-json\/wp\/v2\/product_brand?post=775268"},{"taxonomy":"product_cat","embeddable":true,"href":"https:\/\/roveyayinevi.com.tr\/index.php\/wp-json\/wp\/v2\/product_cat?post=775268"},{"taxonomy":"product_tag","embeddable":true,"href":"https:\/\/roveyayinevi.com.tr\/index.php\/wp-json\/wp\/v2\/product_tag?post=775268"}],"curies":[{"name":"wp","href":"https:\/\/api.w.org\/{rel}","templated":true}]}}