{"id":775267,"date":"2025-09-09T18:38:14","date_gmt":"2025-09-09T15:38:14","guid":{"rendered":"https:\/\/roveyayinevi.com.tr\/index.php\/urun\/metatron\/"},"modified":"2026-04-15T03:41:44","modified_gmt":"2026-04-15T00:41:44","slug":"metatron","status":"publish","type":"product","link":"https:\/\/roveyayinevi.com.tr\/index.php\/urun\/metatron\/","title":{"rendered":"Metatron"},"content":{"rendered":"<p>\u201c\u0130nsanlar, \u00f6l\u00fcml\u00fc tanr\u0131lar;   tanr\u0131lar, \u00f6l\u00fcms\u00fcz insanlard\u0131r.\u201d     \u015eimdi s\u00f6z, hakikati ta\u015f\u0131yanlara emanet. Zaman\u0131n \u00f6tesinden gelen bir \u00e7a\u011fr\u0131 var bu sayfalarda. Unutulmu\u015f bir bilginin, bast\u0131r\u0131lm\u0131\u015f bir sesin, hat\u0131rlanmay\u0131 bekleyen bir benli\u011fin izinde&#8230;   Son 122 y\u0131lda ilk kez, M\u0131s\u0131r piramitleri \u00fczerinde aktif hale gelen Metatron\u2019un enerjisi, \u015fimdi seninle bulu\u015fmak i\u00e7in bu hik\u00e2yede \u015fekil buluyor.   \u0130stanbul\u2019un kalabal\u0131k sokaklar\u0131nda, Kapadokya\u2019n\u0131n ta\u015f ma\u011faralar\u0131nda ve M\u0131s\u0131r piramitlerinin y\u0131ld\u0131zlara a\u00e7\u0131lan odalar\u0131nda yank\u0131lanan bir aray\u0131\u015f bu. Ge\u00e7mi\u015f ya\u015famlar\u0131n izlerini s\u00fcren, kay\u0131p par\u00e7alar\u0131n\u0131 \u015fifayla geri toplayan bir kad\u0131n\u0131n; kendi sesini, kendi \u00f6z\u00fcn\u00fc ve kendi \u0131\u015f\u0131\u011f\u0131n\u0131 hat\u0131rlama yolculu\u011fu.   Sera\u2019n\u0131n bo\u011faz\u0131ndaki g\u00f6r\u00fcnmez d\u00fc\u011f\u00fcm, sadece ona ait de\u011fil. O, bast\u0131r\u0131lm\u0131\u015f s\u00f6zlerin, susturulmu\u015f bedenlerin ve unutulmu\u015f ruhlar\u0131n sesi.   Ve \u015fimdi, sesin titre\u015fimiyle m\u00fch\u00fcrler k\u0131r\u0131l\u0131yor, kap\u0131lar a\u00e7\u0131l\u0131yor.   \u00c7\u00fcnk\u00fc bu kitap, sadece bir roman de\u011fil.   Bir uyan\u0131\u015f daveti, bir d\u00f6n\u00fc\u015f\u00fcm alan\u0131, bir yeniden do\u011fu\u015f kap\u0131s\u0131.   Ve sen, okurken belki fark etmeden, kendi hik\u00e2yenin i\u00e7ine ad\u0131m atacaks\u0131n.   Haz\u0131r m\u0131s\u0131n?   Kendi hakikatine uyanmaya?   Zamans\u0131z bir bilgeli\u011fin \u0131\u015f\u0131\u011f\u0131nda yeniden var olmaya?   \u00c7\u00fcnk\u00fc bu kitapta anlat\u0131lan, asl\u0131nda senin yolculu\u011fun. <\/p>\n","protected":false},"excerpt":{"rendered":"<p>\u201c\u0130nsanlar, \u00f6l\u00fcml\u00fc tanr\u0131lar; tanr\u0131lar, \u00f6l\u00fcms\u00fcz insanlard\u0131r.\u201d \u015eimdi s\u00f6z, hakikati ta\u015f\u0131yanlara emanet. Zaman\u0131n \u00f6tesinden gelen bir \u00e7a\u011fr\u0131 var bu sayfalarda. Unutulmu\u015f bir bilginin, bast\u0131r\u0131lm\u0131\u015f bir sesin, hat\u0131rlanmay\u0131<span class=\"excerpt-hellip\"> [\u2026]<\/span><\/p>\n","protected":false},"featured_media":0,"template":"","meta":{"_monsterinsights_skip_tracking":false,"_monsterinsights_sitenote_active":false,"_monsterinsights_sitenote_note":"","_monsterinsights_sitenote_category":0},"product_brand":[],"product_cat":[13835],"product_tag":[],"class_list":{"0":"post-775267","1":"product","2":"type-product","3":"status-publish","5":"product_cat-cok-satanlar","6":"pa_cilt-ciltsiz","7":"pa_tur-kitap","8":"pa_yayinevi-destek-yayinlari","9":"pa_yazar-seda-eroglu","11":"first","12":"instock","13":"sale","14":"shipping-taxable","15":"purchasable","16":"product-type-simple"},"_links":{"self":[{"href":"https:\/\/roveyayinevi.com.tr\/index.php\/wp-json\/wp\/v2\/product\/775267","targetHints":{"allow":["GET"]}}],"collection":[{"href":"https:\/\/roveyayinevi.com.tr\/index.php\/wp-json\/wp\/v2\/product"}],"about":[{"href":"https:\/\/roveyayinevi.com.tr\/index.php\/wp-json\/wp\/v2\/types\/product"}],"wp:attachment":[{"href":"https:\/\/roveyayinevi.com.tr\/index.php\/wp-json\/wp\/v2\/media?parent=775267"}],"wp:term":[{"taxonomy":"product_brand","embeddable":true,"href":"https:\/\/roveyayinevi.com.tr\/index.php\/wp-json\/wp\/v2\/product_brand?post=775267"},{"taxonomy":"product_cat","embeddable":true,"href":"https:\/\/roveyayinevi.com.tr\/index.php\/wp-json\/wp\/v2\/product_cat?post=775267"},{"taxonomy":"product_tag","embeddable":true,"href":"https:\/\/roveyayinevi.com.tr\/index.php\/wp-json\/wp\/v2\/product_tag?post=775267"}],"curies":[{"name":"wp","href":"https:\/\/api.w.org\/{rel}","templated":true}]}}