{"id":775266,"date":"2025-09-09T18:38:12","date_gmt":"2025-09-09T15:38:12","guid":{"rendered":"https:\/\/roveyayinevi.com.tr\/index.php\/urun\/meraklisina-meshur-matematiksel-bulmacalar-tarihsel-notlar-ve-yorumlarla\/"},"modified":"2026-04-15T03:41:44","modified_gmt":"2026-04-15T00:41:44","slug":"meraklisina-meshur-matematiksel-bulmacalar-tarihsel-notlar-ve-yorumlarla","status":"publish","type":"product","link":"https:\/\/roveyayinevi.com.tr\/index.php\/urun\/meraklisina-meshur-matematiksel-bulmacalar-tarihsel-notlar-ve-yorumlarla\/","title":{"rendered":"Merakl\u0131s\u0131na Me\u015fhur Matematiksel Bulmacalar &#8211; Tarihsel Notlar ve Yorumlarla"},"content":{"rendered":"<p>Zihinsel egzersizleri seven ve bu alanda kendini geli\u015ftirmek isteyenler i\u00e7in ger\u00e7ek bir ba\u015fucu kitab\u0131! \u00dcmit l\u015flak, pedagojik birikimini ve bilimsel yakla\u015f\u0131m\u0131n\u0131 samimi bir anlat\u0131mla harmanlayarak okurunu keyifli bir zihin yolculu\u011funa \u00e7\u0131kar\u0131yor. Tarihsel problemler arac\u0131l\u0131\u011f\u0131yla merakl\u0131lar\u0131na k\u0131sa ama zengin bir bilim tarihi se\u00e7kisi de sunan kitapta, say\u0131lar kuram\u0131, geometri, kombinatorik, olas\u0131l\u0131k teorisi gibi alanlardan \u00f6rnekler bulmacala\u015ft\u0131r\u0131lm\u0131\u015f bir \u015fekilde kar\u015f\u0131m\u0131za \u00e7\u0131k\u0131yor. Ayr\u0131ca okurlar i\u00e7in gerekli olabilecek bilgiler, sade ve anla\u015f\u0131l\u0131r bi\u00e7imde, b\u00f6l\u00fcm sonlar\u0131nda a\u00e7\u0131klay\u0131c\u0131 notlarla sunuluyor. Orta\u00f6\u011fretim \u00f6\u011frencilerinden \u00fcniversite mezunlar\u0131na, amat\u00f6r merakl\u0131lardan tutkulu bulmaca severlere kadar, farkl\u0131 seviyelerden ve altyap\u0131lardan geni\u015f bir okur kitlesine hitap eden bu kitapla yeterince ha\u015fir ne\u015fir oldu\u011funuzda ise sadece bulmaca sohbetlerine kat\u0131lmakla kalmayacak, kendi sorular\u0131n\u0131z\u0131 da kurgulamaya ba\u015flayacaks\u0131n\u0131z. Ayhan Dil   <\/p>\n","protected":false},"excerpt":{"rendered":"<p>Zihinsel egzersizleri seven ve bu alanda kendini geli\u015ftirmek isteyenler i\u00e7in ger\u00e7ek bir ba\u015fucu kitab\u0131! \u00dcmit l\u015flak, pedagojik birikimini ve bilimsel yakla\u015f\u0131m\u0131n\u0131 samimi bir anlat\u0131mla harmanlayarak okurunu<span class=\"excerpt-hellip\"> [\u2026]<\/span><\/p>\n","protected":false},"featured_media":0,"template":"","meta":{"_monsterinsights_skip_tracking":false,"_monsterinsights_sitenote_active":false,"_monsterinsights_sitenote_note":"","_monsterinsights_sitenote_category":0},"product_brand":[],"product_cat":[12492,12274],"product_tag":[],"class_list":{"0":"post-775266","1":"product","2":"type-product","3":"status-publish","5":"product_cat-bilmece-bulmaca","6":"product_cat-cocuk-ve-genclik-kitaplari","7":"pa_cilt-ciltsiz","8":"pa_tur-kitap","9":"pa_yayinevi-nesin-yayinlari","10":"pa_yazar-umit-islak","12":"first","13":"instock","14":"sale","15":"shipping-taxable","16":"purchasable","17":"product-type-simple"},"_links":{"self":[{"href":"https:\/\/roveyayinevi.com.tr\/index.php\/wp-json\/wp\/v2\/product\/775266","targetHints":{"allow":["GET"]}}],"collection":[{"href":"https:\/\/roveyayinevi.com.tr\/index.php\/wp-json\/wp\/v2\/product"}],"about":[{"href":"https:\/\/roveyayinevi.com.tr\/index.php\/wp-json\/wp\/v2\/types\/product"}],"wp:attachment":[{"href":"https:\/\/roveyayinevi.com.tr\/index.php\/wp-json\/wp\/v2\/media?parent=775266"}],"wp:term":[{"taxonomy":"product_brand","embeddable":true,"href":"https:\/\/roveyayinevi.com.tr\/index.php\/wp-json\/wp\/v2\/product_brand?post=775266"},{"taxonomy":"product_cat","embeddable":true,"href":"https:\/\/roveyayinevi.com.tr\/index.php\/wp-json\/wp\/v2\/product_cat?post=775266"},{"taxonomy":"product_tag","embeddable":true,"href":"https:\/\/roveyayinevi.com.tr\/index.php\/wp-json\/wp\/v2\/product_tag?post=775266"}],"curies":[{"name":"wp","href":"https:\/\/api.w.org\/{rel}","templated":true}]}}