{"id":775264,"date":"2025-09-09T18:38:07","date_gmt":"2025-09-09T15:38:07","guid":{"rendered":"https:\/\/roveyayinevi.com.tr\/index.php\/urun\/shakespeareden-hikayeler-1\/"},"modified":"2026-04-15T03:41:44","modified_gmt":"2026-04-15T00:41:44","slug":"shakespeareden-hikayeler-1","status":"publish","type":"product","link":"https:\/\/roveyayinevi.com.tr\/index.php\/urun\/shakespeareden-hikayeler-1\/","title":{"rendered":"Shakespeare\u2019den Hikayeler 1"},"content":{"rendered":"<p>William Shakespeare, t\u00fcm zamanlar\u0131n en b\u00fcy\u00fck oyun yazar\u0131d\u0131r. Oyunlar\u0131, be\u015f y\u00fcz y\u0131ldan uzun s\u00fcredir sahnelenmektedir. Ne var ki bu oyunlar, b\u00fcy\u00fcklerin anlayaca\u011f\u0131 bir dille yaz\u0131lm\u0131\u015ft\u0131. \u00c7ocuk edebiyat\u0131 yazar\u0131 Edith Nesbit, bu oyunlar\u0131 \u00e7ocuklar i\u00e7in hik\u00e2yele\u015ftirdi. Shakespeare\u2019den Hik\u00e2yeler \u00fcst ba\u015fl\u0131\u011f\u0131yla yay\u0131mlad\u0131\u011f\u0131m\u0131z eserlerde, bu hik\u00e2yeleri okuyacaks\u0131n\u0131z. <\/p>\n","protected":false},"excerpt":{"rendered":"<p>William Shakespeare, t\u00fcm zamanlar\u0131n en b\u00fcy\u00fck oyun yazar\u0131d\u0131r. Oyunlar\u0131, be\u015f y\u00fcz y\u0131ldan uzun s\u00fcredir sahnelenmektedir. Ne var ki bu oyunlar, b\u00fcy\u00fcklerin anlayaca\u011f\u0131 bir dille yaz\u0131lm\u0131\u015ft\u0131. \u00c7ocuk<span class=\"excerpt-hellip\"> [\u2026]<\/span><\/p>\n","protected":false},"featured_media":0,"template":"","meta":{"_monsterinsights_skip_tracking":false,"_monsterinsights_sitenote_active":false,"_monsterinsights_sitenote_note":"","_monsterinsights_sitenote_category":0},"product_brand":[],"product_cat":[12291,15566],"product_tag":[],"class_list":{"0":"post-775264","1":"product","2":"type-product","3":"status-publish","5":"product_cat-edebiyat","6":"product_cat-oyun","7":"pa_cilt-ciltsiz","8":"pa_tur-kitap","9":"pa_yayinevi-purus-yayinlari","10":"pa_yazar-edith-nesbit","12":"first","13":"instock","14":"sale","15":"shipping-taxable","16":"purchasable","17":"product-type-simple"},"_links":{"self":[{"href":"https:\/\/roveyayinevi.com.tr\/index.php\/wp-json\/wp\/v2\/product\/775264","targetHints":{"allow":["GET"]}}],"collection":[{"href":"https:\/\/roveyayinevi.com.tr\/index.php\/wp-json\/wp\/v2\/product"}],"about":[{"href":"https:\/\/roveyayinevi.com.tr\/index.php\/wp-json\/wp\/v2\/types\/product"}],"wp:attachment":[{"href":"https:\/\/roveyayinevi.com.tr\/index.php\/wp-json\/wp\/v2\/media?parent=775264"}],"wp:term":[{"taxonomy":"product_brand","embeddable":true,"href":"https:\/\/roveyayinevi.com.tr\/index.php\/wp-json\/wp\/v2\/product_brand?post=775264"},{"taxonomy":"product_cat","embeddable":true,"href":"https:\/\/roveyayinevi.com.tr\/index.php\/wp-json\/wp\/v2\/product_cat?post=775264"},{"taxonomy":"product_tag","embeddable":true,"href":"https:\/\/roveyayinevi.com.tr\/index.php\/wp-json\/wp\/v2\/product_tag?post=775264"}],"curies":[{"name":"wp","href":"https:\/\/api.w.org\/{rel}","templated":true}]}}