{"id":775262,"date":"2025-09-09T18:38:02","date_gmt":"2025-09-09T15:38:02","guid":{"rendered":"https:\/\/roveyayinevi.com.tr\/index.php\/urun\/kucuk-prens-47\/"},"modified":"2026-04-15T03:41:44","modified_gmt":"2026-04-15T00:41:44","slug":"kucuk-prens-47","status":"publish","type":"product","link":"https:\/\/roveyayinevi.com.tr\/index.php\/urun\/kucuk-prens-47\/","title":{"rendered":"K\u00fc\u00e7\u00fck Prens"},"content":{"rendered":"<p>Sizi K\u00fc\u00e7\u00fck Prens\u2019le tan\u0131\u015ft\u0131ral\u0131m. D\u00fcnyadan \u00e7ok uzak, k\u00fc\u00e7\u00fck bir gezegende ya\u015fayan Prens g\u00fcn bat\u0131mlar\u0131n\u0131 seyretmeyi, \u00e7i\u00e7e\u011fine bakmay\u0131, sorular sormay\u0131 sever. Hayatta neyin ger\u00e7ekten \u00f6nemli neyin ise \u00f6nemsiz oldu\u011funu bir\u00e7ok gezegen gezerek, sorular sorarak, ya\u015fayarak \u00f6\u011frenmi\u015fir. \u00d6\u011frendi\u011fi bir \u015fey daha var: \u201cB\u00fcy\u00fckler ger\u00e7ekten \u00e7ok garipler.\u201d Bu kitapta, tan\u0131\u015ft\u0131\u011f\u0131n\u0131z K\u00fc\u00e7\u00fck Prens\u2019in b\u00fcy\u00fcleyici hik\u00e2yesini okuyacaks\u0131n\u0131z. Prens\u2019in evi olan gezegen, di\u011fer gezegenlerde kar\u015f\u0131la\u015ft\u0131klar\u0131, d\u00fcnyada ge\u00e7irdi\u011fi zamanda yapt\u0131klar\u0131, bunlar\u0131n hepsi bamba\u015fkad\u0131r. Bu hik\u00e2ye o kadar e\u015fsizdir ki, seksen y\u0131l\u0131 a\u015fk\u0131n s\u00fcredir d\u00fcnyan\u0131n d\u00f6rt bir yan\u0131nda okunmaya devam ediyor. <\/p>\n","protected":false},"excerpt":{"rendered":"<p>Sizi K\u00fc\u00e7\u00fck Prens\u2019le tan\u0131\u015ft\u0131ral\u0131m. D\u00fcnyadan \u00e7ok uzak, k\u00fc\u00e7\u00fck bir gezegende ya\u015fayan Prens g\u00fcn bat\u0131mlar\u0131n\u0131 seyretmeyi, \u00e7i\u00e7e\u011fine bakmay\u0131, sorular sormay\u0131 sever. Hayatta neyin ger\u00e7ekten \u00f6nemli neyin ise<span class=\"excerpt-hellip\"> [\u2026]<\/span><\/p>\n","protected":false},"featured_media":0,"template":"","meta":{"_monsterinsights_skip_tracking":false,"_monsterinsights_sitenote_active":false,"_monsterinsights_sitenote_note":"","_monsterinsights_sitenote_category":0},"product_brand":[],"product_cat":[12291,12711],"product_tag":[],"class_list":{"0":"post-775262","1":"product","2":"type-product","3":"status-publish","5":"product_cat-edebiyat","6":"product_cat-roman-oyku","7":"pa_cilt-ciltsiz","8":"pa_tur-kitap","9":"pa_yayinevi-purus-yayinlari","10":"pa_yazar-antoine-de-saint-exupery","12":"first","13":"instock","14":"sale","15":"shipping-taxable","16":"purchasable","17":"product-type-simple"},"_links":{"self":[{"href":"https:\/\/roveyayinevi.com.tr\/index.php\/wp-json\/wp\/v2\/product\/775262","targetHints":{"allow":["GET"]}}],"collection":[{"href":"https:\/\/roveyayinevi.com.tr\/index.php\/wp-json\/wp\/v2\/product"}],"about":[{"href":"https:\/\/roveyayinevi.com.tr\/index.php\/wp-json\/wp\/v2\/types\/product"}],"wp:attachment":[{"href":"https:\/\/roveyayinevi.com.tr\/index.php\/wp-json\/wp\/v2\/media?parent=775262"}],"wp:term":[{"taxonomy":"product_brand","embeddable":true,"href":"https:\/\/roveyayinevi.com.tr\/index.php\/wp-json\/wp\/v2\/product_brand?post=775262"},{"taxonomy":"product_cat","embeddable":true,"href":"https:\/\/roveyayinevi.com.tr\/index.php\/wp-json\/wp\/v2\/product_cat?post=775262"},{"taxonomy":"product_tag","embeddable":true,"href":"https:\/\/roveyayinevi.com.tr\/index.php\/wp-json\/wp\/v2\/product_tag?post=775262"}],"curies":[{"name":"wp","href":"https:\/\/api.w.org\/{rel}","templated":true}]}}