{"id":775261,"date":"2025-09-09T18:37:58","date_gmt":"2025-09-09T15:37:58","guid":{"rendered":"https:\/\/roveyayinevi.com.tr\/index.php\/urun\/gokyuzunun-ve-yeryuzunun-kasifi-galileo-galilei\/"},"modified":"2026-04-15T03:41:44","modified_gmt":"2026-04-15T00:41:44","slug":"gokyuzunun-ve-yeryuzunun-kasifi-galileo-galilei","status":"publish","type":"product","link":"https:\/\/roveyayinevi.com.tr\/index.php\/urun\/gokyuzunun-ve-yeryuzunun-kasifi-galileo-galilei\/","title":{"rendered":"G\u00f6ky\u00fcz\u00fcn\u00fcn ve Yery\u00fcz\u00fcn\u00fcn Ka\u015fifi &#8211; Galileo Galilei"},"content":{"rendered":"<p>Galilei Galileo, g\u00f6ky\u00fcz\u00fcne ve yery\u00fcz\u00fcne bak\u0131\u015f\u0131m\u0131z\u0131 de\u011fi\u015ftiren bir bilim insan\u0131yd\u0131. Her ko\u015fulda ger\u00e7e\u011fin pe\u015finden giden bu bilim insan\u0131n\u0131n hayat\u0131, cesaretin ne kadar \u00f6nemli oldu\u011funu g\u00f6sterir. G\u00f6ky\u00fcz\u00fcn\u00fcn ve Yery\u00fcz\u00fcn\u00fcn K\u00e2\u015fifi&#8217;nde bu hayat hik\u00e2yesini okuyacaks\u0131n. \u0130\u00e7inde hem ilgin\u00e7 bilgiler hem de yapt\u0131\u011f\u0131 bilimsel ke\u015fifler olacak. Ayr\u0131ca kitab\u0131n sonunda, Galileo Galilei\u2019nin bilime katk\u0131lar\u0131 ile ilgili, evdeki malzemelerle yapabilece\u011fin \u00fc\u00e7 farkl\u0131 deney bulacaks\u0131n. Bu deneyleri yaparak bilim d\u00fcnyas\u0131na ad\u0131m atabilirsin. <\/p>\n","protected":false},"excerpt":{"rendered":"<p>Galilei Galileo, g\u00f6ky\u00fcz\u00fcne ve yery\u00fcz\u00fcne bak\u0131\u015f\u0131m\u0131z\u0131 de\u011fi\u015ftiren bir bilim insan\u0131yd\u0131. Her ko\u015fulda ger\u00e7e\u011fin pe\u015finden giden bu bilim insan\u0131n\u0131n hayat\u0131, cesaretin ne kadar \u00f6nemli oldu\u011funu g\u00f6sterir. G\u00f6ky\u00fcz\u00fcn\u00fcn<span class=\"excerpt-hellip\"> [\u2026]<\/span><\/p>\n","protected":false},"featured_media":0,"template":"","meta":{"_monsterinsights_skip_tracking":false,"_monsterinsights_sitenote_active":false,"_monsterinsights_sitenote_note":"","_monsterinsights_sitenote_category":0},"product_brand":[],"product_cat":[12274,12631],"product_tag":[],"class_list":{"0":"post-775261","1":"product","2":"type-product","3":"status-publish","5":"product_cat-cocuk-ve-genclik-kitaplari","6":"product_cat-diger-cocuk-ve-genclik-kitaplari","7":"pa_cilt-ciltsiz","8":"pa_tur-kitap","9":"pa_yayinevi-purus-yayinlari","10":"pa_yazar-bilge-ekin-kuvvetli","12":"first","13":"instock","14":"sale","15":"shipping-taxable","16":"purchasable","17":"product-type-simple"},"_links":{"self":[{"href":"https:\/\/roveyayinevi.com.tr\/index.php\/wp-json\/wp\/v2\/product\/775261","targetHints":{"allow":["GET"]}}],"collection":[{"href":"https:\/\/roveyayinevi.com.tr\/index.php\/wp-json\/wp\/v2\/product"}],"about":[{"href":"https:\/\/roveyayinevi.com.tr\/index.php\/wp-json\/wp\/v2\/types\/product"}],"wp:attachment":[{"href":"https:\/\/roveyayinevi.com.tr\/index.php\/wp-json\/wp\/v2\/media?parent=775261"}],"wp:term":[{"taxonomy":"product_brand","embeddable":true,"href":"https:\/\/roveyayinevi.com.tr\/index.php\/wp-json\/wp\/v2\/product_brand?post=775261"},{"taxonomy":"product_cat","embeddable":true,"href":"https:\/\/roveyayinevi.com.tr\/index.php\/wp-json\/wp\/v2\/product_cat?post=775261"},{"taxonomy":"product_tag","embeddable":true,"href":"https:\/\/roveyayinevi.com.tr\/index.php\/wp-json\/wp\/v2\/product_tag?post=775261"}],"curies":[{"name":"wp","href":"https:\/\/api.w.org\/{rel}","templated":true}]}}