{"id":775260,"date":"2025-09-09T18:37:56","date_gmt":"2025-09-09T15:37:56","guid":{"rendered":"https:\/\/roveyayinevi.com.tr\/index.php\/urun\/bilime-yon-veren-insan-isaac-newton\/"},"modified":"2026-04-15T03:41:44","modified_gmt":"2026-04-15T00:41:44","slug":"bilime-yon-veren-insan-isaac-newton","status":"publish","type":"product","link":"https:\/\/roveyayinevi.com.tr\/index.php\/urun\/bilime-yon-veren-insan-isaac-newton\/","title":{"rendered":"Bilime Y\u00f6n Veren \u0130nsan &#8211; Isaac Newton"},"content":{"rendered":"<p>Isaac Newton, yery\u00fcz\u00fcn\u00fcn hareket yasalar\u0131n\u0131 bulan, optic konusundaki \u00e7al\u0131\u015fmalarla \u0131\u015f\u0131\u011f\u0131 anlamam\u0131z\u0131 sa\u011flayan bir bilim insan\u0131yd\u0131. Evrenin s\u0131rlar\u0131n\u0131 \u00e7\u00f6zmek i\u00e7in \u00e7al\u0131\u015fan bu bilim insan\u0131n\u0131n hayat\u0131, \u00f6\u011frenme tutkusunun ne kadar \u00f6nemli oldu\u011funu g\u00f6sterir. Bilime Y\u00f6n Veren \u0130nsan&#8217;da bu hayat hik\u00e2yesini okuyacaks\u0131n. \u0130\u00e7inde hem ilgin\u00e7 bilgiler hem de yapt\u0131\u011f\u0131 bilimsel ke\u015fifler olacak. Ayr\u0131ca kitab\u0131n sonunda, Isaac Newton\u2019\u0131n bilime katk\u0131lar\u0131 ile ilgili, evdeki malzemelerle yapabilece\u011fin \u00fc\u00e7 farkl\u0131 deney bulacaks\u0131n. Bu deneyleri yaparak bilim d\u00fcnyas\u0131na ad\u0131m atabilirsin. <\/p>\n","protected":false},"excerpt":{"rendered":"<p>Isaac Newton, yery\u00fcz\u00fcn\u00fcn hareket yasalar\u0131n\u0131 bulan, optic konusundaki \u00e7al\u0131\u015fmalarla \u0131\u015f\u0131\u011f\u0131 anlamam\u0131z\u0131 sa\u011flayan bir bilim insan\u0131yd\u0131. Evrenin s\u0131rlar\u0131n\u0131 \u00e7\u00f6zmek i\u00e7in \u00e7al\u0131\u015fan bu bilim insan\u0131n\u0131n hayat\u0131, \u00f6\u011frenme tutkusunun<span class=\"excerpt-hellip\"> [\u2026]<\/span><\/p>\n","protected":false},"featured_media":0,"template":"","meta":{"_monsterinsights_skip_tracking":false,"_monsterinsights_sitenote_active":false,"_monsterinsights_sitenote_note":"","_monsterinsights_sitenote_category":0},"product_brand":[],"product_cat":[12274,12631],"product_tag":[],"class_list":{"0":"post-775260","1":"product","2":"type-product","3":"status-publish","5":"product_cat-cocuk-ve-genclik-kitaplari","6":"product_cat-diger-cocuk-ve-genclik-kitaplari","7":"pa_cilt-ciltsiz","8":"pa_tur-kitap","9":"pa_yayinevi-purus-yayinlari","10":"pa_yazar-bilge-ekin-kuvvetli","12":"first","13":"instock","14":"sale","15":"shipping-taxable","16":"purchasable","17":"product-type-simple"},"_links":{"self":[{"href":"https:\/\/roveyayinevi.com.tr\/index.php\/wp-json\/wp\/v2\/product\/775260","targetHints":{"allow":["GET"]}}],"collection":[{"href":"https:\/\/roveyayinevi.com.tr\/index.php\/wp-json\/wp\/v2\/product"}],"about":[{"href":"https:\/\/roveyayinevi.com.tr\/index.php\/wp-json\/wp\/v2\/types\/product"}],"wp:attachment":[{"href":"https:\/\/roveyayinevi.com.tr\/index.php\/wp-json\/wp\/v2\/media?parent=775260"}],"wp:term":[{"taxonomy":"product_brand","embeddable":true,"href":"https:\/\/roveyayinevi.com.tr\/index.php\/wp-json\/wp\/v2\/product_brand?post=775260"},{"taxonomy":"product_cat","embeddable":true,"href":"https:\/\/roveyayinevi.com.tr\/index.php\/wp-json\/wp\/v2\/product_cat?post=775260"},{"taxonomy":"product_tag","embeddable":true,"href":"https:\/\/roveyayinevi.com.tr\/index.php\/wp-json\/wp\/v2\/product_tag?post=775260"}],"curies":[{"name":"wp","href":"https:\/\/api.w.org\/{rel}","templated":true}]}}