{"id":775259,"date":"2025-09-09T18:37:53","date_gmt":"2025-09-09T15:37:53","guid":{"rendered":"https:\/\/roveyayinevi.com.tr\/index.php\/urun\/bilimde-parlayan-bir-isik-marie-curie\/"},"modified":"2026-04-15T03:41:44","modified_gmt":"2026-04-15T00:41:44","slug":"bilimde-parlayan-bir-isik-marie-curie","status":"publish","type":"product","link":"https:\/\/roveyayinevi.com.tr\/index.php\/urun\/bilimde-parlayan-bir-isik-marie-curie\/","title":{"rendered":"Bilimde Parlayan Bir I\u015f\u0131k &#8211; Marie Curie"},"content":{"rendered":"<p>Marie Curie, Nobel \u00d6d\u00fcl\u00fc\u2019n\u00fc kazanan ilk kad\u0131n ve bu \u00f6d\u00fcl\u00fc iki kez kazanan -erkek ya da kad\u0131n- ilk bilim insan\u0131d\u0131r. Kar\u015f\u0131la\u015ft\u0131\u011f\u0131 zorluklara ra\u011fmen pes etmeyen bu bilim insan\u0131n\u0131n hayat\u0131, azmin ne kadar \u00f6nemli oldu\u011funu g\u00f6sterir. Bilimde Parlayan I\u015f\u0131k&#8217;ta bu hayat hik\u00e2yesini okuyacaks\u0131n. \u0130\u00e7inde hem ilgin\u00e7 bilgiler hem de yapt\u0131\u011f\u0131 bilimsel ke\u015fifler olacak. Ayr\u0131ca kitab\u0131n sonunda, Marie Curie\u2019nin bilime katk\u0131lar\u0131 ile ilgili, evdeki malzemelerle yapabilece\u011fin \u00fc\u00e7 farkl\u0131 deney bulacaks\u0131n. Bu deneyleri yaparak bilim d\u00fcnyas\u0131na ad\u0131m atabilirsin. <\/p>\n","protected":false},"excerpt":{"rendered":"<p>Marie Curie, Nobel \u00d6d\u00fcl\u00fc\u2019n\u00fc kazanan ilk kad\u0131n ve bu \u00f6d\u00fcl\u00fc iki kez kazanan -erkek ya da kad\u0131n- ilk bilim insan\u0131d\u0131r. Kar\u015f\u0131la\u015ft\u0131\u011f\u0131 zorluklara ra\u011fmen pes etmeyen bu<span class=\"excerpt-hellip\"> [\u2026]<\/span><\/p>\n","protected":false},"featured_media":0,"template":"","meta":{"_monsterinsights_skip_tracking":false,"_monsterinsights_sitenote_active":false,"_monsterinsights_sitenote_note":"","_monsterinsights_sitenote_category":0},"product_brand":[],"product_cat":[12274,12631],"product_tag":[],"class_list":{"0":"post-775259","1":"product","2":"type-product","3":"status-publish","5":"product_cat-cocuk-ve-genclik-kitaplari","6":"product_cat-diger-cocuk-ve-genclik-kitaplari","7":"pa_cilt-ciltsiz","8":"pa_tur-kitap","9":"pa_yayinevi-purus-yayinlari","10":"pa_yazar-bilge-ekin-kuvvetli","12":"first","13":"instock","14":"sale","15":"shipping-taxable","16":"purchasable","17":"product-type-simple"},"_links":{"self":[{"href":"https:\/\/roveyayinevi.com.tr\/index.php\/wp-json\/wp\/v2\/product\/775259","targetHints":{"allow":["GET"]}}],"collection":[{"href":"https:\/\/roveyayinevi.com.tr\/index.php\/wp-json\/wp\/v2\/product"}],"about":[{"href":"https:\/\/roveyayinevi.com.tr\/index.php\/wp-json\/wp\/v2\/types\/product"}],"wp:attachment":[{"href":"https:\/\/roveyayinevi.com.tr\/index.php\/wp-json\/wp\/v2\/media?parent=775259"}],"wp:term":[{"taxonomy":"product_brand","embeddable":true,"href":"https:\/\/roveyayinevi.com.tr\/index.php\/wp-json\/wp\/v2\/product_brand?post=775259"},{"taxonomy":"product_cat","embeddable":true,"href":"https:\/\/roveyayinevi.com.tr\/index.php\/wp-json\/wp\/v2\/product_cat?post=775259"},{"taxonomy":"product_tag","embeddable":true,"href":"https:\/\/roveyayinevi.com.tr\/index.php\/wp-json\/wp\/v2\/product_tag?post=775259"}],"curies":[{"name":"wp","href":"https:\/\/api.w.org\/{rel}","templated":true}]}}