{"id":775258,"date":"2025-09-09T18:37:51","date_gmt":"2025-09-09T15:37:51","guid":{"rendered":"https:\/\/roveyayinevi.com.tr\/index.php\/urun\/aklindan-bile-gecirme\/"},"modified":"2026-04-15T03:41:44","modified_gmt":"2026-04-15T00:41:44","slug":"aklindan-bile-gecirme","status":"publish","type":"product","link":"https:\/\/roveyayinevi.com.tr\/index.php\/urun\/aklindan-bile-gecirme\/","title":{"rendered":"Akl\u0131ndan Bile Ge\u00e7irme"},"content":{"rendered":"<p>Ya akl\u0131ndan ge\u00e7enleri biri duyuyorsa?   Linda, insanlar\u0131n akl\u0131ndan ge\u00e7enleri duyabildi\u011fini fark etti\u011finde bu ona \u00f6nce e\u011flenceli bir oyun gibi gelmi\u015fti. Ama zamanla, d\u00fc\u015f\u00fcnd\u00fckleri ile s\u00f6yledikleri birbirini tutmayan insanlarla kar\u015f\u0131la\u015ft\u0131k\u00e7a, bu yetene\u011fin pek de kolay olmad\u0131\u011f\u0131n\u0131 anlad\u0131.   \u00d6\u011fretmeninin yorgun oldu\u011funu hissetti\u011finde, arkada\u015f\u0131n\u0131n do\u011fruyu s\u00f6ylemedi\u011fini duydu\u011funda ya da annesinin onu \u00fczmemek i\u00e7in ger\u00e7e\u011fi saklad\u0131\u011f\u0131n\u0131 fark etti\u011finde, Linda\u2019n\u0131n d\u00fcnyas\u0131 de\u011fi\u015fmeye ba\u015flad\u0131.   Peki ya hayvanlar\u0131n da d\u00fc\u015f\u00fcncelerini duyabilseydi?   Akl\u0131ndan Bile Ge\u00e7irme; dostluk, cesaret ve adalet \u00fczerine d\u00fc\u015f\u00fcnd\u00fcren, s\u00fcr\u00fckleyici bir hik\u00e2ye. Linda\u2019n\u0131n ve \u00e7evresindekilerin zihinlerine kulak verirken, hem e\u011flenecek hem de kalbinizin en g\u00fczel k\u00f6\u015fesine dokunan anlarla kar\u015f\u0131la\u015facaks\u0131n\u0131z. <\/p>\n","protected":false},"excerpt":{"rendered":"<p>Ya akl\u0131ndan ge\u00e7enleri biri duyuyorsa? Linda, insanlar\u0131n akl\u0131ndan ge\u00e7enleri duyabildi\u011fini fark etti\u011finde bu ona \u00f6nce e\u011flenceli bir oyun gibi gelmi\u015fti. Ama zamanla, d\u00fc\u015f\u00fcnd\u00fckleri ile s\u00f6yledikleri birbirini<span class=\"excerpt-hellip\"> [\u2026]<\/span><\/p>\n","protected":false},"featured_media":0,"template":"","meta":{"_monsterinsights_skip_tracking":false,"_monsterinsights_sitenote_active":false,"_monsterinsights_sitenote_note":"","_monsterinsights_sitenote_category":0},"product_brand":[],"product_cat":[12274,12284],"product_tag":[],"class_list":{"0":"post-775258","1":"product","2":"type-product","3":"status-publish","5":"product_cat-cocuk-ve-genclik-kitaplari","6":"product_cat-hikayeler","7":"pa_cilt-ciltsiz","8":"pa_tur-kitap","9":"pa_yayinevi-fom-kitap","10":"pa_yazar-zafer-ozer","12":"first","13":"instock","14":"sale","15":"shipping-taxable","16":"purchasable","17":"product-type-simple"},"_links":{"self":[{"href":"https:\/\/roveyayinevi.com.tr\/index.php\/wp-json\/wp\/v2\/product\/775258","targetHints":{"allow":["GET"]}}],"collection":[{"href":"https:\/\/roveyayinevi.com.tr\/index.php\/wp-json\/wp\/v2\/product"}],"about":[{"href":"https:\/\/roveyayinevi.com.tr\/index.php\/wp-json\/wp\/v2\/types\/product"}],"wp:attachment":[{"href":"https:\/\/roveyayinevi.com.tr\/index.php\/wp-json\/wp\/v2\/media?parent=775258"}],"wp:term":[{"taxonomy":"product_brand","embeddable":true,"href":"https:\/\/roveyayinevi.com.tr\/index.php\/wp-json\/wp\/v2\/product_brand?post=775258"},{"taxonomy":"product_cat","embeddable":true,"href":"https:\/\/roveyayinevi.com.tr\/index.php\/wp-json\/wp\/v2\/product_cat?post=775258"},{"taxonomy":"product_tag","embeddable":true,"href":"https:\/\/roveyayinevi.com.tr\/index.php\/wp-json\/wp\/v2\/product_tag?post=775258"}],"curies":[{"name":"wp","href":"https:\/\/api.w.org\/{rel}","templated":true}]}}