{"id":775257,"date":"2025-09-09T18:37:48","date_gmt":"2025-09-09T15:37:48","guid":{"rendered":"https:\/\/roveyayinevi.com.tr\/index.php\/urun\/somurgeciligin-kutsal-semsiyesi-din\/"},"modified":"2026-04-15T03:41:44","modified_gmt":"2026-04-15T00:41:44","slug":"somurgeciligin-kutsal-semsiyesi-din","status":"publish","type":"product","link":"https:\/\/roveyayinevi.com.tr\/index.php\/urun\/somurgeciligin-kutsal-semsiyesi-din\/","title":{"rendered":"S\u00f6m\u00fcrgecili\u011fin Kutsal \u015eemsiyesi: Din"},"content":{"rendered":"<p>Elinizdeki kitap akademik bir \u00e7al\u0131\u015fma olman\u0131n \u00f6tesinde, k\u0131s\u0131rla\u015ft\u0131r\u0131lm\u0131\u015f ve sesi bo\u011fulmu\u015f Yerli halklar\u0131n \u00f6zelinde b\u00fc-t\u00fcn s\u00f6m\u00fcrgelilerin derinden gelen \u00e7\u0131\u011fl\u0131\u011f\u0131na ayna tutuyor. Bu ba\u011flamda iktidarlarca s\u00f6m\u00fcrgecili\u011fin yap\u0131 ta\u015flar\u0131 d\u00f6\u015fenirken \u201cdevletin bask\u0131 ayg\u0131tlar\u0131\u201d ve \u201cdevletin ideolojik ayg\u0131tlar\u0131\u201dyla toplumsal r\u0131zan\u0131n nas\u0131l \u00fcretildi\u011fini, ayn\u0131 zamanda bunlarla s\u00f6m\u00fcrgeci politikalar\u0131n nas\u0131l me\u015frula\u015ft\u0131r\u0131ld\u0131\u011f\u0131n\u0131 ortaya koyu-yor. S\u00f6m\u00fcrgeci iktidarlar\u0131n bu ayg\u0131tlarla s\u00f6m\u00fcrge politikala-r\u0131n\u0131 muhkem h\u00e2le getirirken devlet mekanizmalar\u0131n\u0131n devam-l\u0131l\u0131\u011f\u0131n\u0131 nas\u0131l s\u00fcrd\u00fcrd\u00fc\u011f\u00fcn\u00fc ele al\u0131yor.S\u00f6z konusu ideolojik ayg\u0131tlar\u0131n en \u00f6nemli enstr\u00fcmanlar\u0131ndan biri \u015f\u00fcphesiz dindir. Dinin \u00f6zellikle kurumsal boyutu ve ikti-darla beraber bir tahakk\u00fcm arac\u0131na d\u00f6n\u00fc\u015fmesi gerek tarihi bir\u00e7ok olayda gerekse g\u00fcn\u00fcm\u00fcz d\u00fcnyas\u0131nda g\u00f6zlemlenen bir olgu olarak kar\u015f\u0131m\u0131zda durmaktad\u0131r. Kurumsal din bir\u00e7ok toplumda iktidarlar\u0131n g\u00fc\u00e7lenmesine zemin haz\u0131rlarken, \u00e7o\u011fu zaman da bu iktidarlar\u0131n g\u00fc\u00e7lenirken uygulad\u0131klar\u0131 politika-lar\u0131n me\u015frula\u015ft\u0131rma ayg\u0131t\u0131na d\u00f6n\u00fc\u015fm\u00fc\u015ft\u00fcr. Kitap, ideolojik bir y\u00f6netim anlay\u0131\u015f\u0131n\u0131 da i\u00e7eren s\u00f6m\u00fcrgecili\u011fin i\u015fgal ve ilhak etti\u011fi topraklarda iktidar\u0131n\u0131 per\u00e7inleyerek kendi ekonomik \u00e7\u0131karlar\u0131n\u0131 g\u00fcvence alt\u0131na al\u0131rken toplumsal r\u0131za \u00fcretmek amac\u0131yla dini etkili kontrol mekanizmas\u0131 \u00fcreten bir ayg\u0131t olarak nas\u0131l i\u015fletti\u011fini tan\u0131tl\u0131yor.S\u00f6m\u00fcrgecilik pratiklerinde kurumsal dinin ara\u00e7sal i\u015flevini a\u00e7\u0131klayan ufuk a\u00e7\u0131c\u0131 bir eser&#8230;<\/p>\n","protected":false},"excerpt":{"rendered":"<p>Elinizdeki kitap akademik bir \u00e7al\u0131\u015fma olman\u0131n \u00f6tesinde, k\u0131s\u0131rla\u015ft\u0131r\u0131lm\u0131\u015f ve sesi bo\u011fulmu\u015f Yerli halklar\u0131n \u00f6zelinde b\u00fc-t\u00fcn s\u00f6m\u00fcrgelilerin derinden gelen \u00e7\u0131\u011fl\u0131\u011f\u0131na ayna tutuyor. Bu ba\u011flamda iktidarlarca s\u00f6m\u00fcrgecili\u011fin yap\u0131<span class=\"excerpt-hellip\"> [\u2026]<\/span><\/p>\n","protected":false},"featured_media":0,"template":"","meta":{"_monsterinsights_skip_tracking":false,"_monsterinsights_sitenote_active":false,"_monsterinsights_sitenote_note":"","_monsterinsights_sitenote_category":0},"product_brand":[],"product_cat":[12718],"product_tag":[],"class_list":{"0":"post-775257","1":"product","2":"type-product","3":"status-publish","5":"product_cat-din","6":"pa_cilt-ciltsiz","7":"pa_tur-kitap","8":"pa_yayinevi-dipnot-yayinlari","9":"pa_yazar-fatih-cicek","11":"first","12":"instock","13":"sale","14":"shipping-taxable","15":"purchasable","16":"product-type-simple"},"_links":{"self":[{"href":"https:\/\/roveyayinevi.com.tr\/index.php\/wp-json\/wp\/v2\/product\/775257","targetHints":{"allow":["GET"]}}],"collection":[{"href":"https:\/\/roveyayinevi.com.tr\/index.php\/wp-json\/wp\/v2\/product"}],"about":[{"href":"https:\/\/roveyayinevi.com.tr\/index.php\/wp-json\/wp\/v2\/types\/product"}],"wp:attachment":[{"href":"https:\/\/roveyayinevi.com.tr\/index.php\/wp-json\/wp\/v2\/media?parent=775257"}],"wp:term":[{"taxonomy":"product_brand","embeddable":true,"href":"https:\/\/roveyayinevi.com.tr\/index.php\/wp-json\/wp\/v2\/product_brand?post=775257"},{"taxonomy":"product_cat","embeddable":true,"href":"https:\/\/roveyayinevi.com.tr\/index.php\/wp-json\/wp\/v2\/product_cat?post=775257"},{"taxonomy":"product_tag","embeddable":true,"href":"https:\/\/roveyayinevi.com.tr\/index.php\/wp-json\/wp\/v2\/product_tag?post=775257"}],"curies":[{"name":"wp","href":"https:\/\/api.w.org\/{rel}","templated":true}]}}