{"id":775245,"date":"2025-09-09T18:37:21","date_gmt":"2025-09-09T15:37:21","guid":{"rendered":"https:\/\/roveyayinevi.com.tr\/index.php\/urun\/babamin-koyunde\/"},"modified":"2026-04-15T03:41:43","modified_gmt":"2026-04-15T00:41:43","slug":"babamin-koyunde","status":"publish","type":"product","link":"https:\/\/roveyayinevi.com.tr\/index.php\/urun\/babamin-koyunde\/","title":{"rendered":"Babam\u0131n K\u00f6y\u00fcnde"},"content":{"rendered":"<p>K\u0131rlarda bir g\u00fcn kendine rastlayabilir insan&#8230; Frans\u0131z edebiyat\u0131n\u0131n \u00f6d\u00fcll\u00fc yazarlar\u0131ndan Jean-Philippe Arrou-Vignod&#8217;nun, T\u00fcrk\u00e7e&#8217;deki ilk roman\u0131 bir \u201cb\u00fcy\u00fcme\u201d yolculu\u011funu anlat\u0131yor. G\u00fc\u00e7lenip y\u00fckseklere uzanmaya, ev \u00f6zlemine dayanmaya, beklenmedik de\u011fi\u015fimlerle ba\u015f etmeye ve en \u00f6nemlisi, sakl\u0131 yetenekleri ke\u015ffetmeye \u00e7a\u011f\u0131r\u0131yor. \u0130\u00e7ten ve muzip diliyle g\u00fcl\u00fcmseten roman, havan\u0131n, suyun, arkada\u015fl\u0131\u011f\u0131n, sevginin ve yeni heyecanlar\u0131n yard\u0131m\u0131yla s\u0131n\u0131rlar\u0131n a\u015f\u0131labilece\u011fini g\u00f6steriyor.Aile sorunlar\u0131ndan bunalan L\u00e9o&#8217;nun boyu bir santim bile uzamaz. S\u0131n\u0131f\u0131n\u0131 da ge\u00e7emeyince anne babas\u0131 \u00e7areyi onu babaannesinin yan\u0131na, k\u00f6ye yollamakta bulur. Ama L\u00e9o&#8217;nun plan\u0131 haz\u0131rd\u0131r: Babaannesini \u00e7ileden \u00e7\u0131kar\u0131p eve geri postalanmak! Terslenir, etrafta dolanan \u00e7ocuklara tuzaklar kurar, dedesinin at\u00f6lyesini kurcalar. Okulun satran\u00e7 merakl\u0131s\u0131 \u00f6\u011fretmeni Bay Litvak&#8217;\u0131n ziyaretinde kendiyle ilgili hi\u00e7 bilmedi\u011fi bir \u015fey ke\u015ffeder! Yoksa \u00e7ekilmez, tembel L\u00e9o ger\u00e7ek bir yetene\u011fe mi sahiptir?.. <\/p>\n","protected":false},"excerpt":{"rendered":"<p>K\u0131rlarda bir g\u00fcn kendine rastlayabilir insan&#8230; Frans\u0131z edebiyat\u0131n\u0131n \u00f6d\u00fcll\u00fc yazarlar\u0131ndan Jean-Philippe Arrou-Vignod&#8217;nun, T\u00fcrk\u00e7e&#8217;deki ilk roman\u0131 bir \u201cb\u00fcy\u00fcme\u201d yolculu\u011funu anlat\u0131yor. G\u00fc\u00e7lenip y\u00fckseklere uzanmaya, ev \u00f6zlemine dayanmaya, beklenmedik<span class=\"excerpt-hellip\"> [\u2026]<\/span><\/p>\n","protected":false},"featured_media":0,"template":"","meta":{"_monsterinsights_skip_tracking":false,"_monsterinsights_sitenote_active":false,"_monsterinsights_sitenote_note":"","_monsterinsights_sitenote_category":0},"product_brand":[],"product_cat":[12274,12284],"product_tag":[],"class_list":{"0":"post-775245","1":"product","2":"type-product","3":"status-publish","5":"product_cat-cocuk-ve-genclik-kitaplari","6":"product_cat-hikayeler","7":"pa_cilt-ciltsiz","8":"pa_tur-kitap","9":"pa_yayinevi-gunisigi-kitapligi","10":"pa_yazar-jean-philippe-arrou-vignod","12":"first","13":"instock","14":"sale","15":"shipping-taxable","16":"purchasable","17":"product-type-simple"},"_links":{"self":[{"href":"https:\/\/roveyayinevi.com.tr\/index.php\/wp-json\/wp\/v2\/product\/775245","targetHints":{"allow":["GET"]}}],"collection":[{"href":"https:\/\/roveyayinevi.com.tr\/index.php\/wp-json\/wp\/v2\/product"}],"about":[{"href":"https:\/\/roveyayinevi.com.tr\/index.php\/wp-json\/wp\/v2\/types\/product"}],"wp:attachment":[{"href":"https:\/\/roveyayinevi.com.tr\/index.php\/wp-json\/wp\/v2\/media?parent=775245"}],"wp:term":[{"taxonomy":"product_brand","embeddable":true,"href":"https:\/\/roveyayinevi.com.tr\/index.php\/wp-json\/wp\/v2\/product_brand?post=775245"},{"taxonomy":"product_cat","embeddable":true,"href":"https:\/\/roveyayinevi.com.tr\/index.php\/wp-json\/wp\/v2\/product_cat?post=775245"},{"taxonomy":"product_tag","embeddable":true,"href":"https:\/\/roveyayinevi.com.tr\/index.php\/wp-json\/wp\/v2\/product_tag?post=775245"}],"curies":[{"name":"wp","href":"https:\/\/api.w.org\/{rel}","templated":true}]}}