{"id":775244,"date":"2025-09-09T18:37:20","date_gmt":"2025-09-09T15:37:20","guid":{"rendered":"https:\/\/roveyayinevi.com.tr\/index.php\/urun\/tek-parti-doneminde-karikaturlerle-burokrasi-algisi-akbaba-dergisi-ornegi\/"},"modified":"2026-04-15T03:41:43","modified_gmt":"2026-04-15T00:41:43","slug":"tek-parti-doneminde-karikaturlerle-burokrasi-algisi-akbaba-dergisi-ornegi","status":"publish","type":"product","link":"https:\/\/roveyayinevi.com.tr\/index.php\/urun\/tek-parti-doneminde-karikaturlerle-burokrasi-algisi-akbaba-dergisi-ornegi\/","title":{"rendered":"Tek Parti D\u00f6neminde Karikat\u00fcrlerle B\u00fcrokrasi Alg\u0131s\u0131: Akbaba Dergisi \u00d6rne\u011fi"},"content":{"rendered":"<p>\u0130\u00e7indekiler :          1. G\u0130R\u0130\u015e               2. B\u00dcROKRAS\u0130 OLGUSU          3. MODERNLE\u015eME VE MODERN\u0130TE BA\u011eLAMINDA OSMANLI\u2019DAN T\u00dcRK\u0130YE             CUMHUR\u0130YET\u0130\u2019NE B\u00dcROKRAT\u0130K YAPININ GEL\u0130\u015e\u0130M\u0130          4. Y\u00d6NTEM          5. BULGULAR       <\/p>\n","protected":false},"excerpt":{"rendered":"<p>\u0130\u00e7indekiler : 1. G\u0130R\u0130\u015e 2. B\u00dcROKRAS\u0130 OLGUSU 3. MODERNLE\u015eME VE MODERN\u0130TE BA\u011eLAMINDA OSMANLI\u2019DAN T\u00dcRK\u0130YE CUMHUR\u0130YET\u0130\u2019NE B\u00dcROKRAT\u0130K YAPININ GEL\u0130\u015e\u0130M\u0130 4. Y\u00d6NTEM 5. BULGULAR<\/p>\n","protected":false},"featured_media":0,"template":"","meta":{"_monsterinsights_skip_tracking":false,"_monsterinsights_sitenote_active":false,"_monsterinsights_sitenote_note":"","_monsterinsights_sitenote_category":0},"product_brand":[],"product_cat":[20333,13043],"product_tag":[],"class_list":{"0":"post-775244","1":"product","2":"type-product","3":"status-publish","5":"product_cat-diger-ekonomi","6":"product_cat-ekonomi","7":"pa_cilt-ciltsiz","8":"pa_tur-kitap","9":"pa_yayinevi-gazi-kitabevi","10":"pa_yazar-cemile-burcu-kartal-adnan-karatas","12":"first","13":"instock","14":"sale","15":"shipping-taxable","16":"purchasable","17":"product-type-simple"},"_links":{"self":[{"href":"https:\/\/roveyayinevi.com.tr\/index.php\/wp-json\/wp\/v2\/product\/775244","targetHints":{"allow":["GET"]}}],"collection":[{"href":"https:\/\/roveyayinevi.com.tr\/index.php\/wp-json\/wp\/v2\/product"}],"about":[{"href":"https:\/\/roveyayinevi.com.tr\/index.php\/wp-json\/wp\/v2\/types\/product"}],"wp:attachment":[{"href":"https:\/\/roveyayinevi.com.tr\/index.php\/wp-json\/wp\/v2\/media?parent=775244"}],"wp:term":[{"taxonomy":"product_brand","embeddable":true,"href":"https:\/\/roveyayinevi.com.tr\/index.php\/wp-json\/wp\/v2\/product_brand?post=775244"},{"taxonomy":"product_cat","embeddable":true,"href":"https:\/\/roveyayinevi.com.tr\/index.php\/wp-json\/wp\/v2\/product_cat?post=775244"},{"taxonomy":"product_tag","embeddable":true,"href":"https:\/\/roveyayinevi.com.tr\/index.php\/wp-json\/wp\/v2\/product_tag?post=775244"}],"curies":[{"name":"wp","href":"https:\/\/api.w.org\/{rel}","templated":true}]}}