{"id":775243,"date":"2025-09-09T18:37:18","date_gmt":"2025-09-09T15:37:18","guid":{"rendered":"https:\/\/roveyayinevi.com.tr\/index.php\/urun\/bitmeyen-sticker-tuvalet-zamani\/"},"modified":"2026-04-15T03:41:43","modified_gmt":"2026-04-15T00:41:43","slug":"bitmeyen-sticker-tuvalet-zamani","status":"publish","type":"product","link":"https:\/\/roveyayinevi.com.tr\/index.php\/urun\/bitmeyen-sticker-tuvalet-zamani\/","title":{"rendered":"Bitmeyen Sticker &#8211; Tuvalet Zaman\u0131"},"content":{"rendered":"<p>Tuvalet ve Temizlik E\u011fitimi Art\u0131k \u00c7ok Kolay ve E\u011flenceli! \u00c7ocu\u011funuzun tuvalet al\u0131\u015fkanl\u0131\u011f\u0131 kazanmas\u0131 ve ki\u015fisel temizli\u011fini \u00f6\u011frenmesi bazen zorlu bir s\u00fcre\u00e7 olabilir. Peki ya bu s\u00fcreci hem e\u011flenceli hem de interaktif bir maceraya d\u00f6n\u00fc\u015ft\u00fcrebilirsek? \u0130\u015fte tam da bu noktada &#8220;Tuvalet Zaman\u0131&#8221; kitab\u0131m\u0131z devreye giriyor! Bu \u00f6zel kitap, okul \u00f6ncesi d\u00f6nem \u00e7ocuklar\u0131 i\u00e7in tasarland\u0131. \u0130\u00e7indeki bitmeyen \u00e7\u0131kartmalar sayesinde, \u00e7ocu\u011funuz tuvalet ad\u0131mlar\u0131n\u0131, el y\u0131kama, banyo malzemeleri ve \u00f6nemli temizlik al\u0131\u015fkanl\u0131klar\u0131n\u0131 severek \u00f6\u011frenecek. Tekrar tekrar kullanabilece\u011fi \u00e7\u0131kartmalar, her yeni sayfada farkl\u0131 bir ke\u015fif sunarak \u00f6\u011frenme s\u00fcrecini dinamik ve s\u0131k\u0131lmadan ilerletecek. \u00c7ocu\u011funuz bu kitapla: \u25c6 Tuvalet al\u0131\u015fkanl\u0131\u011f\u0131n\u0131 e\u011flenceli bir oyun gibi deneyimleyecek. \u25c6 El y\u0131kaman\u0131n ve banyo yapman\u0131n neden \u00f6nemli oldu\u011funu anlayacak. \u25c6 Ki\u015fisel temizlik becerilerini geli\u015ftirirken \u00f6zg\u00fcven kazanacak.  Pedagoglar\u0131n \u00f6nerileriyle haz\u0131rlanan bu kitap, ebeveynlere de rehberlik ederek tuvalet e\u011fitimini keyifli bir i\u015f birli\u011fine d\u00f6n\u00fc\u015ft\u00fcrmeyi hedefliyor. \u00c7ocu\u011funuzun sa\u011fl\u0131kl\u0131 al\u0131\u015fkanl\u0131klar kazanmas\u0131na destek olmak i\u00e7in bu harika kitab\u0131 onunla birlikte deneyimlemeye haz\u0131r m\u0131s\u0131n\u0131z? Minik kahraman\u0131n\u0131zla birlikte temizlik maceras\u0131na at\u0131l\u0131n! <\/p>\n","protected":false},"excerpt":{"rendered":"<p>Tuvalet ve Temizlik E\u011fitimi Art\u0131k \u00c7ok Kolay ve E\u011flenceli! \u00c7ocu\u011funuzun tuvalet al\u0131\u015fkanl\u0131\u011f\u0131 kazanmas\u0131 ve ki\u015fisel temizli\u011fini \u00f6\u011frenmesi bazen zorlu bir s\u00fcre\u00e7 olabilir. Peki ya bu s\u00fcreci<span class=\"excerpt-hellip\"> [\u2026]<\/span><\/p>\n","protected":false},"featured_media":0,"template":"","meta":{"_monsterinsights_skip_tracking":false,"_monsterinsights_sitenote_active":false,"_monsterinsights_sitenote_note":"","_monsterinsights_sitenote_category":0},"product_brand":[],"product_cat":[12554,12274],"product_tag":[],"class_list":{"0":"post-775243","1":"product","2":"type-product","3":"status-publish","5":"product_cat-cikartmali-kitaplar","6":"product_cat-cocuk-ve-genclik-kitaplari","7":"pa_cilt-ciltsiz","8":"pa_tur-kitap","9":"pa_yayinevi-bicirik-yayinlari","10":"pa_yazar-erdi-dogan","12":"first","13":"instock","14":"sale","15":"shipping-taxable","16":"purchasable","17":"product-type-simple"},"_links":{"self":[{"href":"https:\/\/roveyayinevi.com.tr\/index.php\/wp-json\/wp\/v2\/product\/775243","targetHints":{"allow":["GET"]}}],"collection":[{"href":"https:\/\/roveyayinevi.com.tr\/index.php\/wp-json\/wp\/v2\/product"}],"about":[{"href":"https:\/\/roveyayinevi.com.tr\/index.php\/wp-json\/wp\/v2\/types\/product"}],"wp:attachment":[{"href":"https:\/\/roveyayinevi.com.tr\/index.php\/wp-json\/wp\/v2\/media?parent=775243"}],"wp:term":[{"taxonomy":"product_brand","embeddable":true,"href":"https:\/\/roveyayinevi.com.tr\/index.php\/wp-json\/wp\/v2\/product_brand?post=775243"},{"taxonomy":"product_cat","embeddable":true,"href":"https:\/\/roveyayinevi.com.tr\/index.php\/wp-json\/wp\/v2\/product_cat?post=775243"},{"taxonomy":"product_tag","embeddable":true,"href":"https:\/\/roveyayinevi.com.tr\/index.php\/wp-json\/wp\/v2\/product_tag?post=775243"}],"curies":[{"name":"wp","href":"https:\/\/api.w.org\/{rel}","templated":true}]}}