{"id":775241,"date":"2025-09-09T18:37:14","date_gmt":"2025-09-09T15:37:14","guid":{"rendered":"https:\/\/roveyayinevi.com.tr\/index.php\/urun\/bir-oyun-oynayalim-farkli-olani-bulalim-ciltli\/"},"modified":"2026-04-15T03:41:43","modified_gmt":"2026-04-15T00:41:43","slug":"bir-oyun-oynayalim-farkli-olani-bulalim-ciltli","status":"publish","type":"product","link":"https:\/\/roveyayinevi.com.tr\/index.php\/urun\/bir-oyun-oynayalim-farkli-olani-bulalim-ciltli\/","title":{"rendered":"Bir Oyun Oynayal\u0131m, Farkl\u0131 Olan\u0131 Bulal\u0131m! (Ciltli)"},"content":{"rendered":"<p>Bir Oyun Oynayal\u0131m, Farkl\u0131 Olan\u0131 Bulal\u0131m!   Bu kitab\u0131n sayfalar\u0131 aras\u0131nda saklanan pek \u00e7ok hayvan var. Odaklan\u0131n ve g\u00f6zlerinizi d\u00f6rt a\u00e7\u0131n. Hadi \u015fimdi bir oyun oynayal\u0131m ve farkl\u0131 olan\u0131 bulal\u0131m! <\/p>\n","protected":false},"excerpt":{"rendered":"<p>Bir Oyun Oynayal\u0131m, Farkl\u0131 Olan\u0131 Bulal\u0131m! Bu kitab\u0131n sayfalar\u0131 aras\u0131nda saklanan pek \u00e7ok hayvan var. Odaklan\u0131n ve g\u00f6zlerinizi d\u00f6rt a\u00e7\u0131n. Hadi \u015fimdi bir oyun oynayal\u0131m ve<span class=\"excerpt-hellip\"> [\u2026]<\/span><\/p>\n","protected":false},"featured_media":0,"template":"","meta":{"_monsterinsights_skip_tracking":false,"_monsterinsights_sitenote_active":false,"_monsterinsights_sitenote_note":"","_monsterinsights_sitenote_category":0},"product_brand":[],"product_cat":[12274,12518],"product_tag":[],"class_list":{"0":"post-775241","1":"product","2":"type-product","3":"status-publish","5":"product_cat-cocuk-ve-genclik-kitaplari","6":"product_cat-okul-oncesi-kitaplar","7":"pa_cilt-ciltli","8":"pa_tur-kitap","9":"pa_yayinevi-yapi-kredi-yayinlari","10":"pa_yazar-edicare-editora-lda","12":"first","13":"instock","14":"sale","15":"shipping-taxable","16":"purchasable","17":"product-type-simple"},"_links":{"self":[{"href":"https:\/\/roveyayinevi.com.tr\/index.php\/wp-json\/wp\/v2\/product\/775241","targetHints":{"allow":["GET"]}}],"collection":[{"href":"https:\/\/roveyayinevi.com.tr\/index.php\/wp-json\/wp\/v2\/product"}],"about":[{"href":"https:\/\/roveyayinevi.com.tr\/index.php\/wp-json\/wp\/v2\/types\/product"}],"wp:attachment":[{"href":"https:\/\/roveyayinevi.com.tr\/index.php\/wp-json\/wp\/v2\/media?parent=775241"}],"wp:term":[{"taxonomy":"product_brand","embeddable":true,"href":"https:\/\/roveyayinevi.com.tr\/index.php\/wp-json\/wp\/v2\/product_brand?post=775241"},{"taxonomy":"product_cat","embeddable":true,"href":"https:\/\/roveyayinevi.com.tr\/index.php\/wp-json\/wp\/v2\/product_cat?post=775241"},{"taxonomy":"product_tag","embeddable":true,"href":"https:\/\/roveyayinevi.com.tr\/index.php\/wp-json\/wp\/v2\/product_tag?post=775241"}],"curies":[{"name":"wp","href":"https:\/\/api.w.org\/{rel}","templated":true}]}}