{"id":775238,"date":"2025-09-09T18:37:10","date_gmt":"2025-09-09T15:37:10","guid":{"rendered":"https:\/\/roveyayinevi.com.tr\/index.php\/urun\/abide\/"},"modified":"2026-04-15T03:41:43","modified_gmt":"2026-04-15T00:41:43","slug":"abide","status":"publish","type":"product","link":"https:\/\/roveyayinevi.com.tr\/index.php\/urun\/abide\/","title":{"rendered":"Abide"},"content":{"rendered":"<p>Vernon ailesinin gen\u00e7, \u00f6zg\u00fcvensiz veliaht\u0131 Eric, Birinci D\u00fcnya Sava\u015f\u0131\u2019n\u0131n ard\u0131ndan, g\u00f6rkemli aile evinin simgeledi\u011fi k\u00f6kl\u00fc ya\u015fam tarz\u0131na duydu\u011fu sadakatle yeni bir ya\u015fama duydu\u011fu \u00f6zlem aras\u0131nda bocalamaktad\u0131r. Sava\u015fta \u00f6lm\u00fc\u015f babas\u0131n\u0131n an\u0131s\u0131 ve dul annesinin kederi onu gelenekler ve al\u0131\u015fkanl\u0131klarla dolu eski ya\u015fama \u00e7a\u011f\u0131r\u0131r. Yeni ve daha \u00f6zg\u00fcr bir ya\u015fam\u0131n nabz\u0131 ise ailenin \u00f6b\u00fcr kanad\u0131 olan Scriven\u2019lar\u0131n evinde, bir de babas\u0131n\u0131n en yak\u0131n dostu Edward Blake\u2019i \u00e7evreleyen gizemde atmaktad\u0131r. 1920\u2019li y\u0131llar\u0131 \u00e7izgisel olmayan bir anlat\u0131mla kateden ve t\u00fcm karakterlerinin bilin\u00e7lerine u\u011frayarak ilerleyen Abide, eski kesinliklerin kayboldu\u011fu bir \u00e7a\u011fda kaderlerini arayan insanlar\u0131n ve \u00e7\u00f6z\u00fclmekte olan bir ailenin hik\u00e2yesidir. Christopher Isherwood\u2019un erken d\u00f6nem romanlar\u0131ndan Abide, Birinci D\u00fcnya Sava\u015f\u0131\u2019n\u0131n ard\u0131ndan derin bir d\u00f6n\u00fc\u015f\u00fcm ge\u00e7iren \u0130ngiliz toplumunun canl\u0131 bir portresini \u00e7iziyor.   \u00c7a\u011f\u0131n\u0131n \u00f6zg\u00fcn bir yorumu.                  Frank Kermode   Ba\u015f d\u00f6nd\u00fcr\u00fcc\u00fc\u2026 \u0130nce zek\u00e2s\u0131, mizah\u0131, \u00fcslubunun cazibesi ve hik\u00e2yecilik becerisiyle \u00f6ne \u00e7\u0131k\u0131yor.                                The Guardian <\/p>\n","protected":false},"excerpt":{"rendered":"<p>Vernon ailesinin gen\u00e7, \u00f6zg\u00fcvensiz veliaht\u0131 Eric, Birinci D\u00fcnya Sava\u015f\u0131\u2019n\u0131n ard\u0131ndan, g\u00f6rkemli aile evinin simgeledi\u011fi k\u00f6kl\u00fc ya\u015fam tarz\u0131na duydu\u011fu sadakatle yeni bir ya\u015fama duydu\u011fu \u00f6zlem aras\u0131nda bocalamaktad\u0131r.<span class=\"excerpt-hellip\"> [\u2026]<\/span><\/p>\n","protected":false},"featured_media":0,"template":"","meta":{"_monsterinsights_skip_tracking":false,"_monsterinsights_sitenote_active":false,"_monsterinsights_sitenote_note":"","_monsterinsights_sitenote_category":0},"product_brand":[],"product_cat":[141304],"product_tag":[],"class_list":{"0":"post-775238","1":"product","2":"type-product","3":"status-publish","5":"product_cat-yeni-cikanlar","6":"pa_cilt-ciltsiz","7":"pa_tur-kitap","8":"pa_yayinevi-yapi-kredi-yayinlari","9":"pa_yazar-christopher-isherwood","11":"first","12":"instock","13":"sale","14":"shipping-taxable","15":"purchasable","16":"product-type-simple"},"_links":{"self":[{"href":"https:\/\/roveyayinevi.com.tr\/index.php\/wp-json\/wp\/v2\/product\/775238","targetHints":{"allow":["GET"]}}],"collection":[{"href":"https:\/\/roveyayinevi.com.tr\/index.php\/wp-json\/wp\/v2\/product"}],"about":[{"href":"https:\/\/roveyayinevi.com.tr\/index.php\/wp-json\/wp\/v2\/types\/product"}],"wp:attachment":[{"href":"https:\/\/roveyayinevi.com.tr\/index.php\/wp-json\/wp\/v2\/media?parent=775238"}],"wp:term":[{"taxonomy":"product_brand","embeddable":true,"href":"https:\/\/roveyayinevi.com.tr\/index.php\/wp-json\/wp\/v2\/product_brand?post=775238"},{"taxonomy":"product_cat","embeddable":true,"href":"https:\/\/roveyayinevi.com.tr\/index.php\/wp-json\/wp\/v2\/product_cat?post=775238"},{"taxonomy":"product_tag","embeddable":true,"href":"https:\/\/roveyayinevi.com.tr\/index.php\/wp-json\/wp\/v2\/product_tag?post=775238"}],"curies":[{"name":"wp","href":"https:\/\/api.w.org\/{rel}","templated":true}]}}