{"id":775236,"date":"2025-09-09T18:37:07","date_gmt":"2025-09-09T15:37:07","guid":{"rendered":"https:\/\/roveyayinevi.com.tr\/index.php\/urun\/potter-cep-kitaplari-ron-weasley-ciltli\/"},"modified":"2026-04-15T03:41:43","modified_gmt":"2026-04-15T00:41:43","slug":"potter-cep-kitaplari-ron-weasley-ciltli","status":"publish","type":"product","link":"https:\/\/roveyayinevi.com.tr\/index.php\/urun\/potter-cep-kitaplari-ron-weasley-ciltli\/","title":{"rendered":"Potter Cep Kitaplar\u0131 \u2013 Ron Weasley (Ciltli)"},"content":{"rendered":"<p>RON\u2019un ka\u00e7 abisi var? WEASLEY A\u0130LES\u0130 nerede ya\u015f\u0131yor ve bir bah\u00e7e yer c\u00fccelerinden nas\u0131l temizlenir?   Ron Weasley\u2019ye dair b\u00fct\u00fcn bu ayr\u0131nt\u0131lar\u0131 ve \u00e7ok daha fazlas\u0131n\u0131 bu kitapta ke\u015ffedebilirsiniz! POTTER CEP K\u0130TAPLARI mutlaka edinmeniz gereken, hatta koleksiyonunu yapabilece\u011finiz, Harry Potter hik\u00e2yeleri i\u00e7in haz\u0131rlanm\u0131\u015f k\u00fc\u00e7\u00fck rehberlerdir. Weasley \u015fakalar\u0131na, b\u00fcy\u00fcc\u00fc sporlar\u0131na, Hogwarts \u015f\u00f6lenlerine ve bir ev dolusu unutulmaz evcil hayvanla tan\u0131\u015fmaya haz\u0131r olun&#8230; Sihir ve muziplik bu kitapta! <\/p>\n","protected":false},"excerpt":{"rendered":"<p>RON\u2019un ka\u00e7 abisi var? WEASLEY A\u0130LES\u0130 nerede ya\u015f\u0131yor ve bir bah\u00e7e yer c\u00fccelerinden nas\u0131l temizlenir? Ron Weasley\u2019ye dair b\u00fct\u00fcn bu ayr\u0131nt\u0131lar\u0131 ve \u00e7ok daha fazlas\u0131n\u0131 bu<span class=\"excerpt-hellip\"> [\u2026]<\/span><\/p>\n","protected":false},"featured_media":0,"template":"","meta":{"_monsterinsights_skip_tracking":false,"_monsterinsights_sitenote_active":false,"_monsterinsights_sitenote_note":"","_monsterinsights_sitenote_category":0},"product_brand":[],"product_cat":[12274,12518],"product_tag":[],"class_list":{"0":"post-775236","1":"product","2":"type-product","3":"status-publish","5":"product_cat-cocuk-ve-genclik-kitaplari","6":"product_cat-okul-oncesi-kitaplar","7":"pa_cilt-ciltli","8":"pa_tur-kitap","9":"pa_yayinevi-yapi-kredi-yayinlari","10":"pa_yazar-j-k-rowling","12":"first","13":"instock","14":"sale","15":"shipping-taxable","16":"purchasable","17":"product-type-simple"},"_links":{"self":[{"href":"https:\/\/roveyayinevi.com.tr\/index.php\/wp-json\/wp\/v2\/product\/775236","targetHints":{"allow":["GET"]}}],"collection":[{"href":"https:\/\/roveyayinevi.com.tr\/index.php\/wp-json\/wp\/v2\/product"}],"about":[{"href":"https:\/\/roveyayinevi.com.tr\/index.php\/wp-json\/wp\/v2\/types\/product"}],"wp:attachment":[{"href":"https:\/\/roveyayinevi.com.tr\/index.php\/wp-json\/wp\/v2\/media?parent=775236"}],"wp:term":[{"taxonomy":"product_brand","embeddable":true,"href":"https:\/\/roveyayinevi.com.tr\/index.php\/wp-json\/wp\/v2\/product_brand?post=775236"},{"taxonomy":"product_cat","embeddable":true,"href":"https:\/\/roveyayinevi.com.tr\/index.php\/wp-json\/wp\/v2\/product_cat?post=775236"},{"taxonomy":"product_tag","embeddable":true,"href":"https:\/\/roveyayinevi.com.tr\/index.php\/wp-json\/wp\/v2\/product_tag?post=775236"}],"curies":[{"name":"wp","href":"https:\/\/api.w.org\/{rel}","templated":true}]}}